{"id":7434,"date":"2023-06-09T23:07:38","date_gmt":"2023-06-09T23:07:38","guid":{"rendered":"https:\/\/kindart.is\/?post_type=product&#038;p=7434"},"modified":"2023-06-09T23:07:38","modified_gmt":"2023-06-09T23:07:38","slug":"lomb-ad-leik-i-fjoru-lambs-playing-at-the-shore-40x50-cm","status":"publish","type":"product","link":"https:\/\/kindart.is\/en\/vara\/lomb-ad-leik-i-fjoru-lambs-playing-at-the-shore-40x50-cm\/","title":{"rendered":"L\u00f6mb a\u00f0 leik \u00ed fj\u00f6ru \/ Lambs playing at the shore (40&#215;50 cm)"},"content":{"rendered":"<p>Akr\u00fdl \/ bl\u00f6ndu\u00f0 t\u00e6kni \u00e1 striga, 40&#215;50 cm<\/p>\n<p>Acryl \/ mixed media on canvas, 40&#215;50 cm<\/p>\n<p>(2023)<\/p>\n","protected":false},"excerpt":{"rendered":"<p>Akr\u00fdl \/ bl\u00f6ndu\u00f0 t\u00e6kni \u00e1 striga, 40&#215;50 cm Acryl \/ mixed media on canvas, 40&#215;50 cm (2023)<\/p>\n","protected":false},"featured_media":7435,"template":"","meta":{"slim_seo":{"title":"L\u00f6mb a\u00f0 leik \u00ed fj\u00f6ru \/ Lambs playing at the shore (40x50 cm) - KindArt","description":"Akr\u00fdl \/ bl\u00f6ndu\u00f0 t\u00e6kni \u00e1 striga, 40x50 cm Acryl \/ mixed media on canvas, 40x50 cm (2023)"}},"product_brand":[],"product_cat":[56],"product_tag":[],"class_list":{"0":"post-7434","1":"product","2":"type-product","3":"status-publish","4":"has-post-thumbnail","6":"product_cat-listaverk","7":"product_shipping_class-midlungs","9":"first","10":"instock","11":"purchasable","12":"product-type-simple"},"_links":{"self":[{"href":"https:\/\/kindart.is\/en\/wp-json\/wp\/v2\/product\/7434","targetHints":{"allow":["GET"]}}],"collection":[{"href":"https:\/\/kindart.is\/en\/wp-json\/wp\/v2\/product"}],"about":[{"href":"https:\/\/kindart.is\/en\/wp-json\/wp\/v2\/types\/product"}],"wp:featuredmedia":[{"embeddable":true,"href":"https:\/\/kindart.is\/en\/wp-json\/wp\/v2\/media\/7435"}],"wp:attachment":[{"href":"https:\/\/kindart.is\/en\/wp-json\/wp\/v2\/media?parent=7434"}],"wp:term":[{"taxonomy":"product_brand","embeddable":true,"href":"https:\/\/kindart.is\/en\/wp-json\/wp\/v2\/product_brand?post=7434"},{"taxonomy":"product_cat","embeddable":true,"href":"https:\/\/kindart.is\/en\/wp-json\/wp\/v2\/product_cat?post=7434"},{"taxonomy":"product_tag","embeddable":true,"href":"https:\/\/kindart.is\/en\/wp-json\/wp\/v2\/product_tag?post=7434"}],"curies":[{"name":"wp","href":"https:\/\/api.w.org\/{rel}","templated":true}]}}