{"id":7441,"date":"2023-06-15T16:20:34","date_gmt":"2023-06-15T16:20:34","guid":{"rendered":"https:\/\/kindart.is\/?post_type=product&#038;p=7441"},"modified":"2023-06-15T16:20:35","modified_gmt":"2023-06-15T16:20:35","slug":"kalli-og-kamilla-charles-and-camilla-40x40-cm","status":"publish","type":"product","link":"https:\/\/kindart.is\/en\/vara\/kalli-og-kamilla-charles-and-camilla-40x40-cm\/","title":{"rendered":"Kalli og Kamilla \/ Charles and Camilla (40&#215;40 cm)"},"content":{"rendered":"<p>Akr\u00fdl \/ bl\u00f6ndu\u00f0 t\u00e6kni \u00e1 striga, 40&#215;40 cm<\/p>\n<p>Acryl \/ mixed media on canvas, 40&#215;40 cm<\/p>\n<p>(2023)<\/p>\n","protected":false},"excerpt":{"rendered":"<p>Akr\u00fdl \/ bl\u00f6ndu\u00f0 t\u00e6kni \u00e1 striga, 40&#215;40 cm Acryl \/ mixed media on canvas, 40&#215;40 cm (2023)<\/p>\n","protected":false},"featured_media":7442,"template":"","meta":{"slim_seo":{"title":"Kalli og Kamilla \/ Charles and Camilla (40x40 cm) - KindArt","description":"Akr\u00fdl \/ bl\u00f6ndu\u00f0 t\u00e6kni \u00e1 striga, 40x40 cm Acryl \/ mixed media on canvas, 40x40 cm (2023)"}},"product_brand":[],"product_cat":[56],"product_tag":[],"class_list":{"0":"post-7441","1":"product","2":"type-product","3":"status-publish","4":"has-post-thumbnail","6":"product_cat-listaverk","7":"product_shipping_class-midlungs","9":"first","10":"instock","11":"purchasable","12":"product-type-simple"},"_links":{"self":[{"href":"https:\/\/kindart.is\/en\/wp-json\/wp\/v2\/product\/7441","targetHints":{"allow":["GET"]}}],"collection":[{"href":"https:\/\/kindart.is\/en\/wp-json\/wp\/v2\/product"}],"about":[{"href":"https:\/\/kindart.is\/en\/wp-json\/wp\/v2\/types\/product"}],"wp:featuredmedia":[{"embeddable":true,"href":"https:\/\/kindart.is\/en\/wp-json\/wp\/v2\/media\/7442"}],"wp:attachment":[{"href":"https:\/\/kindart.is\/en\/wp-json\/wp\/v2\/media?parent=7441"}],"wp:term":[{"taxonomy":"product_brand","embeddable":true,"href":"https:\/\/kindart.is\/en\/wp-json\/wp\/v2\/product_brand?post=7441"},{"taxonomy":"product_cat","embeddable":true,"href":"https:\/\/kindart.is\/en\/wp-json\/wp\/v2\/product_cat?post=7441"},{"taxonomy":"product_tag","embeddable":true,"href":"https:\/\/kindart.is\/en\/wp-json\/wp\/v2\/product_tag?post=7441"}],"curies":[{"name":"wp","href":"https:\/\/api.w.org\/{rel}","templated":true}]}}