{"id":7444,"date":"2023-06-15T18:06:19","date_gmt":"2023-06-15T18:06:19","guid":{"rendered":"https:\/\/kindart.is\/?post_type=product&#038;p=7444"},"modified":"2023-06-15T18:06:19","modified_gmt":"2023-06-15T18:06:19","slug":"tadbrandur-trabant-mr-trabant-30x60-cm","status":"publish","type":"product","link":"https:\/\/kindart.is\/en\/vara\/tadbrandur-trabant-mr-trabant-30x60-cm\/","title":{"rendered":"Ta\u00f0brandur Trabant \/ Mr Trabant (30&#215;60 cm)"},"content":{"rendered":"<p>Akr\u00fdl \/ bl\u00f6ndu\u00f0 t\u00e6kni \u00e1 striga, 30&#215;60 cm<\/p>\n<p>Acryl \/ mixed media on canvas, 30&#215;60 cm<\/p>\n<p>(2023)<\/p>\n","protected":false},"excerpt":{"rendered":"<p>Akr\u00fdl \/ bl\u00f6ndu\u00f0 t\u00e6kni \u00e1 striga, 30&#215;60 cm Acryl \/ mixed media on canvas, 30&#215;60 cm (2023)<\/p>\n","protected":false},"featured_media":7445,"template":"","meta":{"slim_seo":{"title":"Ta\u00f0brandur Trabant \/ Mr Trabant (30x60 cm) - KindArt","description":"Akr\u00fdl \/ bl\u00f6ndu\u00f0 t\u00e6kni \u00e1 striga, 30x60 cm Acryl \/ mixed media on canvas, 30x60 cm (2023)"}},"product_brand":[],"product_cat":[56],"product_tag":[],"class_list":{"0":"post-7444","1":"product","2":"type-product","3":"status-publish","4":"has-post-thumbnail","6":"product_cat-listaverk","7":"product_shipping_class-midlungs","9":"first","10":"instock","11":"purchasable","12":"product-type-simple"},"_links":{"self":[{"href":"https:\/\/kindart.is\/en\/wp-json\/wp\/v2\/product\/7444","targetHints":{"allow":["GET"]}}],"collection":[{"href":"https:\/\/kindart.is\/en\/wp-json\/wp\/v2\/product"}],"about":[{"href":"https:\/\/kindart.is\/en\/wp-json\/wp\/v2\/types\/product"}],"wp:featuredmedia":[{"embeddable":true,"href":"https:\/\/kindart.is\/en\/wp-json\/wp\/v2\/media\/7445"}],"wp:attachment":[{"href":"https:\/\/kindart.is\/en\/wp-json\/wp\/v2\/media?parent=7444"}],"wp:term":[{"taxonomy":"product_brand","embeddable":true,"href":"https:\/\/kindart.is\/en\/wp-json\/wp\/v2\/product_brand?post=7444"},{"taxonomy":"product_cat","embeddable":true,"href":"https:\/\/kindart.is\/en\/wp-json\/wp\/v2\/product_cat?post=7444"},{"taxonomy":"product_tag","embeddable":true,"href":"https:\/\/kindart.is\/en\/wp-json\/wp\/v2\/product_tag?post=7444"}],"curies":[{"name":"wp","href":"https:\/\/api.w.org\/{rel}","templated":true}]}}