{"id":7447,"date":"2023-06-15T18:25:50","date_gmt":"2023-06-15T18:25:50","guid":{"rendered":"https:\/\/kindart.is\/?post_type=product&#038;p=7447"},"modified":"2023-09-08T17:28:01","modified_gmt":"2023-09-08T17:28:01","slug":"lambaeimreid-iv-a-sheepish-steam-train-iv-15x75-cm","status":"publish","type":"product","link":"https:\/\/kindart.is\/en\/vara\/lambaeimreid-iv-a-sheepish-steam-train-iv-15x75-cm\/","title":{"rendered":"Lambaeimrei\u00f0 IV \/ A sheepish steam train IV (15&#215;75 cm)"},"content":{"rendered":"<p>Akr\u00fdl \/ bl\u00f6ndu\u00f0 t\u00e6kni \u00e1 striga, 15&#215;75 cm<\/p>\n<p>Acryl \/ mixed media on canvas, 15&#215;75 cm<\/p>\n<p>(2023)<\/p>\n","protected":false},"excerpt":{"rendered":"<p>Akr\u00fdl \/ bl\u00f6ndu\u00f0 t\u00e6kni \u00e1 striga, 15&#215;75 cm Acryl \/ mixed media on canvas, 15&#215;75 cm (2023)<\/p>\n","protected":false},"featured_media":7449,"template":"","meta":{"slim_seo":{"title":"Lambaeimrei\u00f0 IV \/ A sheepish steam train IV (15x75 cm) - KindArt","description":"Akr\u00fdl \/ bl\u00f6ndu\u00f0 t\u00e6kni \u00e1 striga, 15x75 cm Acryl \/ mixed media on canvas, 15x75 cm (2023)"}},"product_brand":[],"product_cat":[67],"product_tag":[],"class_list":{"0":"post-7447","1":"product","2":"type-product","3":"status-publish","4":"has-post-thumbnail","6":"product_cat-sold","7":"product_shipping_class-midlungs","9":"first","10":"outofstock","11":"purchasable","12":"product-type-simple"},"_links":{"self":[{"href":"https:\/\/kindart.is\/en\/wp-json\/wp\/v2\/product\/7447","targetHints":{"allow":["GET"]}}],"collection":[{"href":"https:\/\/kindart.is\/en\/wp-json\/wp\/v2\/product"}],"about":[{"href":"https:\/\/kindart.is\/en\/wp-json\/wp\/v2\/types\/product"}],"wp:featuredmedia":[{"embeddable":true,"href":"https:\/\/kindart.is\/en\/wp-json\/wp\/v2\/media\/7449"}],"wp:attachment":[{"href":"https:\/\/kindart.is\/en\/wp-json\/wp\/v2\/media?parent=7447"}],"wp:term":[{"taxonomy":"product_brand","embeddable":true,"href":"https:\/\/kindart.is\/en\/wp-json\/wp\/v2\/product_brand?post=7447"},{"taxonomy":"product_cat","embeddable":true,"href":"https:\/\/kindart.is\/en\/wp-json\/wp\/v2\/product_cat?post=7447"},{"taxonomy":"product_tag","embeddable":true,"href":"https:\/\/kindart.is\/en\/wp-json\/wp\/v2\/product_tag?post=7447"}],"curies":[{"name":"wp","href":"https:\/\/api.w.org\/{rel}","templated":true}]}}