{"id":7452,"date":"2023-06-15T18:56:41","date_gmt":"2023-06-15T18:56:41","guid":{"rendered":"https:\/\/kindart.is\/?post_type=product&#038;p=7452"},"modified":"2023-06-15T18:56:41","modified_gmt":"2023-06-15T18:56:41","slug":"lambaeimreid-v-a-sheepish-steam-train-v-20x60-cm","status":"publish","type":"product","link":"https:\/\/kindart.is\/en\/vara\/lambaeimreid-v-a-sheepish-steam-train-v-20x60-cm\/","title":{"rendered":"Lambaeimrei\u00f0 V \/ A sheepish steam train V (20&#215;60 cm)"},"content":{"rendered":"<p>Akr\u00fdl \/ bl\u00f6ndu\u00f0 t\u00e6kni \u00e1 striga, 20&#215;60 cm<\/p>\n<p>Acryl \/ mixed media on canvas, 20&#215;60 cm<\/p>\n<p>(2023)<\/p>\n","protected":false},"excerpt":{"rendered":"<p>Akr\u00fdl \/ bl\u00f6ndu\u00f0 t\u00e6kni \u00e1 striga, 20&#215;60 cm Acryl \/ mixed media on canvas, 20&#215;60 cm (2023)<\/p>\n","protected":false},"featured_media":7453,"template":"","meta":{"slim_seo":{"title":"Lambaeimrei\u00f0 V \/ A sheepish steam train V (20x60 cm) - KindArt","description":"Akr\u00fdl \/ bl\u00f6ndu\u00f0 t\u00e6kni \u00e1 striga, 20x60 cm Acryl \/ mixed media on canvas, 20x60 cm (2023)"}},"product_brand":[],"product_cat":[56],"product_tag":[],"class_list":{"0":"post-7452","1":"product","2":"type-product","3":"status-publish","4":"has-post-thumbnail","6":"product_cat-listaverk","7":"product_shipping_class-midlungs","9":"first","10":"instock","11":"purchasable","12":"product-type-simple"},"_links":{"self":[{"href":"https:\/\/kindart.is\/en\/wp-json\/wp\/v2\/product\/7452","targetHints":{"allow":["GET"]}}],"collection":[{"href":"https:\/\/kindart.is\/en\/wp-json\/wp\/v2\/product"}],"about":[{"href":"https:\/\/kindart.is\/en\/wp-json\/wp\/v2\/types\/product"}],"wp:featuredmedia":[{"embeddable":true,"href":"https:\/\/kindart.is\/en\/wp-json\/wp\/v2\/media\/7453"}],"wp:attachment":[{"href":"https:\/\/kindart.is\/en\/wp-json\/wp\/v2\/media?parent=7452"}],"wp:term":[{"taxonomy":"product_brand","embeddable":true,"href":"https:\/\/kindart.is\/en\/wp-json\/wp\/v2\/product_brand?post=7452"},{"taxonomy":"product_cat","embeddable":true,"href":"https:\/\/kindart.is\/en\/wp-json\/wp\/v2\/product_cat?post=7452"},{"taxonomy":"product_tag","embeddable":true,"href":"https:\/\/kindart.is\/en\/wp-json\/wp\/v2\/product_tag?post=7452"}],"curies":[{"name":"wp","href":"https:\/\/api.w.org\/{rel}","templated":true}]}}