{"id":7460,"date":"2023-06-15T19:23:38","date_gmt":"2023-06-15T19:23:38","guid":{"rendered":"https:\/\/kindart.is\/?post_type=product&#038;p=7460"},"modified":"2023-06-15T19:23:38","modified_gmt":"2023-06-15T19:23:38","slug":"hrutlomb-i-bat-tiny-rams-in-a-boat-30x40-cm","status":"publish","type":"product","link":"https:\/\/kindart.is\/en\/vara\/hrutlomb-i-bat-tiny-rams-in-a-boat-30x40-cm\/","title":{"rendered":"Hr\u00fatl\u00f6mb \u00ed b\u00e1t \/ Tiny rams in a boat (30&#215;40 cm)"},"content":{"rendered":"<p>Akr\u00fdl \/ bl\u00f6ndu\u00f0 t\u00e6kni \u00e1 striga, 30&#215;40 cm<\/p>\n<p>Acryl \/ mixed media on canvas, 30&#215;40 cm<\/p>\n<p>(2023)<\/p>\n","protected":false},"excerpt":{"rendered":"<p>Akr\u00fdl \/ bl\u00f6ndu\u00f0 t\u00e6kni \u00e1 striga, 30&#215;40 cm Acryl \/ mixed media on canvas, 30&#215;40 cm (2023)<\/p>\n","protected":false},"featured_media":7461,"template":"","meta":{"slim_seo":{"title":"Hr\u00fatl\u00f6mb \u00ed b\u00e1t \/ Tiny rams in a boat (30x40 cm) - KindArt","description":"Akr\u00fdl \/ bl\u00f6ndu\u00f0 t\u00e6kni \u00e1 striga, 30x40 cm Acryl \/ mixed media on canvas, 30x40 cm (2023)"}},"product_brand":[],"product_cat":[56],"product_tag":[],"class_list":{"0":"post-7460","1":"product","2":"type-product","3":"status-publish","4":"has-post-thumbnail","6":"product_cat-listaverk","7":"product_shipping_class-litill","9":"first","10":"instock","11":"purchasable","12":"product-type-simple"},"_links":{"self":[{"href":"https:\/\/kindart.is\/en\/wp-json\/wp\/v2\/product\/7460","targetHints":{"allow":["GET"]}}],"collection":[{"href":"https:\/\/kindart.is\/en\/wp-json\/wp\/v2\/product"}],"about":[{"href":"https:\/\/kindart.is\/en\/wp-json\/wp\/v2\/types\/product"}],"wp:featuredmedia":[{"embeddable":true,"href":"https:\/\/kindart.is\/en\/wp-json\/wp\/v2\/media\/7461"}],"wp:attachment":[{"href":"https:\/\/kindart.is\/en\/wp-json\/wp\/v2\/media?parent=7460"}],"wp:term":[{"taxonomy":"product_brand","embeddable":true,"href":"https:\/\/kindart.is\/en\/wp-json\/wp\/v2\/product_brand?post=7460"},{"taxonomy":"product_cat","embeddable":true,"href":"https:\/\/kindart.is\/en\/wp-json\/wp\/v2\/product_cat?post=7460"},{"taxonomy":"product_tag","embeddable":true,"href":"https:\/\/kindart.is\/en\/wp-json\/wp\/v2\/product_tag?post=7460"}],"curies":[{"name":"wp","href":"https:\/\/api.w.org\/{rel}","templated":true}]}}