{"id":7471,"date":"2023-06-16T12:56:28","date_gmt":"2023-06-16T12:56:28","guid":{"rendered":"https:\/\/kindart.is\/?post_type=product&#038;p=7471"},"modified":"2023-06-16T12:56:28","modified_gmt":"2023-06-16T12:56:28","slug":"lambaeimreid-vi-a-sheepish-steam-train-vi-25x40-cm","status":"publish","type":"product","link":"https:\/\/kindart.is\/en\/vara\/lambaeimreid-vi-a-sheepish-steam-train-vi-25x40-cm\/","title":{"rendered":"Lambaeimrei\u00f0 VI \/ A sheepish steam train VI (25&#215;40 cm)"},"content":{"rendered":"<p>Akr\u00fdl \/ bl\u00f6ndu\u00f0 t\u00e6kni \u00e1 striga, 25&#215;40 cm<\/p>\n<p>Acryl \/ mixed media on canvas, 25&#215;40 cm<\/p>\n","protected":false},"excerpt":{"rendered":"<p>Akr\u00fdl \/ bl\u00f6ndu\u00f0 t\u00e6kni \u00e1 striga, 25&#215;40 cm Acryl \/ mixed media on canvas, 25&#215;40 cm<\/p>\n","protected":false},"featured_media":7472,"template":"","meta":{"slim_seo":{"title":"Lambaeimrei\u00f0 VI \/ A sheepish steam train VI (25x40 cm) - KindArt","description":"Akr\u00fdl \/ bl\u00f6ndu\u00f0 t\u00e6kni \u00e1 striga, 25x40 cm Acryl \/ mixed media on canvas, 25x40 cm"}},"product_brand":[],"product_cat":[56],"product_tag":[],"class_list":{"0":"post-7471","1":"product","2":"type-product","3":"status-publish","4":"has-post-thumbnail","6":"product_cat-listaverk","7":"product_shipping_class-litill","9":"first","10":"instock","11":"purchasable","12":"product-type-simple"},"_links":{"self":[{"href":"https:\/\/kindart.is\/en\/wp-json\/wp\/v2\/product\/7471","targetHints":{"allow":["GET"]}}],"collection":[{"href":"https:\/\/kindart.is\/en\/wp-json\/wp\/v2\/product"}],"about":[{"href":"https:\/\/kindart.is\/en\/wp-json\/wp\/v2\/types\/product"}],"wp:featuredmedia":[{"embeddable":true,"href":"https:\/\/kindart.is\/en\/wp-json\/wp\/v2\/media\/7472"}],"wp:attachment":[{"href":"https:\/\/kindart.is\/en\/wp-json\/wp\/v2\/media?parent=7471"}],"wp:term":[{"taxonomy":"product_brand","embeddable":true,"href":"https:\/\/kindart.is\/en\/wp-json\/wp\/v2\/product_brand?post=7471"},{"taxonomy":"product_cat","embeddable":true,"href":"https:\/\/kindart.is\/en\/wp-json\/wp\/v2\/product_cat?post=7471"},{"taxonomy":"product_tag","embeddable":true,"href":"https:\/\/kindart.is\/en\/wp-json\/wp\/v2\/product_tag?post=7471"}],"curies":[{"name":"wp","href":"https:\/\/api.w.org\/{rel}","templated":true}]}}