{"id":7475,"date":"2023-06-16T13:03:25","date_gmt":"2023-06-16T13:03:25","guid":{"rendered":"https:\/\/kindart.is\/?post_type=product&#038;p=7475"},"modified":"2023-09-08T11:19:32","modified_gmt":"2023-09-08T11:19:32","slug":"lambabarnavagn-lamb-stroller-25x40-cm","status":"publish","type":"product","link":"https:\/\/kindart.is\/en\/vara\/lambabarnavagn-lamb-stroller-25x40-cm\/","title":{"rendered":"Lambabarnavagn \/ Lamb stroller (25&#215;40 cm)"},"content":{"rendered":"<p>Akr\u00fdl \/ bl\u00f6ndu\u00f0 t\u00e6kni \u00e1 striga, 25&#215;40 cm<\/p>\n<p>Acryl \/ mixed media on canvas, 25&#215;40 cm<\/p>\n<p>(2023)<\/p>\n<p>Seld<\/p>\n","protected":false},"excerpt":{"rendered":"<p>Akr\u00fdl \/ bl\u00f6ndu\u00f0 t\u00e6kni \u00e1 striga, 25&#215;40 cm Acryl \/ mixed media on canvas, 25&#215;40 cm (2023) Seld<\/p>\n","protected":false},"featured_media":7476,"template":"","meta":{"slim_seo":{"title":"Lambabarnavagn \/ Lamb stroller (25x40 cm) - KindArt","description":"Akr\u00fdl \/ bl\u00f6ndu\u00f0 t\u00e6kni \u00e1 striga, 25x40 cm Acryl \/ mixed media on canvas, 25x40 cm (2023) Seld"}},"product_brand":[],"product_cat":[67],"product_tag":[],"class_list":{"0":"post-7475","1":"product","2":"type-product","3":"status-publish","4":"has-post-thumbnail","6":"product_cat-sold","7":"product_shipping_class-litill","9":"first","10":"outofstock","11":"purchasable","12":"product-type-simple"},"_links":{"self":[{"href":"https:\/\/kindart.is\/en\/wp-json\/wp\/v2\/product\/7475","targetHints":{"allow":["GET"]}}],"collection":[{"href":"https:\/\/kindart.is\/en\/wp-json\/wp\/v2\/product"}],"about":[{"href":"https:\/\/kindart.is\/en\/wp-json\/wp\/v2\/types\/product"}],"wp:featuredmedia":[{"embeddable":true,"href":"https:\/\/kindart.is\/en\/wp-json\/wp\/v2\/media\/7476"}],"wp:attachment":[{"href":"https:\/\/kindart.is\/en\/wp-json\/wp\/v2\/media?parent=7475"}],"wp:term":[{"taxonomy":"product_brand","embeddable":true,"href":"https:\/\/kindart.is\/en\/wp-json\/wp\/v2\/product_brand?post=7475"},{"taxonomy":"product_cat","embeddable":true,"href":"https:\/\/kindart.is\/en\/wp-json\/wp\/v2\/product_cat?post=7475"},{"taxonomy":"product_tag","embeddable":true,"href":"https:\/\/kindart.is\/en\/wp-json\/wp\/v2\/product_tag?post=7475"}],"curies":[{"name":"wp","href":"https:\/\/api.w.org\/{rel}","templated":true}]}}