{"id":7487,"date":"2023-06-18T21:07:19","date_gmt":"2023-06-18T21:07:19","guid":{"rendered":"https:\/\/kindart.is\/product\/aettartala-vilborgar-eiriksdottur-a-kotvogi\/"},"modified":"2023-06-18T21:09:29","modified_gmt":"2023-06-18T21:09:29","slug":"aettartala-vilborgar-eiriksdottur-a-kotvogi","status":"publish","type":"product","link":"https:\/\/kindart.is\/en\/vara\/aettartala-vilborgar-eiriksdottur-a-kotvogi\/","title":{"rendered":"\u00c6ttartala Vilborgar Eir\u00edksd\u00f3ttur \u00e1 Kotvogi"},"content":{"rendered":"<p><strong>\u00c6ttartala Vilborgar Eir\u00edksd\u00f3ttur \u00e1 Kotvogi<\/strong>, me\u00f0 helstu \u00e6fi\u00e1gripum manna fr\u00e1 fyrri t\u00edmum, saman skrifu\u00f0 \u00e1ri\u00f0 1877 af B. Gu\u00f0mundssyni. \u00deetta er l\u00edti\u00f0 kver bundin inn \u00ed f\u00edlapapp\u00edr (Elephant), B\u00f3kin er 36 bls. inn\u00edstunga, 1 \u00f6rk, saumu\u00f0 \u00ed bankab\u00f3ka-saumav\u00e9l, me\u00f0 mj\u00f6g \u00fe\u00e9ttu spori. B\u00f3kin s\u00ed\u00f0an skorin og sett \u00ed bindi me\u00f0 formeringum. Nokku\u00f0 sterkt og gott band.<\/p>\n<p><strong>\u00datg\u00e1fa og prentun<\/strong>:<br \/>\n\u00datgefandi S\u00f6gusteinn \u2013 1983. B\u00f3kaforlag. Lj\u00f3sprentu\u00f0 \u00ed S\u00f6gusteini. B\u00f3kband ekki skr\u00e1\u00f0 e\u00f0a vita\u00f0 um.<\/p>\n","protected":false},"excerpt":{"rendered":"<p>\u00c6ttartala Vilborgar Eir\u00edksd\u00f3ttur \u00e1 Kotvogi, me\u00f0 helstu \u00e6fi\u00e1gripum manna fr\u00e1 fyrri t\u00edmum, saman skrifu\u00f0 \u00e1ri\u00f0 1877 af B. Gu\u00f0mundssyni. \u00deetta er l\u00edti\u00f0 kver bundin inn \u00ed f\u00edlapapp\u00edr (Elephant), B\u00f3kin er 36 bls. inn\u00edstunga, 1 \u00f6rk, saumu\u00f0 \u00ed bankab\u00f3ka-saumav\u00e9l, me\u00f0 mj\u00f6g \u00fe\u00e9ttu spori. B\u00f3kin s\u00ed\u00f0an skorin og sett \u00ed bindi me\u00f0 formeringum. Nokku\u00f0 sterkt og gott [&hellip;]<\/p>\n","protected":false},"featured_media":7484,"template":"","meta":{"slim_seo":{"title":"\u00c6ttartala Vilborgar Eir\u00edksd\u00f3ttur \u00e1 Kotvogi - KindArt","description":"\u00c6ttartala Vilborgar Eir\u00edksd\u00f3ttur \u00e1 Kotvogi , me\u00f0 helstu \u00e6fi\u00e1gripum manna fr\u00e1 fyrri t\u00edmum, saman skrifu\u00f0 \u00e1ri\u00f0 1877 af B. Gu\u00f0mundssyni. \u00deetta er l\u00edti\u00f0 kver bundin"}},"product_brand":[],"product_cat":[83],"product_tag":[],"class_list":{"0":"post-7487","1":"product","2":"type-product","3":"status-publish","4":"has-post-thumbnail","6":"product_cat-books","7":"product_shipping_class-small-en","9":"first","10":"outofstock","11":"purchasable","12":"product-type-simple"},"_links":{"self":[{"href":"https:\/\/kindart.is\/en\/wp-json\/wp\/v2\/product\/7487","targetHints":{"allow":["GET"]}}],"collection":[{"href":"https:\/\/kindart.is\/en\/wp-json\/wp\/v2\/product"}],"about":[{"href":"https:\/\/kindart.is\/en\/wp-json\/wp\/v2\/types\/product"}],"wp:featuredmedia":[{"embeddable":true,"href":"https:\/\/kindart.is\/en\/wp-json\/wp\/v2\/media\/7484"}],"wp:attachment":[{"href":"https:\/\/kindart.is\/en\/wp-json\/wp\/v2\/media?parent=7487"}],"wp:term":[{"taxonomy":"product_brand","embeddable":true,"href":"https:\/\/kindart.is\/en\/wp-json\/wp\/v2\/product_brand?post=7487"},{"taxonomy":"product_cat","embeddable":true,"href":"https:\/\/kindart.is\/en\/wp-json\/wp\/v2\/product_cat?post=7487"},{"taxonomy":"product_tag","embeddable":true,"href":"https:\/\/kindart.is\/en\/wp-json\/wp\/v2\/product_tag?post=7487"}],"curies":[{"name":"wp","href":"https:\/\/api.w.org\/{rel}","templated":true}]}}