{"id":7492,"date":"2023-06-18T21:13:28","date_gmt":"2023-06-18T21:13:28","guid":{"rendered":"https:\/\/kindart.is\/product\/endurbaetur-heimilisins\/"},"modified":"2023-06-18T21:13:28","modified_gmt":"2023-06-18T21:13:28","slug":"endurbaetur-heimilisins","status":"publish","type":"product","link":"https:\/\/kindart.is\/en\/vara\/endurbaetur-heimilisins\/","title":{"rendered":"Endurb\u00e6tur heimilisins"},"content":{"rendered":"<p><strong>Endurb\u00e6tur heimilisins<\/strong>. Handb\u00f3k fyrir alla fj\u00f6lskylduna eftir Ron Phillips, Hixson, Tennessee, USA. \u00de\u00fd\u00f0andi: Sigr\u00fan Einarsd\u00f3ttir. \u00deetta er b\u00e6klingur, saumheftur og skorinn. St\u00e6r\u00f0: 20.7 X 14.7 cm og 96 bls. \u2013 Ron Phillips er forst\u00f6\u00f0uma\u00f0ur Central Baptist kirkjunnar \u00ed Hixson \u00ed Chattanooega \u00ed Tenneseefylki \u00ed Bandar\u00edkjunum og er virtur r\u00e6\u00f0uma\u00f0ur me\u00f0al Su\u00f0ur-Baptista.<\/p>\n<p><strong>\u00datg\u00e1fa og prentun<\/strong>:<br \/>\nVakning b\u00f3kaforlag P\u00f3sth\u00f3lf 3138, 123 Reykjav\u00edk, Prentsmi\u00f0jan Tarsus.<\/p>\n","protected":false},"excerpt":{"rendered":"<p>Endurb\u00e6tur heimilisins. Handb\u00f3k fyrir alla fj\u00f6lskylduna eftir Ron Phillips, Hixson, Tennessee, USA. \u00de\u00fd\u00f0andi: Sigr\u00fan Einarsd\u00f3ttir. \u00deetta er b\u00e6klingur, saumheftur og skorinn. St\u00e6r\u00f0: 20.7 X 14.7 cm og 96 bls. \u2013 Ron Phillips er forst\u00f6\u00f0uma\u00f0ur Central Baptist kirkjunnar \u00ed Hixson \u00ed Chattanooega \u00ed Tenneseefylki \u00ed Bandar\u00edkjunum og er virtur r\u00e6\u00f0uma\u00f0ur me\u00f0al Su\u00f0ur-Baptista. \u00datg\u00e1fa og prentun: Vakning [&hellip;]<\/p>\n","protected":false},"featured_media":7491,"template":"","meta":{"slim_seo":{"title":"Endurb\u00e6tur heimilisins - KindArt","description":"Endurb\u00e6tur heimilisins . Handb\u00f3k fyrir alla fj\u00f6lskylduna eftir Ron Phillips, Hixson, Tennessee, USA. \u00de\u00fd\u00f0andi: Sigr\u00fan Einarsd\u00f3ttir. \u00deetta er b\u00e6klingur, saumheftu"}},"product_brand":[],"product_cat":[83],"product_tag":[],"class_list":{"0":"post-7492","1":"product","2":"type-product","3":"status-publish","4":"has-post-thumbnail","6":"product_cat-books","7":"product_shipping_class-small-en","9":"first","10":"instock","11":"purchasable","12":"product-type-simple"},"_links":{"self":[{"href":"https:\/\/kindart.is\/en\/wp-json\/wp\/v2\/product\/7492","targetHints":{"allow":["GET"]}}],"collection":[{"href":"https:\/\/kindart.is\/en\/wp-json\/wp\/v2\/product"}],"about":[{"href":"https:\/\/kindart.is\/en\/wp-json\/wp\/v2\/types\/product"}],"wp:featuredmedia":[{"embeddable":true,"href":"https:\/\/kindart.is\/en\/wp-json\/wp\/v2\/media\/7491"}],"wp:attachment":[{"href":"https:\/\/kindart.is\/en\/wp-json\/wp\/v2\/media?parent=7492"}],"wp:term":[{"taxonomy":"product_brand","embeddable":true,"href":"https:\/\/kindart.is\/en\/wp-json\/wp\/v2\/product_brand?post=7492"},{"taxonomy":"product_cat","embeddable":true,"href":"https:\/\/kindart.is\/en\/wp-json\/wp\/v2\/product_cat?post=7492"},{"taxonomy":"product_tag","embeddable":true,"href":"https:\/\/kindart.is\/en\/wp-json\/wp\/v2\/product_tag?post=7492"}],"curies":[{"name":"wp","href":"https:\/\/api.w.org\/{rel}","templated":true}]}}