{"id":7496,"date":"2023-06-18T21:19:48","date_gmt":"2023-06-18T21:19:48","guid":{"rendered":"https:\/\/kindart.is\/product\/floinn-heradsfrettablad\/"},"modified":"2023-06-18T21:19:48","modified_gmt":"2023-06-18T21:19:48","slug":"floinn-heradsfrettablad","status":"publish","type":"product","link":"https:\/\/kindart.is\/en\/vara\/floinn-heradsfrettablad\/","title":{"rendered":"Fl\u00f3inn, h\u00e9ra\u00f0sfr\u00e9ttabla\u00f0"},"content":{"rendered":"<p><strong>Fl\u00f3inn, h\u00e9ra\u00f0sfr\u00e9ttabla\u00f0<\/strong>.\u2028 Fl\u00f3inn var fr\u00e9ttabla\u00f0 fyrir H\u00fanafl\u00f3asv\u00e6\u00f0i\u00f0. \u00cd hausnum stendur a\u00f0 \u00fea\u00f0 s\u00e9 m\u00e1lsvari bygg\u00f0ar vi\u00f0 H\u00fanafl\u00f3a. \u00dev\u00ed var dreift \u00f3keypis \u00e1 hvert heimili \u00ed Strandas\u00fdslu og b\u00e1\u00f0ar H\u00fanavatnss\u00fdslurnar. \u00dea\u00f0 var prenta\u00f0 af Sveini Tuma Arn\u00f3rssyni sem bj\u00f3 fyrst \u00e1 b\u00fdlinu S\u00e6bergi r\u00e9tt hj\u00e1 Reykjask\u00f3la, en seinna flutti hann a\u00f0 Laugarbakka \u00ed Mi\u00f0fir\u00f0i. Ritstj\u00f3ri bla\u00f0sins var J\u00f3n Dan\u00edelsson, en ritnefnd skipu\u00f0u auk Sveins Tuma: Karl Sigurgeirsson og Steingr\u00edmur Stein\u00fe\u00f3rsson. Bla\u00f0i\u00f0 var 34.5 X 23.5 cm a\u00f0 st\u00e6r\u00f0 og 1. tbl. var 12 bls. og prenta\u00f0 \u00e1 nokku\u00f0 \u00feykkan og sterkan papp\u00edr.<\/p>\n<p><strong>\u00datg\u00e1fa og prentun<\/strong>:<br \/>\n\u00datg\u00e1fa bla\u00f0sins vir\u00f0ist hafa veri\u00f0 \u00e1 Hvammstanga eftir \u00fev\u00ed sem fram kemur \u00ed forystugrein, \u00fe\u00f3 \u00fea\u00f0 s\u00e9 prenta\u00f0 fyrst \u00e1 sv\u00ednab\u00fai vi\u00f0 Reyki, en s\u00ed\u00f0an \u00e1 Laugarbakka og m\u00e1 telja a\u00f0 ritnefndin hafi sta\u00f0i\u00f0 a\u00f0 \u00fatg\u00e1funni og a\u00f0 bla\u00f0i\u00f0 fylgi ekki neinum s\u00e9rst\u00f6kum stj\u00f3rnm\u00e1laflokki. -1991 Hvammstangi. H\u00fanaprent.<\/p>\n<p><strong>Saga H\u00fanaprents og Fl\u00f3ans<\/strong><\/p>\n<p>S\u00e6bergi vi\u00f0 Hr\u00fatafj\u00f6r\u00f0 1980 &#8211; 1987<br \/>\nLaugarbakki \u00ed Mi\u00f0fir\u00f0i 1987 &#8211; 2002<\/p>\n<p>Sveinn Tumi Arn\u00f3rsson (1949-2002) var l\u00e6r\u00f0ur prentari og rak um \u00e1rabil eigin prentsmi\u00f0ju, fyrst \u00e1 S\u00e6bergi vi\u00f0 Hr\u00fatafj\u00f6r\u00f0 og s\u00ed\u00f0ar \u00e1 Laugarbakka \u00ed Mi\u00f0fir\u00f0i. Tumi eins og hann var \u00e1vallt kalla\u00f0ur nam prentun \u00ed R\u00edkisprentsmi\u00f0junni Gutenberg 1968-1972. Hann starfa\u00f0i \u00fear til 1974, s\u00ed\u00f0an \u00ed Al\u00fe\u00fd\u00f0uprentsmi\u00f0junni og Prentsmi\u00f0junni Hilmi til 1976. \u00de\u00e1 f\u00f3r hann til Sau\u00f0\u00e1rkr\u00f3ks og vann hj\u00e1 Hreini Sigur\u00f0ssyni \u00ed Myndprenti til 1978. Seint \u00e1 \u00e1rinu 1979 t\u00f3k hann vi\u00f0 b\u00fai af tengdaf\u00f6\u00f0ur s\u00ednum \u00e1 S\u00e6bergi \u00ed Hr\u00fatafir\u00f0i og ger\u00f0ist sv\u00ednab\u00f3ndi \u00fear um skei\u00f0 \u00e1samt \u00fev\u00ed a\u00f0 stofna \u00fear prentsmi\u00f0ju 1980.<\/p>\n<p>S\u00e6berg er b\u00fdli \u00f6rskammt utan vi\u00f0 Reykjask\u00f3la \u00ed Hr\u00fatafir\u00f0i. Tumi var a\u00f0eins me\u00f0 setningarv\u00e9l fyrst \u00ed sta\u00f0, en keypti s\u00ed\u00f0an prentv\u00e9l og kalla\u00f0i fyrirt\u00e6ki\u00f0 H\u00fanaprent og allt komst \u00feetta fyrir \u00e1 9 fermetrum. Fyrst var prentunin aukab\u00fagrein hj\u00e1 Tuma sv\u00ednab\u00f3nda, en \u00fea\u00f0 sn\u00e9rist br\u00e1tt vi\u00f0 og sv\u00ednar\u00e6ktin var\u00f0 aukab\u00fagrein vi\u00f0 prentverki\u00f0 \u00fev\u00ed vinnan j\u00f3kst vi\u00f0 \u00fea\u00f0.<\/p>\n<p>Sveinn Tumi flutti s\u00ed\u00f0an b\u00faferlum a\u00f0 Laugarbakka \u00ed Mi\u00f0fir\u00f0i og flutti \u00feanga\u00f0 prentsmi\u00f0juna me\u00f0 s\u00e9r. Hann prenta\u00f0i fyrst a\u00f0allega fyrir fyrirt\u00e6ki vi\u00f0 H\u00fanafl\u00f3a, en svo f\u00f3r \u00fej\u00f3nustan a\u00f0 n\u00e1 enn lengra og d\u00e6mi um \u00fea\u00f0 var t.d. Einherji, bla\u00f0 frams\u00f3knarmanna \u00e1 Nor\u00f0urlandi vestra og Siglfir\u00f0ingur, bla\u00f0 sj\u00e1lfst\u00e6\u00f0ismanna \u00e1 Siglufir\u00f0i, sem \u00e1ri\u00f0 1991 haf\u00f0i komi\u00f0 \u00fat \u00ed 62 \u00e1r og samt var prentsmi\u00f0ja \u00fear \u00e1 sta\u00f0num.<\/p>\n<p>\u00c1ri\u00f0 1991 var byrja\u00f0 a\u00f0 gefa \u00fat h\u00e9ra\u00f0sfr\u00e9ttabla\u00f0i\u00f0 Fl\u00f3inn og var \u00fea\u00f0 prenta\u00f0 \u00ed H\u00fanaprenti \u00e1 Laugabakka. J\u00f3n Dan\u00edelsson var ritstj\u00f3ri, en me\u00f0 honum \u00ed ritnefnd voru \u00feeir Karl Sigurgeirsson, Steingr\u00edmur Stein\u00fe\u00f3rsson og Sveinn Tumi Arn\u00f3rsson. Bla\u00f0inu var dreift \u00f3keypis \u00e1 hvert heimili \u00ed Strandas\u00fdslu og b\u00e1\u00f0um H\u00fanavatnss\u00fdslum, en bla\u00f0i\u00f0 n\u00e1\u00f0i ekki n\u00f3gu g\u00f3\u00f0ri f\u00f3tfestu og logna\u00f0ist br\u00e1tt \u00fat af. Prentsmi\u00f0jueintak mitt er 1.tbl. Fl\u00f3ans sem kom \u00fat \u00ed desember 1991, en \u00e1 \u00e1rinu 1992 komu \u00fat 8 tbl. Eftir \u00fea\u00f0 var Fl\u00f3inn prenta\u00f0ur \u00ed Prentsmi\u00f0junni Odda \u00ed Reykjav\u00edk en h\u00e6tt var a\u00f0 gefa hann \u00fat 1994.<\/p>\n<p>Sveinn Tumi var\u00f0 br\u00e1\u00f0kvaddur a\u00f0 heimili s\u00ednu 9. mars 2002 en \u00fe\u00e1 keyptu J\u00f3n Haukdal og B\u00e1ra Gu\u00f0bjartsd\u00f3ttir H\u00fanaprent og leig\u00f0u h\u00fasn\u00e6\u00f0i undir prentsmi\u00f0juna a\u00f0 Eyrarlandi 1 \u00e1 Hvammstanga, \u00fear sem h\u00fan hefur veri\u00f0 rekin s\u00ed\u00f0an.<\/p>\n<p>Prentsmi\u00f0jueintak: Fl\u00f3inn, 1.\u00e1rg. 1.tbl. Desember 1991. H\u00fanaprent, Laugarbakki \u00ed Mi\u00f0fir\u00f0i 1991.<\/p>\n","protected":false},"excerpt":{"rendered":"<p>Fl\u00f3inn, h\u00e9ra\u00f0sfr\u00e9ttabla\u00f0.\u2028 Fl\u00f3inn var fr\u00e9ttabla\u00f0 fyrir H\u00fanafl\u00f3asv\u00e6\u00f0i\u00f0. \u00cd hausnum stendur a\u00f0 \u00fea\u00f0 s\u00e9 m\u00e1lsvari bygg\u00f0ar vi\u00f0 H\u00fanafl\u00f3a. \u00dev\u00ed var dreift \u00f3keypis \u00e1 hvert heimili \u00ed Strandas\u00fdslu og b\u00e1\u00f0ar H\u00fanavatnss\u00fdslurnar. \u00dea\u00f0 var prenta\u00f0 af Sveini Tuma Arn\u00f3rssyni sem bj\u00f3 fyrst \u00e1 b\u00fdlinu S\u00e6bergi r\u00e9tt hj\u00e1 Reykjask\u00f3la, en seinna flutti hann a\u00f0 Laugarbakka \u00ed Mi\u00f0fir\u00f0i. Ritstj\u00f3ri bla\u00f0sins [&hellip;]<\/p>\n","protected":false},"featured_media":7495,"template":"","meta":{"slim_seo":{"title":"Fl\u00f3inn, h\u00e9ra\u00f0sfr\u00e9ttabla\u00f0 - KindArt","description":"Fl\u00f3inn, h\u00e9ra\u00f0sfr\u00e9ttabla\u00f0 .\u2028 Fl\u00f3inn var fr\u00e9ttabla\u00f0 fyrir H\u00fanafl\u00f3asv\u00e6\u00f0i\u00f0. \u00cd hausnum stendur a\u00f0 \u00fea\u00f0 s\u00e9 m\u00e1lsvari bygg\u00f0ar vi\u00f0 H\u00fanafl\u00f3a. \u00dev\u00ed var dreift \u00f3keypis \u00e1 hver"}},"product_brand":[],"product_cat":[83],"product_tag":[],"class_list":{"0":"post-7496","1":"product","2":"type-product","3":"status-publish","4":"has-post-thumbnail","6":"product_cat-books","7":"product_shipping_class-small-en","9":"first","10":"instock","11":"purchasable","12":"product-type-simple"},"_links":{"self":[{"href":"https:\/\/kindart.is\/en\/wp-json\/wp\/v2\/product\/7496","targetHints":{"allow":["GET"]}}],"collection":[{"href":"https:\/\/kindart.is\/en\/wp-json\/wp\/v2\/product"}],"about":[{"href":"https:\/\/kindart.is\/en\/wp-json\/wp\/v2\/types\/product"}],"wp:featuredmedia":[{"embeddable":true,"href":"https:\/\/kindart.is\/en\/wp-json\/wp\/v2\/media\/7495"}],"wp:attachment":[{"href":"https:\/\/kindart.is\/en\/wp-json\/wp\/v2\/media?parent=7496"}],"wp:term":[{"taxonomy":"product_brand","embeddable":true,"href":"https:\/\/kindart.is\/en\/wp-json\/wp\/v2\/product_brand?post=7496"},{"taxonomy":"product_cat","embeddable":true,"href":"https:\/\/kindart.is\/en\/wp-json\/wp\/v2\/product_cat?post=7496"},{"taxonomy":"product_tag","embeddable":true,"href":"https:\/\/kindart.is\/en\/wp-json\/wp\/v2\/product_tag?post=7496"}],"curies":[{"name":"wp","href":"https:\/\/api.w.org\/{rel}","templated":true}]}}