{"id":7504,"date":"2023-06-19T13:02:03","date_gmt":"2023-06-19T13:02:03","guid":{"rendered":"https:\/\/kindart.is\/product\/frodi\/"},"modified":"2023-06-19T13:02:03","modified_gmt":"2023-06-19T13:02:03","slug":"frodi","status":"publish","type":"product","link":"https:\/\/kindart.is\/en\/vara\/frodi\/","title":{"rendered":"FR\u00d3\u00d0I"},"content":{"rendered":"<p><strong>FR\u00d3\u00d0I<\/strong> var bla\u00f0 sem var gefi\u00f0 \u00fat \u00e1 Akureyri fyrir aldam\u00f3tin 1900 og er \u00fev\u00ed me\u00f0 elstu bl\u00f6\u00f0um sem komi\u00f0 hafa \u00fat \u00e1 \u00cdslandi. Fyrsta bla\u00f0i\u00f0 kom \u00fat 10. jan\u00faar 1880 og \u00fatgefandi var Bj\u00f6rn J\u00f3nsson prentari, yngri. Hann haf\u00f0i keypt Prentsmi\u00f0ju Nor\u00f0ur- og Austurumd\u00e6misins, sem var st\u00e6rsta prentsmi\u00f0jan \u00e1 Nor\u00f0urlandi og utan Reykjav\u00edkur. Hann h\u00f3f flj\u00f3tlega a\u00f0 gefa \u00fat bla\u00f0i\u00f0 Fr\u00f3\u00f0a og var prentsmi\u00f0jan \u00fe\u00e1 oft kennd vi\u00f0 bla\u00f0i\u00f0 og nefnd Fr\u00f3\u00f0aprentsmi\u00f0jan og prentarinn Bj\u00f6rn fr\u00f3\u00f0i. Fr\u00f3\u00f0i var ekki st\u00f3rt bla\u00f0 \u00e1 n\u00fat\u00edma m\u00e6likvar\u00f0a, a\u00f0eins 35.8 X 22.8 cm a\u00f0 st\u00e6r\u00f0 og ein opna e\u00f0a 4 bla\u00f0s\u00ed\u00f0ur. Bla\u00f0i\u00f0 sem h\u00e9r er til s\u00f6lu er merkt 177. bla\u00f0 og kom \u00fat \u00e1 Oddeyri, m\u00e1nudaginn 25. Jan\u00faar 1886.<\/p>\n<p><strong>\u00datg\u00e1fa og prentun<\/strong>:<br \/>\n\u00datgefandi og prentari Bj\u00f6rn J\u00f3nsson, Oddeyri 1886.<\/p>\n","protected":false},"excerpt":{"rendered":"<p>FR\u00d3\u00d0I var bla\u00f0 sem var gefi\u00f0 \u00fat \u00e1 Akureyri fyrir aldam\u00f3tin 1900 og er \u00fev\u00ed me\u00f0 elstu bl\u00f6\u00f0um sem komi\u00f0 hafa \u00fat \u00e1 \u00cdslandi. Fyrsta bla\u00f0i\u00f0 kom \u00fat 10. jan\u00faar 1880 og \u00fatgefandi var Bj\u00f6rn J\u00f3nsson prentari, yngri. Hann haf\u00f0i keypt Prentsmi\u00f0ju Nor\u00f0ur- og Austurumd\u00e6misins, sem var st\u00e6rsta prentsmi\u00f0jan \u00e1 Nor\u00f0urlandi og utan Reykjav\u00edkur. Hann [&hellip;]<\/p>\n","protected":false},"featured_media":7499,"template":"","meta":{"slim_seo":{"title":"FR\u00d3\u00d0I - KindArt","description":"FR\u00d3\u00d0I var bla\u00f0 sem var gefi\u00f0 \u00fat \u00e1 Akureyri fyrir aldam\u00f3tin 1900 og er \u00fev\u00ed me\u00f0 elstu bl\u00f6\u00f0um sem komi\u00f0 hafa \u00fat \u00e1 \u00cdslandi. Fyrsta bla\u00f0i\u00f0 kom \u00fat 10. jan\u00faar 1880 og"}},"product_brand":[],"product_cat":[83],"product_tag":[],"class_list":{"0":"post-7504","1":"product","2":"type-product","3":"status-publish","4":"has-post-thumbnail","6":"product_cat-books","7":"product_shipping_class-small-en","9":"first","10":"instock","11":"purchasable","12":"product-type-simple"},"_links":{"self":[{"href":"https:\/\/kindart.is\/en\/wp-json\/wp\/v2\/product\/7504","targetHints":{"allow":["GET"]}}],"collection":[{"href":"https:\/\/kindart.is\/en\/wp-json\/wp\/v2\/product"}],"about":[{"href":"https:\/\/kindart.is\/en\/wp-json\/wp\/v2\/types\/product"}],"wp:featuredmedia":[{"embeddable":true,"href":"https:\/\/kindart.is\/en\/wp-json\/wp\/v2\/media\/7499"}],"wp:attachment":[{"href":"https:\/\/kindart.is\/en\/wp-json\/wp\/v2\/media?parent=7504"}],"wp:term":[{"taxonomy":"product_brand","embeddable":true,"href":"https:\/\/kindart.is\/en\/wp-json\/wp\/v2\/product_brand?post=7504"},{"taxonomy":"product_cat","embeddable":true,"href":"https:\/\/kindart.is\/en\/wp-json\/wp\/v2\/product_cat?post=7504"},{"taxonomy":"product_tag","embeddable":true,"href":"https:\/\/kindart.is\/en\/wp-json\/wp\/v2\/product_tag?post=7504"}],"curies":[{"name":"wp","href":"https:\/\/api.w.org\/{rel}","templated":true}]}}