{"id":7510,"date":"2023-06-19T13:06:19","date_gmt":"2023-06-19T13:06:19","guid":{"rendered":"https:\/\/kindart.is\/product\/gardyrkjuritid-1946\/"},"modified":"2023-06-19T13:06:19","modified_gmt":"2023-06-19T13:06:19","slug":"gardyrkjuritid-1946","status":"publish","type":"product","link":"https:\/\/kindart.is\/en\/vara\/gardyrkjuritid-1946\/","title":{"rendered":"Gar\u00f0yrkjuriti\u00f0 1946"},"content":{"rendered":"<p><strong>Gar\u00f0yrkjuriti\u00f0 1946<\/strong>. \u00deetta er gamalt hefti af gar\u00f0ykjuritinu fr\u00e1 \u00e1rinu 1946. \u00c9g ger\u00f0ist f\u00e9lagi \u00ed Gar\u00f0yrkjuf\u00e9laginu \u00feegar \u00e9g vann \u00ed gar\u00f0yrkjust\u00f6\u00f0 Ingimars \u00ed Fagrahvammi \u00ed tv\u00f6 sumur \u00e1 \u00feessum \u00e1rum og kynntist \u00e9g \u00fe\u00e1 m\u00f6rgum gar\u00f0yrkjum\u00f6nnum sem voru n\u00fd\u00fatskrifa\u00f0ir gar\u00f0yrkjumenn fr\u00e1 Gar\u00f0yrkjusk\u00f3lanum \u00e1 Reykjum \u00ed \u00d6lfusi, en \u00feeir komu margir \u00ed vinnu til Ingimars \u00e1 \u00feessum \u00e1rum. Riti\u00f0 er saumheft og sett \u00ed gula kartonk\u00e1pu, 23 X 16 cm a\u00f0 st\u00e6r\u00f0 og um 130 bls. auk nokkurra augl\u00fdsingabla\u00f0s\u00ed\u00f0na.<\/p>\n<p><strong>\u00datg\u00e1fa og prentun<\/strong>:<br \/>\nGar\u00f0yrkjuf\u00e9lag \u00cdslands, 1946 Reykjav\u00edk Prentsmi\u00f0jan Edda.<\/p>\n","protected":false},"excerpt":{"rendered":"<p>Gar\u00f0yrkjuriti\u00f0 1946. \u00deetta er gamalt hefti af gar\u00f0ykjuritinu fr\u00e1 \u00e1rinu 1946. \u00c9g ger\u00f0ist f\u00e9lagi \u00ed Gar\u00f0yrkjuf\u00e9laginu \u00feegar \u00e9g vann \u00ed gar\u00f0yrkjust\u00f6\u00f0 Ingimars \u00ed Fagrahvammi \u00ed tv\u00f6 sumur \u00e1 \u00feessum \u00e1rum og kynntist \u00e9g \u00fe\u00e1 m\u00f6rgum gar\u00f0yrkjum\u00f6nnum sem voru n\u00fd\u00fatskrifa\u00f0ir gar\u00f0yrkjumenn fr\u00e1 Gar\u00f0yrkjusk\u00f3lanum \u00e1 Reykjum \u00ed \u00d6lfusi, en \u00feeir komu margir \u00ed vinnu til Ingimars \u00e1 [&hellip;]<\/p>\n","protected":false},"featured_media":7507,"template":"","meta":{"slim_seo":{"title":"Gar\u00f0yrkjuriti\u00f0 1946 - KindArt","description":"Gar\u00f0yrkjuriti\u00f0 1946 . \u00deetta er gamalt hefti af gar\u00f0ykjuritinu fr\u00e1 \u00e1rinu 1946. \u00c9g ger\u00f0ist f\u00e9lagi \u00ed Gar\u00f0yrkjuf\u00e9laginu \u00feegar \u00e9g vann \u00ed gar\u00f0yrkjust\u00f6\u00f0 Ingimars \u00ed Fag"}},"product_brand":[],"product_cat":[83],"product_tag":[],"class_list":{"0":"post-7510","1":"product","2":"type-product","3":"status-publish","4":"has-post-thumbnail","6":"product_cat-books","7":"product_shipping_class-small-en","9":"first","10":"instock","11":"purchasable","12":"product-type-simple"},"_links":{"self":[{"href":"https:\/\/kindart.is\/en\/wp-json\/wp\/v2\/product\/7510","targetHints":{"allow":["GET"]}}],"collection":[{"href":"https:\/\/kindart.is\/en\/wp-json\/wp\/v2\/product"}],"about":[{"href":"https:\/\/kindart.is\/en\/wp-json\/wp\/v2\/types\/product"}],"wp:featuredmedia":[{"embeddable":true,"href":"https:\/\/kindart.is\/en\/wp-json\/wp\/v2\/media\/7507"}],"wp:attachment":[{"href":"https:\/\/kindart.is\/en\/wp-json\/wp\/v2\/media?parent=7510"}],"wp:term":[{"taxonomy":"product_brand","embeddable":true,"href":"https:\/\/kindart.is\/en\/wp-json\/wp\/v2\/product_brand?post=7510"},{"taxonomy":"product_cat","embeddable":true,"href":"https:\/\/kindart.is\/en\/wp-json\/wp\/v2\/product_cat?post=7510"},{"taxonomy":"product_tag","embeddable":true,"href":"https:\/\/kindart.is\/en\/wp-json\/wp\/v2\/product_tag?post=7510"}],"curies":[{"name":"wp","href":"https:\/\/api.w.org\/{rel}","templated":true}]}}