{"id":7518,"date":"2023-06-19T13:11:02","date_gmt":"2023-06-19T13:11:02","guid":{"rendered":"https:\/\/kindart.is\/product\/graenmeti-og-ber\/"},"modified":"2023-06-19T13:11:02","modified_gmt":"2023-06-19T13:11:02","slug":"graenmeti-og-ber","status":"publish","type":"product","link":"https:\/\/kindart.is\/en\/vara\/graenmeti-og-ber\/","title":{"rendered":"Gr\u00e6nmeti og ber"},"content":{"rendered":"<p><strong>Gr\u00e6nmeti og ber<\/strong> eftir Helgu Sigur\u00f0ard\u00f3ttur, Fj\u00f3r\u00f0a \u00fatg\u00e1fa. Fyrsta \u00fatg\u00e1fa kom \u00fat 1940 og h\u00e9t Gr\u00e6nmeti og ber allt \u00e1ri\u00f0, en \u00fev\u00ed heiti var flj\u00f3tlega breytt og aftari hlutanum sleppt. Helga samdi fj\u00f6ldan allan af b\u00f3kum um gr\u00e6nmetisr\u00e9tti og var brautry\u00f0jandi \u00ed \u00feeim efnum \u00e1 \u00cdslandi. Riti\u00f0 er 21.7 X 14.2 cm a\u00f0 st\u00e6r\u00f0 og 203 bls.<\/p>\n<p><strong>\u00datg\u00e1fa og prentun<\/strong>:<br \/>\n\u00datgefandi: \u00cdsafoldarprentsmi\u00f0ja, Reykjav\u00edk 1941 Prentun: \u00cdsafoldarprentsmi\u00f0ja.<\/p>\n","protected":false},"excerpt":{"rendered":"<p>Gr\u00e6nmeti og ber eftir Helgu Sigur\u00f0ard\u00f3ttur, Fj\u00f3r\u00f0a \u00fatg\u00e1fa. Fyrsta \u00fatg\u00e1fa kom \u00fat 1940 og h\u00e9t Gr\u00e6nmeti og ber allt \u00e1ri\u00f0, en \u00fev\u00ed heiti var flj\u00f3tlega breytt og aftari hlutanum sleppt. Helga samdi fj\u00f6ldan allan af b\u00f3kum um gr\u00e6nmetisr\u00e9tti og var brautry\u00f0jandi \u00ed \u00feeim efnum \u00e1 \u00cdslandi. Riti\u00f0 er 21.7 X 14.2 cm a\u00f0 st\u00e6r\u00f0 og [&hellip;]<\/p>\n","protected":false},"featured_media":7513,"template":"","meta":{"slim_seo":{"title":"Gr\u00e6nmeti og ber - KindArt","description":"Gr\u00e6nmeti og ber eftir Helgu Sigur\u00f0ard\u00f3ttur, Fj\u00f3r\u00f0a \u00fatg\u00e1fa. Fyrsta \u00fatg\u00e1fa kom \u00fat 1940 og h\u00e9t Gr\u00e6nmeti og ber allt \u00e1ri\u00f0, en \u00fev\u00ed heiti var flj\u00f3tlega breytt og afta"}},"product_brand":[],"product_cat":[83],"product_tag":[],"class_list":{"0":"post-7518","1":"product","2":"type-product","3":"status-publish","4":"has-post-thumbnail","6":"product_cat-books","7":"product_shipping_class-small-en","9":"first","10":"instock","11":"purchasable","12":"product-type-simple"},"_links":{"self":[{"href":"https:\/\/kindart.is\/en\/wp-json\/wp\/v2\/product\/7518","targetHints":{"allow":["GET"]}}],"collection":[{"href":"https:\/\/kindart.is\/en\/wp-json\/wp\/v2\/product"}],"about":[{"href":"https:\/\/kindart.is\/en\/wp-json\/wp\/v2\/types\/product"}],"wp:featuredmedia":[{"embeddable":true,"href":"https:\/\/kindart.is\/en\/wp-json\/wp\/v2\/media\/7513"}],"wp:attachment":[{"href":"https:\/\/kindart.is\/en\/wp-json\/wp\/v2\/media?parent=7518"}],"wp:term":[{"taxonomy":"product_brand","embeddable":true,"href":"https:\/\/kindart.is\/en\/wp-json\/wp\/v2\/product_brand?post=7518"},{"taxonomy":"product_cat","embeddable":true,"href":"https:\/\/kindart.is\/en\/wp-json\/wp\/v2\/product_cat?post=7518"},{"taxonomy":"product_tag","embeddable":true,"href":"https:\/\/kindart.is\/en\/wp-json\/wp\/v2\/product_tag?post=7518"}],"curies":[{"name":"wp","href":"https:\/\/api.w.org\/{rel}","templated":true}]}}