{"id":7524,"date":"2023-06-21T06:32:15","date_gmt":"2023-06-21T06:32:15","guid":{"rendered":"https:\/\/kindart.is\/product\/thjodviljinn-ungi\/"},"modified":"2024-11-14T17:01:15","modified_gmt":"2024-11-14T17:01:15","slug":"thjodviljinn-ungi","status":"publish","type":"product","link":"https:\/\/kindart.is\/en\/vara\/thjodviljinn-ungi\/","title":{"rendered":"\u00dej\u00f3\u00f0viljinn ungi"},"content":{"rendered":"<p><strong>\u00dej\u00f3\u00f0viljinn ungi<\/strong>: Tv\u00f6 tbl. Nr.1 og Nr.4-5. Ritstj\u00f3ri: Sk\u00fali Thoroddsen. \u00deetta er fyrsta bla\u00f0 \u00dej\u00f3\u00f0viljans unga, sem var fyrst prenta\u00f0ur \u00ed Prentsmi\u00f0ju \u00cdsfir\u00f0inga,15.sept. 1891, en Sk\u00fali Thoroddsen t\u00f3k vi\u00f0 prentsmi\u00f0junni \u00ed n\u00f3v.1892. \u00c1ri\u00f0 1898 keypti hann n\u00fdja st\u00f3ra hra\u00f0pressu og n\u00fd letur og var prentsmi\u00f0jan \u00fe\u00e1 or\u00f0inn st\u00e6rsta prentsmi\u00f0ja landsins utan Reykjav\u00edkur. H\u00fan var sta\u00f0sett \u00ed h\u00fasi Sk\u00fala a\u00f0 Mjallarg\u00f6tu 6 \u00e1 \u00cdsafir\u00f0i. Bla\u00f0i\u00f0 f\u00e9kk n\u00fa aftur nafni\u00f0 \u00dej\u00f3\u00f0viljinn, St\u00e6r\u00f0: 32 X 25.5 cm. \u00dej\u00f3\u00f0viljinn kom fyrst \u00fat 1886 og prentsmi\u00f0jan f\u00e9kk nafni\u00f0 Prentsmi\u00f0ja \u00dej\u00f3\u00f0viljans \u00e1ri\u00f0 1899.<\/p>\n<p><strong>\u00datg\u00e1fa og prentun<\/strong>:<br \/>\n\u00datgefandi: Prentf\u00e9lag \u00cdsfir\u00f0inga (1886-1889) Nokkrir \u00cdsfir\u00f0ingar (1889-1891)\u2028Sk\u00fali Thoroddsen (1891-1891) Sigur\u00f0ur Stef\u00e1nsson (1891-1891) Nokkrir \u00cdsfir\u00f0ingar (1891-1892) Bla\u00f0i\u00f0 kom \u00fat \u00e1 \u00cdsafir\u00f0i Akureyri, og aftur \u00e1 \u00cdsafir\u00f0i, Bessast\u00f6\u00f0um og Reykjav\u00edk. \u00dea\u00f0 kom \u00fat 1886-1915.<\/p>\n<p><strong>UM \u00deJ\u00d3\u00d0VILJANN unga 1891<\/strong><br \/>\n\u00deJ\u00d3\u00d0VILJINN UNGI.<br \/>\n\u00dea\u00f0 var barist \u00e1fram um yfirr\u00e1\u00f0 yfir g\u00f6mlu prentsmi\u00f0ju Prentf\u00e9lags \u00cdsfir\u00f0inga, sem prenta\u00f0i \u00dej\u00f3\u00f0viljann, en 15.sept. 1891 var breytt um nafn \u00e1 bla\u00f0inu og h\u00e9t \u00fea\u00f0 n\u00fa \u00dej\u00f3\u00f0viljinn ungi. Bla\u00f0i\u00f0 var samt prenta\u00f0 \u00e1fram \u00ed prentsmi\u00f0ju Prentf\u00e9lags \u00cdsfir\u00f0inga, \u00fear til 24.j\u00fan\u00ed 1892. \u00de\u00e1 haf\u00f0i n\u00fd prentsmi\u00f0ja veri\u00f0 keypt og var sett ni\u00f0ur \u00ed byrjun september 1892 og var \u00fea\u00f0 v\u00f6ndu\u00f0 \u201eTiegeldruchs-hra\u00f0pressa\u201c. A\u00f0aleigandi hennar var Sk\u00fali Thoroddsen, en me\u00f0eigendur \u201eNokkrir \u00cdsfir\u00f0ingar; fylgdu henni 19 leturtegundir, \u00e1samt nokkru af skrauti. Fyrsta bla\u00f0i\u00f0 \u00ed n\u00fdju prentsmi\u00f0junni var dags. 14.sept. 1892. \u2013 \u00dea\u00f0 var s\u00ed\u00f0an 19.n\u00f3v.1892 sem Sk\u00fali t\u00f3k einn vi\u00f0 prentsmi\u00f0junni og \u00dej\u00f3\u00f0viljanum unga, samkv\u00e6mt afsali annarra eigenda. Haf\u00f0i Sk\u00fala veri\u00f0 viki\u00f0 fr\u00e1 emb\u00e6tti s\u00fdslumanns eftir miklar deilur (Sk\u00falam\u00e1lin svok\u00f6llu\u00f0u) og var\u00f0 hann n\u00fa ritstj\u00f3ri bla\u00f0sins. \u00deessir prentarar st\u00f6rfu\u00f0u \u00ed Prentsmi\u00f0ju \u00dej\u00f3\u00f0viljans unga: J\u00f3hannes Vigf\u00fasson, Stef\u00e1n Run\u00f3lfsson, Magn\u00fas \u00d3lafsson og Einar Sigur\u00f0sson. \u2028\u00c1ri\u00f0 1898 keypti Sk\u00fali Thoroddsen n\u00fdja st\u00f3ra hra\u00f0pressu til prentsmi\u00f0ju sinnar \u00e1 \u00cdsafir\u00f0i og g\u00f3\u00f0 og fj\u00f6lbreytt n\u00fd letur. Var\u00f0 Prentsmi\u00f0ja \u00dej\u00f3\u00f0viljans unga \u00fear me\u00f0 or\u00f0in ein st\u00e6rsta prentsmi\u00f0ja landsins, og langst\u00e6rsta og myndarlegasta prentsmi\u00f0jan utan Reykjav\u00edkur. Prentsmi\u00f0jan var sta\u00f0sett \u00ed h\u00fasi Sk\u00fala a\u00f0 Mjallarg\u00f6tu 6 \u00e1 \u00cdsafir\u00f0i.<br \/>\nBla\u00f0i\u00f0 var \u00feriggja d\u00e1lka, hver d\u00e1lkur um 7 cm. &#8211; og 32 X 25.5 cm a\u00f0 st\u00e6r\u00f0, 10 bls. &#8211; Bla\u00f0i\u00f0 var prenta\u00f0 \u00ed Prentsmi\u00f0ju \u00cdsfir\u00f0inga og prentari var J\u00f3hannes Vigf\u00fasson.<\/p>\n","protected":false},"excerpt":{"rendered":"<p>\u00dej\u00f3\u00f0viljinn ungi: Tv\u00f6 tbl. Nr.1 og Nr.4-5. Ritstj\u00f3ri: Sk\u00fali Thoroddsen. \u00deetta er fyrsta bla\u00f0 \u00dej\u00f3\u00f0viljans unga, sem var fyrst prenta\u00f0ur \u00ed Prentsmi\u00f0ju \u00cdsfir\u00f0inga,15.sept. 1891, en Sk\u00fali Thoroddsen t\u00f3k vi\u00f0 prentsmi\u00f0junni \u00ed n\u00f3v.1892. \u00c1ri\u00f0 1898 keypti hann n\u00fdja st\u00f3ra hra\u00f0pressu og n\u00fd letur og var prentsmi\u00f0jan \u00fe\u00e1 or\u00f0inn st\u00e6rsta prentsmi\u00f0ja landsins utan Reykjav\u00edkur. H\u00fan var sta\u00f0sett [&hellip;]<\/p>\n","protected":false},"featured_media":7521,"template":"","meta":{"slim_seo":{"title":"\u00dej\u00f3\u00f0viljinn ungi - KindArt","description":"\u00dej\u00f3\u00f0viljinn ungi : Tv\u00f6 tbl. Nr.1 og Nr.4-5. Ritstj\u00f3ri: Sk\u00fali Thoroddsen. \u00deetta er fyrsta bla\u00f0 \u00dej\u00f3\u00f0viljans unga, sem var fyrst prenta\u00f0ur \u00ed Prentsmi\u00f0ju \u00cdsfir\u00f0inga"}},"product_brand":[],"product_cat":[83],"product_tag":[],"class_list":{"0":"post-7524","1":"product","2":"type-product","3":"status-publish","4":"has-post-thumbnail","6":"product_cat-books","7":"product_shipping_class-small-en","9":"first","10":"outofstock","11":"purchasable","12":"product-type-simple"},"_links":{"self":[{"href":"https:\/\/kindart.is\/en\/wp-json\/wp\/v2\/product\/7524","targetHints":{"allow":["GET"]}}],"collection":[{"href":"https:\/\/kindart.is\/en\/wp-json\/wp\/v2\/product"}],"about":[{"href":"https:\/\/kindart.is\/en\/wp-json\/wp\/v2\/types\/product"}],"wp:featuredmedia":[{"embeddable":true,"href":"https:\/\/kindart.is\/en\/wp-json\/wp\/v2\/media\/7521"}],"wp:attachment":[{"href":"https:\/\/kindart.is\/en\/wp-json\/wp\/v2\/media?parent=7524"}],"wp:term":[{"taxonomy":"product_brand","embeddable":true,"href":"https:\/\/kindart.is\/en\/wp-json\/wp\/v2\/product_brand?post=7524"},{"taxonomy":"product_cat","embeddable":true,"href":"https:\/\/kindart.is\/en\/wp-json\/wp\/v2\/product_cat?post=7524"},{"taxonomy":"product_tag","embeddable":true,"href":"https:\/\/kindart.is\/en\/wp-json\/wp\/v2\/product_tag?post=7524"}],"curies":[{"name":"wp","href":"https:\/\/api.w.org\/{rel}","templated":true}]}}