{"id":7528,"date":"2023-06-21T06:36:03","date_gmt":"2023-06-21T06:36:03","guid":{"rendered":"https:\/\/kindart.is\/product\/satt\/"},"modified":"2023-06-22T18:03:22","modified_gmt":"2023-06-22T18:03:22","slug":"satt","status":"publish","type":"product","link":"https:\/\/kindart.is\/en\/vara\/satt\/","title":{"rendered":"SATT"},"content":{"rendered":"<p><strong>SATT<\/strong>, T\u00edmarit sem flytur a\u00f0eins sannar fr\u00e1sagnir. Nr. 4.-11.tbl. 19. \u00e1rg. 1971. \u2013<br \/>\n8 t\u00f6lubl\u00f6\u00f0. St\u00e6r\u00f0: 27.5 X21 cm, ca. 2 arkir sem gera 33 bls.- \u00c1 bls. 2 er alltaf \u00fe\u00e1ttur sem heitir Blanda og safna\u00f0i Sigur\u00f0ur Arnalds ritstj\u00f3ri saman efni \u00ed hann en \u00fea\u00f0 voru allskonar fr\u00e1sagnir, v\u00edsur e\u00f0a gamans\u00f6gur o.fl. &#8211; \u00cdslensk fr\u00e1s\u00f6gn er \u00ed hverju hefti og stundum eru \u00fe\u00e6r eftir Sverri Kristj\u00e1nsson sagnfr\u00e6\u00f0ing e\u00f0a T\u00f3mas Gu\u00f0mundsson sk\u00e1ld, en \u00fe\u00e6r komu seinna s\u00e9rprenta\u00f0ar \u00ed s\u00e9rst\u00f6kum b\u00f3kaflokki sem Sigur\u00f0ur gaf \u00fat.<\/p>\n<p><strong>\u00datg\u00e1fa og prentun<\/strong>:<br \/>\n\u00datgefandi: Sigur\u00f0ur Arnalds Reykjav\u00edk, 1971, F\u00e9lagsprentsmi\u00f0jan.<\/p>\n","protected":false},"excerpt":{"rendered":"<p>SATT, T\u00edmarit sem flytur a\u00f0eins sannar fr\u00e1sagnir. Nr. 4.-11.tbl. 19. \u00e1rg. 1971. \u2013 8 t\u00f6lubl\u00f6\u00f0. St\u00e6r\u00f0: 27.5 X21 cm, ca. 2 arkir sem gera 33 bls.- \u00c1 bls. 2 er alltaf \u00fe\u00e1ttur sem heitir Blanda og safna\u00f0i Sigur\u00f0ur Arnalds ritstj\u00f3ri saman efni \u00ed hann en \u00fea\u00f0 voru allskonar fr\u00e1sagnir, v\u00edsur e\u00f0a gamans\u00f6gur o.fl. &#8211; \u00cdslensk [&hellip;]<\/p>\n","protected":false},"featured_media":7552,"template":"","meta":{"slim_seo":{"title":"SATT - KindArt","description":"SATT , T\u00edmarit sem flytur a\u00f0eins sannar fr\u00e1sagnir. Nr. 4.-11.tbl. 19. \u00e1rg. 1971. \u2013 8 t\u00f6lubl\u00f6\u00f0. St\u00e6r\u00f0: 27.5 X21 cm, ca. 2 arkir sem gera 33 bls.- \u00c1 bls. 2 er all"}},"product_brand":[],"product_cat":[83],"product_tag":[],"class_list":{"0":"post-7528","1":"product","2":"type-product","3":"status-publish","4":"has-post-thumbnail","6":"product_cat-books","7":"product_shipping_class-small-en","9":"first","10":"instock","11":"purchasable","12":"product-type-simple"},"_links":{"self":[{"href":"https:\/\/kindart.is\/en\/wp-json\/wp\/v2\/product\/7528","targetHints":{"allow":["GET"]}}],"collection":[{"href":"https:\/\/kindart.is\/en\/wp-json\/wp\/v2\/product"}],"about":[{"href":"https:\/\/kindart.is\/en\/wp-json\/wp\/v2\/types\/product"}],"wp:featuredmedia":[{"embeddable":true,"href":"https:\/\/kindart.is\/en\/wp-json\/wp\/v2\/media\/7552"}],"wp:attachment":[{"href":"https:\/\/kindart.is\/en\/wp-json\/wp\/v2\/media?parent=7528"}],"wp:term":[{"taxonomy":"product_brand","embeddable":true,"href":"https:\/\/kindart.is\/en\/wp-json\/wp\/v2\/product_brand?post=7528"},{"taxonomy":"product_cat","embeddable":true,"href":"https:\/\/kindart.is\/en\/wp-json\/wp\/v2\/product_cat?post=7528"},{"taxonomy":"product_tag","embeddable":true,"href":"https:\/\/kindart.is\/en\/wp-json\/wp\/v2\/product_tag?post=7528"}],"curies":[{"name":"wp","href":"https:\/\/api.w.org\/{rel}","templated":true}]}}