{"id":7547,"date":"2023-06-22T07:15:15","date_gmt":"2023-06-22T07:15:15","guid":{"rendered":"https:\/\/kindart.is\/product\/ithrottamal\/"},"modified":"2023-06-22T07:15:15","modified_gmt":"2023-06-22T07:15:15","slug":"ithrottamal","status":"publish","type":"product","link":"https:\/\/kindart.is\/en\/vara\/ithrottamal\/","title":{"rendered":"\u00cd\u00fer\u00f3ttam\u00e1l"},"content":{"rendered":"<p><strong>\u00cd\u00fer\u00f3ttam\u00e1l<\/strong>. B\u00e6klingar, sem J\u00f3n Benediktsson gaf \u00fat 1938-1944 um \u00cd\u00fer\u00f3ttam\u00e1l. Fj\u00f3rir \u00feeir fyrstu eru v\u00edrheftir, en tveir bundnir og gylltir utan \u00e1 bindin. Mj\u00f6g fallegir b\u00e6klingar eftir J\u00f3n, vel \u00far gar\u00f0i ger\u00f0ir og vanda\u00f0 til \u00feeirra \u00e1 allan h\u00e1tt. &#8211; S\u00e1 fyrsti heitir: Vakandi stj\u00f3rn starfandi f\u00e9lags og er a\u00f0 nokkru leyti tileinka\u00f0ur Jakobi Fr\u00edmannssyni fulltr\u00faa Kaupf\u00e9lags Eyfir\u00f0inga fyrir framg\u00f6ngu og lei\u00f0slu heita vatnsins \u00ed sundlaugar b\u00e6jarins \u00e1 Akureyri. \u00de\u00e1 er l\u00edka sagt fr\u00e1 \u00fdmsum \u00f6\u00f0rum \u00ed\u00fer\u00f3ttam\u00f6nnum og afrekum \u00feeirra. \u2013 Annar b\u00e6klingurinn heitir: Fyrsta lj\u00f3\u00f0sk\u00e1ldi\u00f0, sem minnist \u00ed\u00fer\u00f3ttah\u00fassins, er Gunnar S. Hei\u00f0dal og kom \u00fat 1939. \u00dear er listi yfir 28 bindi b\u00f3ka sem Gunnar gefur til a\u00f0 nota sem vinning \u00ed happdr\u00e6tti sem komi\u00f0 ver\u00f0i \u00e1 f\u00f3t til \u00e1g\u00f3\u00f0a fyrirhugu\u00f0u \u00ed\u00fer\u00f3ttah\u00fasi \u00e1 Akureyri. \u2013 \u00deri\u00f0ji b\u00e6klingurinn er: Var\u00f0ma\u00f0ur! Hva\u00f0 l\u00ed\u00f0ur n\u00f3ttinni? . . . og Opi\u00f0 br\u00e9f til Hermanns J\u00f3nassonar, fors\u00e6tisr\u00e1\u00f0herra og hei\u00f0ursf\u00e9laga Gl\u00edmuf\u00e9lagsins \u00c1rmanns \u00ed Reykjav\u00edk. Af \u00feessu kveri eru 4 eint\u00f6k prentu\u00f0 \u00e1 gulan papp\u00edr og er \u00feetta eitt af \u00feeim. &#8211; Fj\u00f3r\u00f0i b\u00e6klingurinn heitir: Vorbo\u00f0i \u00edsl. \u00e6sku \u2013 \u00cd\u00fer\u00f3ttam\u00e1l II, St\u00e6r\u00f0: 16 X 11.5 cm. \u00dear eru margar myndir af \u00e1hugam\u00f6nnum um \u00ed\u00fer\u00f3ttam\u00e1l og l\u00f6ng grein um Sigurj\u00f3n \u00e1 \u00c1lafossi og hans st\u00f6rf. Fimmti b\u00e6klingurinn heitir Sumar gengur \u00ed gar\u00f0 og er hann bundinn \u00ed gr\u00e6nt rex\u00edn \u00e1 kj\u00f6l og kl\u00e6dd me\u00f0 br\u00fanu rex\u00edni. Gyllt framan \u00e1 nafn b\u00f3kar og h\u00f6fundar. B\u00f3kin er 32 bls. lesm\u00e1l og myndir og auk \u00feess 20 bls. augl\u00fdsingar b\u00e6\u00f0i framan og aftan vi\u00f0 efni\u00f0. &#8211; Sj\u00f6tta b\u00f3kin er bundin \u00ed alband, br\u00fant alrex\u00edn og gyllt framan \u00e1 nafn h\u00f6fundar og b\u00f3kar. H\u00fan heitir: \u00cd\u00fer\u00f3ttamenn \u00edslenzkrar tungu \u2013 \u00cd\u00fer\u00f3ttam\u00e1l III. \u00dearna er sagt fr\u00e1 m\u00f6rgum merkum m\u00f6nnum sem hafa lagt stund \u00e1 \u00edslenzka tungu og fremst \u00ed b\u00f3kinni er mynd af J\u00f3ni Sigur\u00f0ssyni forseta. St\u00e6r\u00f0: 16 X 12 cm og 72 bls auk augl\u00fdsinga.<\/p>\n<p><strong>\u00datg\u00e1fa og prentun<\/strong>:<br \/>\nJ\u00f3n Benediktsson prentari, 1944 Akureyri. Prentverk Odds Bj\u00f6rnssonar.<\/p>\n","protected":false},"excerpt":{"rendered":"<p>\u00cd\u00fer\u00f3ttam\u00e1l. B\u00e6klingar, sem J\u00f3n Benediktsson gaf \u00fat 1938-1944 um \u00cd\u00fer\u00f3ttam\u00e1l. Fj\u00f3rir \u00feeir fyrstu eru v\u00edrheftir, en tveir bundnir og gylltir utan \u00e1 bindin. Mj\u00f6g fallegir b\u00e6klingar eftir J\u00f3n, vel \u00far gar\u00f0i ger\u00f0ir og vanda\u00f0 til \u00feeirra \u00e1 allan h\u00e1tt. &#8211; S\u00e1 fyrsti heitir: Vakandi stj\u00f3rn starfandi f\u00e9lags og er a\u00f0 nokkru leyti tileinka\u00f0ur Jakobi Fr\u00edmannssyni [&hellip;]<\/p>\n","protected":false},"featured_media":7536,"template":"","meta":{"slim_seo":{"title":"\u00cd\u00fer\u00f3ttam\u00e1l - KindArt","description":"\u00cd\u00fer\u00f3ttam\u00e1l . B\u00e6klingar, sem J\u00f3n Benediktsson gaf \u00fat 1938-1944 um \u00cd\u00fer\u00f3ttam\u00e1l. Fj\u00f3rir \u00feeir fyrstu eru v\u00edrheftir, en tveir bundnir og gylltir utan \u00e1 bindin. Mj\u00f6g f"}},"product_brand":[],"product_cat":[83],"product_tag":[],"class_list":{"0":"post-7547","1":"product","2":"type-product","3":"status-publish","4":"has-post-thumbnail","6":"product_cat-books","7":"product_shipping_class-small-en","9":"first","10":"instock","11":"purchasable","12":"product-type-simple"},"_links":{"self":[{"href":"https:\/\/kindart.is\/en\/wp-json\/wp\/v2\/product\/7547","targetHints":{"allow":["GET"]}}],"collection":[{"href":"https:\/\/kindart.is\/en\/wp-json\/wp\/v2\/product"}],"about":[{"href":"https:\/\/kindart.is\/en\/wp-json\/wp\/v2\/types\/product"}],"wp:featuredmedia":[{"embeddable":true,"href":"https:\/\/kindart.is\/en\/wp-json\/wp\/v2\/media\/7536"}],"wp:attachment":[{"href":"https:\/\/kindart.is\/en\/wp-json\/wp\/v2\/media?parent=7547"}],"wp:term":[{"taxonomy":"product_brand","embeddable":true,"href":"https:\/\/kindart.is\/en\/wp-json\/wp\/v2\/product_brand?post=7547"},{"taxonomy":"product_cat","embeddable":true,"href":"https:\/\/kindart.is\/en\/wp-json\/wp\/v2\/product_cat?post=7547"},{"taxonomy":"product_tag","embeddable":true,"href":"https:\/\/kindart.is\/en\/wp-json\/wp\/v2\/product_tag?post=7547"}],"curies":[{"name":"wp","href":"https:\/\/api.w.org\/{rel}","templated":true}]}}