{"id":7556,"date":"2023-06-25T06:20:54","date_gmt":"2023-06-25T06:20:54","guid":{"rendered":"https:\/\/kindart.is\/product\/samstada-gegn-heimsvaldastefnu-3\/"},"modified":"2024-10-19T16:05:00","modified_gmt":"2024-10-19T16:05:00","slug":"samstada-gegn-heimsvaldastefnu-3","status":"publish","type":"product","link":"https:\/\/kindart.is\/en\/vara\/samstada-gegn-heimsvaldastefnu-3\/","title":{"rendered":"Samsta\u00f0a gegn heimsvaldastefnu 3"},"content":{"rendered":"<p><strong>Samsta\u00f0a gegn heimsvaldastefnu 3<\/strong>. T\u00edmarit um al\u00fej\u00f3\u00f0am\u00e1l undir merkjum bar\u00e1ttu gegn heimsvaldastefnu, fyrir \u00fej\u00f3\u00f0frelsi og s\u00f3s\u00edalisma. Efni bla\u00f0sins er skipt \u00ed tvennt: Fyrri hlutinn fjalllar um R\u00f3m\u00f6nsku Amer\u00edku og s\u00e1 seinni um Afr\u00edku. St\u00e6r\u00f0: 27.4 X 18.3 cm og 30 bls. og k\u00e1pa. Ritstj\u00f3ri og \u00e1bm.: \u00der\u00f6stur Haraldsson.<\/p>\n<p><strong>\u00datg\u00e1fa og prentun<\/strong>:<br \/>\n\u00datgefandi: V\u00edetnamnefndin \u00e1 \u00cdslandi. 1977 Reykjav\u00edk. Prentun: (Samtak. Ekki vita\u00f0 hvar \u00feessi prentsmi\u00f0ja var sta\u00f0sett).<\/p>\n","protected":false},"excerpt":{"rendered":"<p>Samsta\u00f0a gegn heimsvaldastefnu 3. T\u00edmarit um al\u00fej\u00f3\u00f0am\u00e1l undir merkjum bar\u00e1ttu gegn heimsvaldastefnu, fyrir \u00fej\u00f3\u00f0frelsi og s\u00f3s\u00edalisma. Efni bla\u00f0sins er skipt \u00ed tvennt: Fyrri hlutinn fjalllar um R\u00f3m\u00f6nsku Amer\u00edku og s\u00e1 seinni um Afr\u00edku. St\u00e6r\u00f0: 27.4 X 18.3 cm og 30 bls. og k\u00e1pa. Ritstj\u00f3ri og \u00e1bm.: \u00der\u00f6stur Haraldsson. \u00datg\u00e1fa og prentun: \u00datgefandi: V\u00edetnamnefndin \u00e1 \u00cdslandi. [&hellip;]<\/p>\n","protected":false},"featured_media":7555,"template":"","meta":{"slim_seo":{"title":"Samsta\u00f0a gegn heimsvaldastefnu 3 - KindArt","description":"Samsta\u00f0a gegn heimsvaldastefnu 3 . T\u00edmarit um al\u00fej\u00f3\u00f0am\u00e1l undir merkjum bar\u00e1ttu gegn heimsvaldastefnu, fyrir \u00fej\u00f3\u00f0frelsi og s\u00f3s\u00edalisma. Efni bla\u00f0sins er skipt \u00ed t"}},"product_brand":[],"product_cat":[83],"product_tag":[],"class_list":{"0":"post-7556","1":"product","2":"type-product","3":"status-publish","4":"has-post-thumbnail","6":"product_cat-books","7":"product_shipping_class-small-en","9":"first","10":"outofstock","11":"purchasable","12":"product-type-simple"},"_links":{"self":[{"href":"https:\/\/kindart.is\/en\/wp-json\/wp\/v2\/product\/7556","targetHints":{"allow":["GET"]}}],"collection":[{"href":"https:\/\/kindart.is\/en\/wp-json\/wp\/v2\/product"}],"about":[{"href":"https:\/\/kindart.is\/en\/wp-json\/wp\/v2\/types\/product"}],"wp:featuredmedia":[{"embeddable":true,"href":"https:\/\/kindart.is\/en\/wp-json\/wp\/v2\/media\/7555"}],"wp:attachment":[{"href":"https:\/\/kindart.is\/en\/wp-json\/wp\/v2\/media?parent=7556"}],"wp:term":[{"taxonomy":"product_brand","embeddable":true,"href":"https:\/\/kindart.is\/en\/wp-json\/wp\/v2\/product_brand?post=7556"},{"taxonomy":"product_cat","embeddable":true,"href":"https:\/\/kindart.is\/en\/wp-json\/wp\/v2\/product_cat?post=7556"},{"taxonomy":"product_tag","embeddable":true,"href":"https:\/\/kindart.is\/en\/wp-json\/wp\/v2\/product_tag?post=7556"}],"curies":[{"name":"wp","href":"https:\/\/api.w.org\/{rel}","templated":true}]}}