{"id":7560,"date":"2023-06-25T06:26:10","date_gmt":"2023-06-25T06:26:10","guid":{"rendered":"https:\/\/kindart.is\/product\/satt-2\/"},"modified":"2023-06-25T06:26:10","modified_gmt":"2023-06-25T06:26:10","slug":"satt-2","status":"publish","type":"product","link":"https:\/\/kindart.is\/en\/vara\/satt-2\/","title":{"rendered":"SATT"},"content":{"rendered":"<p><strong>SATT<\/strong>, flytur a\u00f0eins sannar fr\u00e1sagnir. 11.tbl.19.\u00e1rg. 1971. \u2013 St\u00e6r\u00f0: 27.5 X 21 cm, ca. 2 arkir sem gera 33 bls.- \u00c1 bls. 2 var alltaf \u00fe\u00e1ttur sem Sigur\u00f0ur Arnalds ritstj\u00f3ri safna\u00f0i efni \u00ed en \u00fea\u00f0 voru allskonar fr\u00e1sagnir, v\u00edsur og gamans\u00f6gur o.fl.<br \/>\n\u00c1RITUN<br \/>\n&#8211; \u00c1 \u00feessu hefti stendur framan \u00e1 k\u00e1pu skrifa\u00f0 me\u00f0 penna:<br \/>\nAf \u00feessu hefti eru s\u00e9rprentu\u00f0 og t\u00f6lusett \u00f6rf\u00e1 eint\u00f6k og er \u00feetta nr 1.\u2028 \u00c1sd\u00eds og Sigur\u00f0ur Arnalds &#8211;<\/p>\n<p><strong>\u00datg\u00e1fa og prentun<\/strong>:<br \/>\n\u00datgefandi: Sigur\u00f0ur Arnalds Reykjav\u00edk, 1971, F\u00e9lagsprentsmi\u00f0jan.<\/p>\n","protected":false},"excerpt":{"rendered":"<p>SATT, flytur a\u00f0eins sannar fr\u00e1sagnir. 11.tbl.19.\u00e1rg. 1971. \u2013 St\u00e6r\u00f0: 27.5 X 21 cm, ca. 2 arkir sem gera 33 bls.- \u00c1 bls. 2 var alltaf \u00fe\u00e1ttur sem Sigur\u00f0ur Arnalds ritstj\u00f3ri safna\u00f0i efni \u00ed en \u00fea\u00f0 voru allskonar fr\u00e1sagnir, v\u00edsur og gamans\u00f6gur o.fl. \u00c1RITUN &#8211; \u00c1 \u00feessu hefti stendur framan \u00e1 k\u00e1pu skrifa\u00f0 me\u00f0 penna: Af [&hellip;]<\/p>\n","protected":false},"featured_media":7559,"template":"","meta":{"slim_seo":{"title":"SATT - KindArt","description":"SATT , flytur a\u00f0eins sannar fr\u00e1sagnir. 11.tbl.19.\u00e1rg. 1971. \u2013 St\u00e6r\u00f0: 27.5 X 21 cm, ca. 2 arkir sem gera 33 bls.- \u00c1 bls. 2 var alltaf \u00fe\u00e1ttur sem Sigur\u00f0ur Arnalds"}},"product_brand":[],"product_cat":[83],"product_tag":[],"class_list":{"0":"post-7560","1":"product","2":"type-product","3":"status-publish","4":"has-post-thumbnail","6":"product_cat-books","7":"product_shipping_class-small-en","9":"first","10":"instock","11":"purchasable","12":"product-type-simple"},"_links":{"self":[{"href":"https:\/\/kindart.is\/en\/wp-json\/wp\/v2\/product\/7560","targetHints":{"allow":["GET"]}}],"collection":[{"href":"https:\/\/kindart.is\/en\/wp-json\/wp\/v2\/product"}],"about":[{"href":"https:\/\/kindart.is\/en\/wp-json\/wp\/v2\/types\/product"}],"wp:featuredmedia":[{"embeddable":true,"href":"https:\/\/kindart.is\/en\/wp-json\/wp\/v2\/media\/7559"}],"wp:attachment":[{"href":"https:\/\/kindart.is\/en\/wp-json\/wp\/v2\/media?parent=7560"}],"wp:term":[{"taxonomy":"product_brand","embeddable":true,"href":"https:\/\/kindart.is\/en\/wp-json\/wp\/v2\/product_brand?post=7560"},{"taxonomy":"product_cat","embeddable":true,"href":"https:\/\/kindart.is\/en\/wp-json\/wp\/v2\/product_cat?post=7560"},{"taxonomy":"product_tag","embeddable":true,"href":"https:\/\/kindart.is\/en\/wp-json\/wp\/v2\/product_tag?post=7560"}],"curies":[{"name":"wp","href":"https:\/\/api.w.org\/{rel}","templated":true}]}}