{"id":7570,"date":"2023-06-25T06:38:22","date_gmt":"2023-06-25T06:38:22","guid":{"rendered":"https:\/\/kindart.is\/product\/heidrun-naegtabur-arnfirdings-sogur-og-aefintyri-af-ymsum-londum\/"},"modified":"2023-06-25T06:38:22","modified_gmt":"2023-06-25T06:38:22","slug":"heidrun-naegtabur-arnfirdings-sogur-og-aefintyri-af-ymsum-londum","status":"publish","type":"product","link":"https:\/\/kindart.is\/en\/vara\/heidrun-naegtabur-arnfirdings-sogur-og-aefintyri-af-ymsum-londum\/","title":{"rendered":"Hei\u00f0r\u00fan \u2013 N\u00e6gtab\u00far Arnfir\u00f0ings \u2013 S\u00f6gur og \u00e6fint\u00fdri af \u00fdmsum l\u00f6ndum"},"content":{"rendered":"<p><strong>Hei\u00f0r\u00fan \u2013 N\u00e6gtab\u00far Arnfir\u00f0ings \u2013 S\u00f6gur og \u00e6fint\u00fdri af \u00fdmsum l\u00f6ndum<\/strong>. B\u00f3k sem fylgdi bla\u00f0inu Arnfir\u00f0ingur \u00e1 B\u00edldudal. Hverju bla\u00f0i fylgdi ne\u00f0anm\u00e1lssaga til fr\u00f3\u00f0leiks og skemmtunar, sem h\u00e6gt var a\u00f0 ra\u00f0a saman \u00ed b\u00f3k. flytur s\u00f6gur og \u00e6fint\u00fdri fr\u00e1 \u00fdmsum l\u00f6ndum. B\u00f3kin er mj\u00f6g l\u00fain og miki\u00f0 lesin, k\u00e1pulaus, en bl\u00f6\u00f0in eru \u00fe\u00f3 heil og vantar ekki \u00ed \u00feau, en saumgarni\u00f0 er fari\u00f0 a\u00f0 trosna. H\u00fan er alls 56 bls. og 18.3 X 13 cm a\u00f0 st\u00e6r\u00f0. \u00deetta er fyrri hluti Hei\u00f0r\u00fanar. var a\u00f0eins prenta\u00f0ur \u00e1 B\u00edldudal til 10. j\u00fal\u00ed 1902, alls 22 t\u00f6lubl\u00f6\u00f0. &#8211; Seinni hlutinn var prenta\u00f0ur \u00ed F\u00e9lagsprentsmi\u00f0junni \u00ed Reykjav\u00edk en h\u00e6tti a\u00f0 koma \u00fat \u00ed jan\u00faar 1903.<\/p>\n<p><strong>\u00datg\u00e1fa og prentun<\/strong>:<br \/>\nEigandi og \u00fatgefandi: Prentf\u00e9lag Arnfir\u00f0inga, 1901-1902, B\u00edldudal. Reykjav\u00edk. Prentsmi\u00f0ja Arnfir\u00f0ings.<\/p>\n<p><strong>SAGA Hei\u00f0r\u00fanar og Prentsmi\u00f0ju Arnfir\u00f0ings<\/strong><\/p>\n<p>B\u00edldudal 1901 \u2013 1902<\/p>\n<p>P\u00e9tur J. Thorsteinsson (1854-1929) st\u00f3r\u00fatger\u00f0arma\u00f0ur \u00e1 B\u00edldudal var svili Sk\u00fala Thoroddsens (1859-1916) s\u00fdslumanns \u00ed \u00cdsafjar\u00f0ars\u00fdslu. Konur \u00feeirra \u00c1sthildur og Theod\u00f3ra voru systur. P\u00e9tur stofna\u00f0i bla\u00f0i\u00f0 Arnfir\u00f0ing \u00e1 B\u00edldudal og kom \u00e1 f\u00f3t prentsmi\u00f0ju \u00fear, sem nefndist eftir bla\u00f0inu og h\u00e9t Prentsmi\u00f0ja Arnfir\u00f0ings.<\/p>\n<p>Hann haf\u00f0i \u00fatvega\u00f0 s\u00e9r prentpressu fr\u00e1 Birni J\u00f3nssyni, eiganda \u00cdsafoldar og n\u00fdtt letur fr\u00e1 \u00fatl\u00f6ndum. Hann r\u00e9\u00f0 s\u00ed\u00f0an \u00deorstein Erlingsson (1858-1914) sk\u00e1ld sem ritstj\u00f3ra, en hann haf\u00f0i veri\u00f0 ritstj\u00f3ri Bjarka \u00e1 Eskifir\u00f0i \u00e1rin \u00e1 undan. Tilgangur P\u00e9turs me\u00f0 \u00feessu var a\u00f0 efla menningu \u00e1 su\u00f0urhluta fjar\u00f0anna og b\u00e6ta \u00ed skar\u00f0 \u00dej\u00f3\u00f0viljans, sem n\u00fa var fluttur til Bessasta\u00f0a me\u00f0 Sk\u00fala Thoroddsen.<\/p>\n<p>Arnfir\u00f0ingur kom fyrst \u00fat \u00ed n\u00f3vember 1901 og var \u00ed svipu\u00f0u broti og Fr\u00e9ttabla\u00f0i\u00f0 var \u00e1 s\u00ednum t\u00edma e\u00f0a 41 x 28,5 sm, sem s\u00fdnir a\u00f0 pressan hefur veri\u00f0 nokku\u00f0 st\u00f3r. Hann var a\u00f0eins prenta\u00f0ur \u00e1 B\u00edldudal til 10. j\u00fal\u00ed 1902, alls 22 t\u00f6lubl\u00f6\u00f0, en eftir \u00fea\u00f0 var hann prenta\u00f0ur \u00ed F\u00e9lagsprentsmi\u00f0junni \u00ed Reykjav\u00edk \u00fear til hann h\u00e6tti a\u00f0 koma \u00fat \u00ed jan\u00faar 1903.<\/p>\n<p>1) Arnfir\u00f0ingur, 1.\u00e1r. 1.bl. N\u00f3vember 1901. Prentsmi\u00f0ja Arnfir\u00f0ings. B\u00edldudal 1901.<\/p>\n<p>2) Hei\u00f0r\u00fan. N\u00e6gtab\u00far Arnfir\u00f0ings. S\u00f6gur og \u00e6fint\u00fdri af \u00fdmsum l\u00f6ndum. Prentsmi\u00f0ja Arnfir\u00f0ings, B\u00edldudal 1901-2.<\/p>\n<p>Hei\u00f0r\u00fan var s\u00f6gusafn bla\u00f0sins Arnfir\u00f0ingur og var \u00fea\u00f0 sem kalla\u00f0 var ne\u00f0anm\u00e1lssaga og umbrotin \u00feannig a\u00f0 h\u00e6gt var a\u00f0 klippa hana fr\u00e1 a\u00f0albla\u00f0inu og b\u00faa til sj\u00e1lfst\u00e6\u00f0a b\u00f3k. \u00deetta t\u00ed\u00f0ka\u00f0ist mj\u00f6g \u00e1 \u00feessum \u00e1rum. Hei\u00f0r\u00fan kom \u00fat \u00ed tveimur hlutum og var hinn fyrri (s.1-64) prenta\u00f0ur \u00e1 B\u00edldudal, en hinn s\u00ed\u00f0ari (1-56) sy\u00f0ra. Eftir \u00fev\u00ed sem best er vita\u00f0 var ekkert anna\u00f0 prenta\u00f0 \u00e1 B\u00edldudal en Arnfir\u00f0ingur og Hei\u00f0r\u00fan.<\/p>\n","protected":false},"excerpt":{"rendered":"<p>Hei\u00f0r\u00fan \u2013 N\u00e6gtab\u00far Arnfir\u00f0ings \u2013 S\u00f6gur og \u00e6fint\u00fdri af \u00fdmsum l\u00f6ndum. B\u00f3k sem fylgdi bla\u00f0inu Arnfir\u00f0ingur \u00e1 B\u00edldudal. Hverju bla\u00f0i fylgdi ne\u00f0anm\u00e1lssaga til fr\u00f3\u00f0leiks og skemmtunar, sem h\u00e6gt var a\u00f0 ra\u00f0a saman \u00ed b\u00f3k. flytur s\u00f6gur og \u00e6fint\u00fdri fr\u00e1 \u00fdmsum l\u00f6ndum. B\u00f3kin er mj\u00f6g l\u00fain og miki\u00f0 lesin, k\u00e1pulaus, en bl\u00f6\u00f0in eru \u00fe\u00f3 heil og [&hellip;]<\/p>\n","protected":false},"featured_media":7563,"template":"","meta":{"slim_seo":{"title":"Hei\u00f0r\u00fan \u2013 N\u00e6gtab\u00far Arnfir\u00f0ings \u2013 S\u00f6gur og \u00e6fint\u00fdri af \u00fdmsum l\u00f6ndum - KindArt","description":"Hei\u00f0r\u00fan \u2013 N\u00e6gtab\u00far Arnfir\u00f0ings \u2013 S\u00f6gur og \u00e6fint\u00fdri af \u00fdmsum l\u00f6ndum . B\u00f3k sem fylgdi bla\u00f0inu Arnfir\u00f0ingur \u00e1 B\u00edldudal. Hverju bla\u00f0i fylgdi ne\u00f0anm\u00e1lssaga til fr\u00f3\u00f0l"}},"product_brand":[],"product_cat":[83],"product_tag":[],"class_list":{"0":"post-7570","1":"product","2":"type-product","3":"status-publish","4":"has-post-thumbnail","6":"product_cat-books","7":"product_shipping_class-small-en","9":"first","10":"instock","11":"purchasable","12":"product-type-simple"},"_links":{"self":[{"href":"https:\/\/kindart.is\/en\/wp-json\/wp\/v2\/product\/7570","targetHints":{"allow":["GET"]}}],"collection":[{"href":"https:\/\/kindart.is\/en\/wp-json\/wp\/v2\/product"}],"about":[{"href":"https:\/\/kindart.is\/en\/wp-json\/wp\/v2\/types\/product"}],"wp:featuredmedia":[{"embeddable":true,"href":"https:\/\/kindart.is\/en\/wp-json\/wp\/v2\/media\/7563"}],"wp:attachment":[{"href":"https:\/\/kindart.is\/en\/wp-json\/wp\/v2\/media?parent=7570"}],"wp:term":[{"taxonomy":"product_brand","embeddable":true,"href":"https:\/\/kindart.is\/en\/wp-json\/wp\/v2\/product_brand?post=7570"},{"taxonomy":"product_cat","embeddable":true,"href":"https:\/\/kindart.is\/en\/wp-json\/wp\/v2\/product_cat?post=7570"},{"taxonomy":"product_tag","embeddable":true,"href":"https:\/\/kindart.is\/en\/wp-json\/wp\/v2\/product_tag?post=7570"}],"curies":[{"name":"wp","href":"https:\/\/api.w.org\/{rel}","templated":true}]}}