{"id":7576,"date":"2023-06-25T06:46:00","date_gmt":"2023-06-25T06:46:00","guid":{"rendered":"https:\/\/kindart.is\/product\/hver-er-madurinn-i\/"},"modified":"2023-06-25T06:46:00","modified_gmt":"2023-06-25T06:46:00","slug":"hver-er-madurinn-i","status":"publish","type":"product","link":"https:\/\/kindart.is\/en\/vara\/hver-er-madurinn-i\/","title":{"rendered":"Hver er ma\u00f0urinn I"},"content":{"rendered":"<p><strong>Hver er ma\u00f0urinn I<\/strong>., \u00cdslendinga\u00e6vir eftir Brynleif Top\u00edasson. I. bindi (Ad\u00f3lf Bj\u00f6rnsson \u2013 J\u00f3n L. \u00de\u00f3r\u00f0arson). B\u00f3kin er bundin \u00ed forlagsband, shirting og prenta\u00f0 \u00e1 bindi\u00f0 a\u00f0 framan og \u00e1 kj\u00f6l, nafn h\u00f6fundar og heiti. H\u00fan er 418 bls. og 22 X 13.8 cm a\u00f0 st\u00e6r\u00f0.<\/p>\n<p><strong>\u00datg\u00e1fa og prentun<\/strong>:<br \/>\n\u00datgefandi: Fagurskinna, (Gu\u00f0m. Gamal\u00edelsson) Reykjav\u00edk 1944. \u00cdsafoldarprentsmi\u00f0ja.<\/p>\n","protected":false},"excerpt":{"rendered":"<p>Hver er ma\u00f0urinn I., \u00cdslendinga\u00e6vir eftir Brynleif Top\u00edasson. I. bindi (Ad\u00f3lf Bj\u00f6rnsson \u2013 J\u00f3n L. \u00de\u00f3r\u00f0arson). B\u00f3kin er bundin \u00ed forlagsband, shirting og prenta\u00f0 \u00e1 bindi\u00f0 a\u00f0 framan og \u00e1 kj\u00f6l, nafn h\u00f6fundar og heiti. H\u00fan er 418 bls. og 22 X 13.8 cm a\u00f0 st\u00e6r\u00f0. \u00datg\u00e1fa og prentun: \u00datgefandi: Fagurskinna, (Gu\u00f0m. Gamal\u00edelsson) Reykjav\u00edk 1944. [&hellip;]<\/p>\n","protected":false},"featured_media":7573,"template":"","meta":{"slim_seo":{"title":"Hver er ma\u00f0urinn I - KindArt","description":"Hver er ma\u00f0urinn I ., \u00cdslendinga\u00e6vir eftir Brynleif Top\u00edasson. I. bindi (Ad\u00f3lf Bj\u00f6rnsson \u2013 J\u00f3n L. \u00de\u00f3r\u00f0arson). B\u00f3kin er bundin \u00ed forlagsband, shirting og prenta\u00f0"}},"product_brand":[],"product_cat":[83],"product_tag":[],"class_list":{"0":"post-7576","1":"product","2":"type-product","3":"status-publish","4":"has-post-thumbnail","6":"product_cat-books","7":"product_shipping_class-small-en","9":"first","10":"instock","11":"purchasable","12":"product-type-simple"},"_links":{"self":[{"href":"https:\/\/kindart.is\/en\/wp-json\/wp\/v2\/product\/7576","targetHints":{"allow":["GET"]}}],"collection":[{"href":"https:\/\/kindart.is\/en\/wp-json\/wp\/v2\/product"}],"about":[{"href":"https:\/\/kindart.is\/en\/wp-json\/wp\/v2\/types\/product"}],"wp:featuredmedia":[{"embeddable":true,"href":"https:\/\/kindart.is\/en\/wp-json\/wp\/v2\/media\/7573"}],"wp:attachment":[{"href":"https:\/\/kindart.is\/en\/wp-json\/wp\/v2\/media?parent=7576"}],"wp:term":[{"taxonomy":"product_brand","embeddable":true,"href":"https:\/\/kindart.is\/en\/wp-json\/wp\/v2\/product_brand?post=7576"},{"taxonomy":"product_cat","embeddable":true,"href":"https:\/\/kindart.is\/en\/wp-json\/wp\/v2\/product_cat?post=7576"},{"taxonomy":"product_tag","embeddable":true,"href":"https:\/\/kindart.is\/en\/wp-json\/wp\/v2\/product_tag?post=7576"}],"curies":[{"name":"wp","href":"https:\/\/api.w.org\/{rel}","templated":true}]}}