{"id":7582,"date":"2023-06-25T06:51:00","date_gmt":"2023-06-25T06:51:00","guid":{"rendered":"https:\/\/kindart.is\/product\/islenzk-nutimaljodlist\/"},"modified":"2023-06-25T06:51:00","modified_gmt":"2023-06-25T06:51:00","slug":"islenzk-nutimaljodlist","status":"publish","type":"product","link":"https:\/\/kindart.is\/en\/vara\/islenzk-nutimaljodlist\/","title":{"rendered":"\u00cdslenzk n\u00fat\u00edmalj\u00f3\u00f0list"},"content":{"rendered":"<p><strong>\u00cdslenzk n\u00fat\u00edmalj\u00f3\u00f0list<\/strong> eftir J\u00f3hann Hj\u00e1lmarsson. Greinar um n\u00fat\u00edmalj\u00f3\u00f0list: \u2028Fyrstu n\u00fat\u00edmalj\u00f3\u00f0in: J\u00f3hann Sigurj\u00f3nsson ; J\u00f3hann J\u00f3nsson ; Halld\u00f3r Laxness\u2028Lj\u00f3\u00f0 \u00ed lausu m\u00e1li: Sigur\u00f0ur Nordal ; J\u00f3n Thoroddsen ; Sigurj\u00f3n Fri\u00f0j\u00f3nsson\u2028H\u00fasin \u00ed b\u00e6num: T\u00f3mas Gu\u00f0mundsson. Fyrirheitna landi\u00f0: J\u00f3hannes \u00far K\u00f6tlum\u2028\u00c1n takmarks og tilgangs: Steinn Steinarr. Ef \u00fe\u00fa ert f\u00e6ddur \u00e1 malarkambi: J\u00f3n \u00far V\u00f6r\u2028\u00c1tthagar hv\u00edtra s\u00f6ngva: Snorri Hjartarson. Hva\u00f0a or\u00f0 eru lifandi?: Hannes Sigf\u00fasson\u2028Myndin og yrkisefni\u00f0: Einar Bragi. Harpa \u00ed dj\u00fapum sj\u00f3: Stef\u00e1n H\u00f6r\u00f0ur Gr\u00edmsson\u2028Mannsh\u00f6fu\u00f0 er nokku\u00f0 \u00feungt: Sigf\u00fas Da\u00f0ason, Leikur og alvara: J\u00f3nas E. Svaf\u00e1r\u2028\u00de\u00fa og ver\u00f6ldin: J\u00f3n \u00d3skar. Inn \u00ed hj\u00f6rtu mannanna: Hannes P\u00e9tursson. H\u00e9r sl\u00e6r \u00feitt hjarta, land: Matth\u00edas Johannessen. Lei\u00f0beinandi ungra sk\u00e1lda: Magn\u00fas \u00c1sgeirsson.\u2028B\u00f3kin er bundin \u00ed gr\u00e1tt papp\u00edrsband. Alband. \u00c1letru\u00f0 me\u00f0 sv\u00f6rtu letri \u00e1 kj\u00f6l. St\u00e6r\u00f0: 21.8 X14.1 cm. og 241 bls.<\/p>\n<p><strong>\u00datg\u00e1fa og prentun<\/strong>:<br \/>\nAlmenna b\u00f3kaf\u00e9lagi\u00f0 1971 Reykjav\u00edk. Prentsmi\u00f0ja Hafnarfjar\u00f0ar.<\/p>\n","protected":false},"excerpt":{"rendered":"<p>\u00cdslenzk n\u00fat\u00edmalj\u00f3\u00f0list eftir J\u00f3hann Hj\u00e1lmarsson. Greinar um n\u00fat\u00edmalj\u00f3\u00f0list: \u2028Fyrstu n\u00fat\u00edmalj\u00f3\u00f0in: J\u00f3hann Sigurj\u00f3nsson ; J\u00f3hann J\u00f3nsson ; Halld\u00f3r Laxness\u2028Lj\u00f3\u00f0 \u00ed lausu m\u00e1li: Sigur\u00f0ur Nordal ; J\u00f3n Thoroddsen ; Sigurj\u00f3n Fri\u00f0j\u00f3nsson\u2028H\u00fasin \u00ed b\u00e6num: T\u00f3mas Gu\u00f0mundsson. Fyrirheitna landi\u00f0: J\u00f3hannes \u00far K\u00f6tlum\u2028\u00c1n takmarks og tilgangs: Steinn Steinarr. Ef \u00fe\u00fa ert f\u00e6ddur \u00e1 malarkambi: J\u00f3n \u00far V\u00f6r\u2028\u00c1tthagar hv\u00edtra s\u00f6ngva: Snorri [&hellip;]<\/p>\n","protected":false},"featured_media":7579,"template":"","meta":{"slim_seo":{"title":"\u00cdslenzk n\u00fat\u00edmalj\u00f3\u00f0list - KindArt","description":"\u00cdslenzk n\u00fat\u00edmalj\u00f3\u00f0list eftir J\u00f3hann Hj\u00e1lmarsson. Greinar um n\u00fat\u00edmalj\u00f3\u00f0list: \u2028Fyrstu n\u00fat\u00edmalj\u00f3\u00f0in: J\u00f3hann Sigurj\u00f3nsson ; J\u00f3hann J\u00f3nsson ; Halld\u00f3r Laxness\u2028Lj\u00f3\u00f0 \u00ed"}},"product_brand":[],"product_cat":[83],"product_tag":[],"class_list":{"0":"post-7582","1":"product","2":"type-product","3":"status-publish","4":"has-post-thumbnail","6":"product_cat-books","7":"product_shipping_class-small-en","9":"first","10":"instock","11":"purchasable","12":"product-type-simple"},"_links":{"self":[{"href":"https:\/\/kindart.is\/en\/wp-json\/wp\/v2\/product\/7582","targetHints":{"allow":["GET"]}}],"collection":[{"href":"https:\/\/kindart.is\/en\/wp-json\/wp\/v2\/product"}],"about":[{"href":"https:\/\/kindart.is\/en\/wp-json\/wp\/v2\/types\/product"}],"wp:featuredmedia":[{"embeddable":true,"href":"https:\/\/kindart.is\/en\/wp-json\/wp\/v2\/media\/7579"}],"wp:attachment":[{"href":"https:\/\/kindart.is\/en\/wp-json\/wp\/v2\/media?parent=7582"}],"wp:term":[{"taxonomy":"product_brand","embeddable":true,"href":"https:\/\/kindart.is\/en\/wp-json\/wp\/v2\/product_brand?post=7582"},{"taxonomy":"product_cat","embeddable":true,"href":"https:\/\/kindart.is\/en\/wp-json\/wp\/v2\/product_cat?post=7582"},{"taxonomy":"product_tag","embeddable":true,"href":"https:\/\/kindart.is\/en\/wp-json\/wp\/v2\/product_tag?post=7582"}],"curies":[{"name":"wp","href":"https:\/\/api.w.org\/{rel}","templated":true}]}}