{"id":7588,"date":"2023-06-25T06:55:16","date_gmt":"2023-06-25T06:55:16","guid":{"rendered":"https:\/\/kindart.is\/product\/ur-sjodi-minninganna\/"},"modified":"2023-06-25T06:55:16","modified_gmt":"2023-06-25T06:55:16","slug":"ur-sjodi-minninganna","status":"publish","type":"product","link":"https:\/\/kindart.is\/en\/vara\/ur-sjodi-minninganna\/","title":{"rendered":"\u00dar sj\u00f3\u00f0i minninganna"},"content":{"rendered":"<p><strong>\u00dar sj\u00f3\u00f0i minninganna<\/strong>, Lj\u00f3\u00f0ab\u00f3k eftir Sigurunni Konr\u00e1\u00f0sd\u00f3ttur. Au\u00f0unn Bragi Sveinsson skrifar inngangsor\u00f0. B\u00f3kin er 21.7 X 14 cm og 140 bls. H\u00fan er bundin inn \u00ed forlagsband, alband \u00ed gerviefni og gyllt a\u00f0 framan og \u00e1 kj\u00f6l.<\/p>\n<p><strong>\u00datg\u00e1fa og prentun<\/strong>:<br \/>\n\u00datgefanda er ekki geti\u00f0, en l\u00edklega h\u00f6fundurinn, Reykjav\u00edk 1995. Prentun: Reykholt hf.<\/p>\n","protected":false},"excerpt":{"rendered":"<p>\u00dar sj\u00f3\u00f0i minninganna, Lj\u00f3\u00f0ab\u00f3k eftir Sigurunni Konr\u00e1\u00f0sd\u00f3ttur. Au\u00f0unn Bragi Sveinsson skrifar inngangsor\u00f0. B\u00f3kin er 21.7 X 14 cm og 140 bls. H\u00fan er bundin inn \u00ed forlagsband, alband \u00ed gerviefni og gyllt a\u00f0 framan og \u00e1 kj\u00f6l. \u00datg\u00e1fa og prentun: \u00datgefanda er ekki geti\u00f0, en l\u00edklega h\u00f6fundurinn, Reykjav\u00edk 1995. Prentun: Reykholt hf.<\/p>\n","protected":false},"featured_media":7585,"template":"","meta":{"slim_seo":{"title":"\u00dar sj\u00f3\u00f0i minninganna - KindArt","description":"\u00dar sj\u00f3\u00f0i minninganna , Lj\u00f3\u00f0ab\u00f3k eftir Sigurunni Konr\u00e1\u00f0sd\u00f3ttur. Au\u00f0unn Bragi Sveinsson skrifar inngangsor\u00f0. B\u00f3kin er 21.7 X 14 cm og 140 bls. H\u00fan er bundin inn \u00ed"}},"product_brand":[],"product_cat":[83],"product_tag":[],"class_list":{"0":"post-7588","1":"product","2":"type-product","3":"status-publish","4":"has-post-thumbnail","6":"product_cat-books","7":"product_shipping_class-small-en","9":"first","10":"outofstock","11":"purchasable","12":"product-type-simple"},"_links":{"self":[{"href":"https:\/\/kindart.is\/en\/wp-json\/wp\/v2\/product\/7588","targetHints":{"allow":["GET"]}}],"collection":[{"href":"https:\/\/kindart.is\/en\/wp-json\/wp\/v2\/product"}],"about":[{"href":"https:\/\/kindart.is\/en\/wp-json\/wp\/v2\/types\/product"}],"wp:featuredmedia":[{"embeddable":true,"href":"https:\/\/kindart.is\/en\/wp-json\/wp\/v2\/media\/7585"}],"wp:attachment":[{"href":"https:\/\/kindart.is\/en\/wp-json\/wp\/v2\/media?parent=7588"}],"wp:term":[{"taxonomy":"product_brand","embeddable":true,"href":"https:\/\/kindart.is\/en\/wp-json\/wp\/v2\/product_brand?post=7588"},{"taxonomy":"product_cat","embeddable":true,"href":"https:\/\/kindart.is\/en\/wp-json\/wp\/v2\/product_cat?post=7588"},{"taxonomy":"product_tag","embeddable":true,"href":"https:\/\/kindart.is\/en\/wp-json\/wp\/v2\/product_tag?post=7588"}],"curies":[{"name":"wp","href":"https:\/\/api.w.org\/{rel}","templated":true}]}}