{"id":7596,"date":"2023-06-25T07:00:23","date_gmt":"2023-06-25T07:00:23","guid":{"rendered":"https:\/\/kindart.is\/product\/i-hundagotu-fordum\/"},"modified":"2024-10-19T17:41:16","modified_gmt":"2024-10-19T17:41:16","slug":"i-hundagotu-fordum","status":"publish","type":"product","link":"https:\/\/kindart.is\/en\/vara\/i-hundagotu-fordum\/","title":{"rendered":"\u00cd hundag\u00f6tu for\u00f0um"},"content":{"rendered":"<p><strong>\u00cd hundag\u00f6tu for\u00f0um<\/strong>. Sk\u00e1ldsaga um b\u00f6rnin \u00ed Hundag\u00f6tu, g\u00f6tu sem aldrei hefur veri\u00f0 til. S\u00f6guna m\u00e1 sko\u00f0a sem pr\u00f3gram e\u00f0a lei\u00f0arv\u00edsi a\u00f0 barnab\u00f3k, sk\u00e1lds\u00f6gu me\u00f0 kl\u00e1m\u00edvafi. B\u00f3kin er 21 X 14.8 cm og 62 bls \u00e1 g\u00f3\u00f0um \u00feykkum papp\u00edr og saumu\u00f0 og l\u00edmd \u00ed sterka kartonk\u00e1pu.<\/p>\n<p><strong>\u00datg\u00e1fa og prentun<\/strong>:<br \/>\n\u00datgefanda ekki geti\u00f0, sta\u00f0ar ekki geti\u00f0, en kom \u00fat 1982 og s\u00f6g\u00f0 prentu\u00f0 \u00ed eikaprent, sem ekki er vita\u00f0 hvar er.<\/p>\n","protected":false},"excerpt":{"rendered":"<p>\u00cd hundag\u00f6tu for\u00f0um. Sk\u00e1ldsaga um b\u00f6rnin \u00ed Hundag\u00f6tu, g\u00f6tu sem aldrei hefur veri\u00f0 til. S\u00f6guna m\u00e1 sko\u00f0a sem pr\u00f3gram e\u00f0a lei\u00f0arv\u00edsi a\u00f0 barnab\u00f3k, sk\u00e1lds\u00f6gu me\u00f0 kl\u00e1m\u00edvafi. B\u00f3kin er 21 X 14.8 cm og 62 bls \u00e1 g\u00f3\u00f0um \u00feykkum papp\u00edr og saumu\u00f0 og l\u00edmd \u00ed sterka kartonk\u00e1pu. \u00datg\u00e1fa og prentun: \u00datgefanda ekki geti\u00f0, sta\u00f0ar ekki geti\u00f0, [&hellip;]<\/p>\n","protected":false},"featured_media":7591,"template":"","meta":{"slim_seo":{"title":"\u00cd hundag\u00f6tu for\u00f0um - KindArt","description":"\u00cd hundag\u00f6tu for\u00f0um . Sk\u00e1ldsaga um b\u00f6rnin \u00ed Hundag\u00f6tu, g\u00f6tu sem aldrei hefur veri\u00f0 til. S\u00f6guna m\u00e1 sko\u00f0a sem pr\u00f3gram e\u00f0a lei\u00f0arv\u00edsi a\u00f0 barnab\u00f3k, sk\u00e1lds\u00f6gu me\u00f0 kl\u00e1"}},"product_brand":[],"product_cat":[83],"product_tag":[],"class_list":{"0":"post-7596","1":"product","2":"type-product","3":"status-publish","4":"has-post-thumbnail","6":"product_cat-books","7":"product_shipping_class-small-en","9":"first","10":"outofstock","11":"purchasable","12":"product-type-simple"},"_links":{"self":[{"href":"https:\/\/kindart.is\/en\/wp-json\/wp\/v2\/product\/7596","targetHints":{"allow":["GET"]}}],"collection":[{"href":"https:\/\/kindart.is\/en\/wp-json\/wp\/v2\/product"}],"about":[{"href":"https:\/\/kindart.is\/en\/wp-json\/wp\/v2\/types\/product"}],"wp:featuredmedia":[{"embeddable":true,"href":"https:\/\/kindart.is\/en\/wp-json\/wp\/v2\/media\/7591"}],"wp:attachment":[{"href":"https:\/\/kindart.is\/en\/wp-json\/wp\/v2\/media?parent=7596"}],"wp:term":[{"taxonomy":"product_brand","embeddable":true,"href":"https:\/\/kindart.is\/en\/wp-json\/wp\/v2\/product_brand?post=7596"},{"taxonomy":"product_cat","embeddable":true,"href":"https:\/\/kindart.is\/en\/wp-json\/wp\/v2\/product_cat?post=7596"},{"taxonomy":"product_tag","embeddable":true,"href":"https:\/\/kindart.is\/en\/wp-json\/wp\/v2\/product_tag?post=7596"}],"curies":[{"name":"wp","href":"https:\/\/api.w.org\/{rel}","templated":true}]}}