{"id":7602,"date":"2023-06-25T07:03:30","date_gmt":"2023-06-25T07:03:30","guid":{"rendered":"https:\/\/kindart.is\/product\/tyndur-a-medal-orda\/"},"modified":"2023-06-25T07:03:30","modified_gmt":"2023-06-25T07:03:30","slug":"tyndur-a-medal-orda","status":"publish","type":"product","link":"https:\/\/kindart.is\/en\/vara\/tyndur-a-medal-orda\/","title":{"rendered":"T\u00fdndur \u00e1 me\u00f0al or\u00f0a"},"content":{"rendered":"<p><strong>T\u00fdndur \u00e1 me\u00f0al or\u00f0a<\/strong>. \u00d3r\u00edmu\u00f0 lj\u00f3\u00f0 e\u00f0a pr\u00f3salj\u00f3\u00f0 eftir H\u00f6r\u00f0 Gunnarsson. B\u00f3kin er saumheft og s\u00e9tt \u00ed kartonk\u00e1pu, \u00e1prentu\u00f0 me\u00f0 mynd af h\u00f6fundi \u00e1 aftari k\u00e1pu. 20.8 X 14.8 cm og 96 bls.<\/p>\n<p><strong>\u00datg\u00e1fa og prentun<\/strong>:<br \/>\nH\u00f6fundur, Gar\u00f0ab\u00e6r 2003. Prentun Pjaxi ehf.<\/p>\n","protected":false},"excerpt":{"rendered":"<p>T\u00fdndur \u00e1 me\u00f0al or\u00f0a. \u00d3r\u00edmu\u00f0 lj\u00f3\u00f0 e\u00f0a pr\u00f3salj\u00f3\u00f0 eftir H\u00f6r\u00f0 Gunnarsson. B\u00f3kin er saumheft og s\u00e9tt \u00ed kartonk\u00e1pu, \u00e1prentu\u00f0 me\u00f0 mynd af h\u00f6fundi \u00e1 aftari k\u00e1pu. 20.8 X 14.8 cm og 96 bls. \u00datg\u00e1fa og prentun: H\u00f6fundur, Gar\u00f0ab\u00e6r 2003. Prentun Pjaxi ehf.<\/p>\n","protected":false},"featured_media":7599,"template":"","meta":{"slim_seo":{"title":"T\u00fdndur \u00e1 me\u00f0al or\u00f0a - KindArt","description":"T\u00fdndur \u00e1 me\u00f0al or\u00f0a . \u00d3r\u00edmu\u00f0 lj\u00f3\u00f0 e\u00f0a pr\u00f3salj\u00f3\u00f0 eftir H\u00f6r\u00f0 Gunnarsson. B\u00f3kin er saumheft og s\u00e9tt \u00ed kartonk\u00e1pu, \u00e1prentu\u00f0 me\u00f0 mynd af h\u00f6fundi \u00e1 aftari k\u00e1pu. 20.8"}},"product_brand":[],"product_cat":[83],"product_tag":[],"class_list":{"0":"post-7602","1":"product","2":"type-product","3":"status-publish","4":"has-post-thumbnail","6":"product_cat-books","7":"product_shipping_class-small-en","9":"first","10":"outofstock","11":"purchasable","12":"product-type-simple"},"_links":{"self":[{"href":"https:\/\/kindart.is\/en\/wp-json\/wp\/v2\/product\/7602","targetHints":{"allow":["GET"]}}],"collection":[{"href":"https:\/\/kindart.is\/en\/wp-json\/wp\/v2\/product"}],"about":[{"href":"https:\/\/kindart.is\/en\/wp-json\/wp\/v2\/types\/product"}],"wp:featuredmedia":[{"embeddable":true,"href":"https:\/\/kindart.is\/en\/wp-json\/wp\/v2\/media\/7599"}],"wp:attachment":[{"href":"https:\/\/kindart.is\/en\/wp-json\/wp\/v2\/media?parent=7602"}],"wp:term":[{"taxonomy":"product_brand","embeddable":true,"href":"https:\/\/kindart.is\/en\/wp-json\/wp\/v2\/product_brand?post=7602"},{"taxonomy":"product_cat","embeddable":true,"href":"https:\/\/kindart.is\/en\/wp-json\/wp\/v2\/product_cat?post=7602"},{"taxonomy":"product_tag","embeddable":true,"href":"https:\/\/kindart.is\/en\/wp-json\/wp\/v2\/product_tag?post=7602"}],"curies":[{"name":"wp","href":"https:\/\/api.w.org\/{rel}","templated":true}]}}