{"id":7611,"date":"2023-06-25T07:11:52","date_gmt":"2023-06-25T07:11:52","guid":{"rendered":"https:\/\/kindart.is\/product\/smalinn\/"},"modified":"2023-06-25T07:11:52","modified_gmt":"2023-06-25T07:11:52","slug":"smalinn","status":"publish","type":"product","link":"https:\/\/kindart.is\/en\/vara\/smalinn\/","title":{"rendered":"Smalinn"},"content":{"rendered":"<p><strong>Smalinn<\/strong>, sagan af Magga og \u00e6vint\u00fdrum hans og afrekum eftir Sigur\u00f0 H. Sigur\u00f0sson. Sk\u00e1ldsaga fr\u00e1 ofanver\u00f0ri 19. \u00f6ld. St\u00e6r\u00f0: 20.4 X 14.3 cm og 174 bls. B\u00f3kin er l\u00edmheft, sett \u00ed k\u00e1pu og skorin. \u00c1prentu\u00f0 k\u00e1pa me\u00f0 mynd af h\u00f6fundi.<\/p>\n<p><strong>\u00datg\u00e1fa og prentun<\/strong>:<br \/>\nB\u00f3ka\u00fatg\u00e1fan Merkjal\u00e6kur, 2014 Reykjav\u00edk. Prentun: Merkjal\u00e6kur.<\/p>\n","protected":false},"excerpt":{"rendered":"<p>Smalinn, sagan af Magga og \u00e6vint\u00fdrum hans og afrekum eftir Sigur\u00f0 H. Sigur\u00f0sson. Sk\u00e1ldsaga fr\u00e1 ofanver\u00f0ri 19. \u00f6ld. St\u00e6r\u00f0: 20.4 X 14.3 cm og 174 bls. B\u00f3kin er l\u00edmheft, sett \u00ed k\u00e1pu og skorin. \u00c1prentu\u00f0 k\u00e1pa me\u00f0 mynd af h\u00f6fundi. \u00datg\u00e1fa og prentun: B\u00f3ka\u00fatg\u00e1fan Merkjal\u00e6kur, 2014 Reykjav\u00edk. Prentun: Merkjal\u00e6kur.<\/p>\n","protected":false},"featured_media":7605,"template":"","meta":{"slim_seo":{"title":"Smalinn - KindArt","description":"Smalinn , sagan af Magga og \u00e6vint\u00fdrum hans og afrekum eftir Sigur\u00f0 H. Sigur\u00f0sson. Sk\u00e1ldsaga fr\u00e1 ofanver\u00f0ri 19. \u00f6ld. St\u00e6r\u00f0: 20.4 X 14.3 cm og 174 bls. B\u00f3kin er l"}},"product_brand":[],"product_cat":[83],"product_tag":[],"class_list":{"0":"post-7611","1":"product","2":"type-product","3":"status-publish","4":"has-post-thumbnail","6":"product_cat-books","7":"product_shipping_class-small-en","9":"first","10":"outofstock","11":"purchasable","12":"product-type-simple"},"_links":{"self":[{"href":"https:\/\/kindart.is\/en\/wp-json\/wp\/v2\/product\/7611","targetHints":{"allow":["GET"]}}],"collection":[{"href":"https:\/\/kindart.is\/en\/wp-json\/wp\/v2\/product"}],"about":[{"href":"https:\/\/kindart.is\/en\/wp-json\/wp\/v2\/types\/product"}],"wp:featuredmedia":[{"embeddable":true,"href":"https:\/\/kindart.is\/en\/wp-json\/wp\/v2\/media\/7605"}],"wp:attachment":[{"href":"https:\/\/kindart.is\/en\/wp-json\/wp\/v2\/media?parent=7611"}],"wp:term":[{"taxonomy":"product_brand","embeddable":true,"href":"https:\/\/kindart.is\/en\/wp-json\/wp\/v2\/product_brand?post=7611"},{"taxonomy":"product_cat","embeddable":true,"href":"https:\/\/kindart.is\/en\/wp-json\/wp\/v2\/product_cat?post=7611"},{"taxonomy":"product_tag","embeddable":true,"href":"https:\/\/kindart.is\/en\/wp-json\/wp\/v2\/product_tag?post=7611"}],"curies":[{"name":"wp","href":"https:\/\/api.w.org\/{rel}","templated":true}]}}