{"id":7617,"date":"2023-06-25T12:37:19","date_gmt":"2023-06-25T12:37:19","guid":{"rendered":"https:\/\/kindart.is\/product\/hver-er-madurinn-ii\/"},"modified":"2023-06-25T12:37:19","modified_gmt":"2023-06-25T12:37:19","slug":"hver-er-madurinn-ii","status":"publish","type":"product","link":"https:\/\/kindart.is\/en\/vara\/hver-er-madurinn-ii\/","title":{"rendered":"Hver er ma\u00f0urinn II"},"content":{"rendered":"<p><strong>Hver er ma\u00f0urinn II<\/strong>. \u00cdslendinga\u00e6vir eftir Brynleif Tob\u00edasson. II. bindi (J\u00f3nas \u00c1rnason \u2013 \u00d6rn\u00f3lfur Valdimarsson). Vi\u00f0auki (Anna-\u00de\u00f3r\u00f0ur) B\u00f3kin er bundin \u00ed forlagsband, shirting og prenta\u00f0 \u00e1 bindi\u00f0 a\u00f0 framan og \u00e1 kj\u00f6l, nafn h\u00f6fundar og heiti. H\u00fan er 418 bls. og 22 X 13.8 cm a\u00f0 st\u00e6r\u00f0.<\/p>\n<p><strong>\u00datg\u00e1fa og prentun<\/strong>:<br \/>\n\u00datgefandi: Fagurskinna, (Gu\u00f0m. Gamal\u00edelsson) Reykjav\u00edk 1944. \u00cdsafoldarprentsmi\u00f0ja.<\/p>\n","protected":false},"excerpt":{"rendered":"<p>Hver er ma\u00f0urinn II. \u00cdslendinga\u00e6vir eftir Brynleif Tob\u00edasson. II. bindi (J\u00f3nas \u00c1rnason \u2013 \u00d6rn\u00f3lfur Valdimarsson). Vi\u00f0auki (Anna-\u00de\u00f3r\u00f0ur) B\u00f3kin er bundin \u00ed forlagsband, shirting og prenta\u00f0 \u00e1 bindi\u00f0 a\u00f0 framan og \u00e1 kj\u00f6l, nafn h\u00f6fundar og heiti. H\u00fan er 418 bls. og 22 X 13.8 cm a\u00f0 st\u00e6r\u00f0. \u00datg\u00e1fa og prentun: \u00datgefandi: Fagurskinna, (Gu\u00f0m. Gamal\u00edelsson) Reykjav\u00edk [&hellip;]<\/p>\n","protected":false},"featured_media":7614,"template":"","meta":{"slim_seo":{"title":"Hver er ma\u00f0urinn II - KindArt","description":"Hver er ma\u00f0urinn II . \u00cdslendinga\u00e6vir eftir Brynleif Tob\u00edasson. II. bindi (J\u00f3nas \u00c1rnason \u2013 \u00d6rn\u00f3lfur Valdimarsson). Vi\u00f0auki (Anna-\u00de\u00f3r\u00f0ur) B\u00f3kin er bundin \u00ed forlag"}},"product_brand":[],"product_cat":[83],"product_tag":[],"class_list":{"0":"post-7617","1":"product","2":"type-product","3":"status-publish","4":"has-post-thumbnail","6":"product_cat-books","7":"product_shipping_class-small-en","9":"first","10":"instock","11":"purchasable","12":"product-type-simple"},"_links":{"self":[{"href":"https:\/\/kindart.is\/en\/wp-json\/wp\/v2\/product\/7617","targetHints":{"allow":["GET"]}}],"collection":[{"href":"https:\/\/kindart.is\/en\/wp-json\/wp\/v2\/product"}],"about":[{"href":"https:\/\/kindart.is\/en\/wp-json\/wp\/v2\/types\/product"}],"wp:featuredmedia":[{"embeddable":true,"href":"https:\/\/kindart.is\/en\/wp-json\/wp\/v2\/media\/7614"}],"wp:attachment":[{"href":"https:\/\/kindart.is\/en\/wp-json\/wp\/v2\/media?parent=7617"}],"wp:term":[{"taxonomy":"product_brand","embeddable":true,"href":"https:\/\/kindart.is\/en\/wp-json\/wp\/v2\/product_brand?post=7617"},{"taxonomy":"product_cat","embeddable":true,"href":"https:\/\/kindart.is\/en\/wp-json\/wp\/v2\/product_cat?post=7617"},{"taxonomy":"product_tag","embeddable":true,"href":"https:\/\/kindart.is\/en\/wp-json\/wp\/v2\/product_tag?post=7617"}],"curies":[{"name":"wp","href":"https:\/\/api.w.org\/{rel}","templated":true}]}}