{"id":7627,"date":"2023-06-29T06:57:43","date_gmt":"2023-06-29T06:57:43","guid":{"rendered":"https:\/\/kindart.is\/product\/ulfljotur-1\/"},"modified":"2023-06-29T06:57:43","modified_gmt":"2023-06-29T06:57:43","slug":"ulfljotur-1","status":"publish","type":"product","link":"https:\/\/kindart.is\/en\/vara\/ulfljotur-1\/","title":{"rendered":"\u00dalflj\u00f3tur 1"},"content":{"rendered":"<p><strong>\u00dalflj\u00f3tur 1<\/strong> \u2028T\u00edmarit \u00ed \u00f6skjum. Til s\u00f6lu nokkur t\u00edmaritshefti \u00ed lausu sem eru var\u00f0veitt \u00ed vanda\u00f0ri \u00f6skju. (rex\u00edn og kl\u00e6\u00f0ning). \u2028\u00dalflj\u00f3tur 1 &#8211; Ritstj\u00f3rar: Steinunn M. L\u00e1rusd\u00f3ttir, Gunnar Gu\u00f0mundsson og Ingimundur Einarsson. T\u00edu hefti, 1975-1977. St\u00e6r\u00f0: 24.9 X 16.8 cm. T\u00edmaritsheftin eru ekki complet.<\/p>\n<p>\u00datg\u00e1fa og prentun:<br \/>\nOrator, F\u00e9lag laganema, H\u00e1sk\u00f3la \u00cdslands. Reykjav\u00edk 1975-1977. Prentsmi\u00f0jan Oddi.<\/p>\n","protected":false},"excerpt":{"rendered":"<p>\u00dalflj\u00f3tur 1 \u2028T\u00edmarit \u00ed \u00f6skjum. Til s\u00f6lu nokkur t\u00edmaritshefti \u00ed lausu sem eru var\u00f0veitt \u00ed vanda\u00f0ri \u00f6skju. (rex\u00edn og kl\u00e6\u00f0ning). \u2028\u00dalflj\u00f3tur 1 &#8211; Ritstj\u00f3rar: Steinunn M. L\u00e1rusd\u00f3ttir, Gunnar Gu\u00f0mundsson og Ingimundur Einarsson. T\u00edu hefti, 1975-1977. St\u00e6r\u00f0: 24.9 X 16.8 cm. T\u00edmaritsheftin eru ekki complet. \u00datg\u00e1fa og prentun: Orator, F\u00e9lag laganema, H\u00e1sk\u00f3la \u00cdslands. Reykjav\u00edk 1975-1977. Prentsmi\u00f0jan [&hellip;]<\/p>\n","protected":false},"featured_media":7626,"template":"","meta":{"slim_seo":{"title":"\u00dalflj\u00f3tur 1 - KindArt","description":"\u00dalflj\u00f3tur 1 \u2028T\u00edmarit \u00ed \u00f6skjum. Til s\u00f6lu nokkur t\u00edmaritshefti \u00ed lausu sem eru var\u00f0veitt \u00ed vanda\u00f0ri \u00f6skju. (rex\u00edn og kl\u00e6\u00f0ning). \u2028\u00dalflj\u00f3tur 1 - Ritstj\u00f3rar: Steinun"}},"product_brand":[],"product_cat":[83],"product_tag":[],"class_list":{"0":"post-7627","1":"product","2":"type-product","3":"status-publish","4":"has-post-thumbnail","6":"product_cat-books","7":"product_shipping_class-small-en","9":"first","10":"instock","11":"purchasable","12":"product-type-simple"},"_links":{"self":[{"href":"https:\/\/kindart.is\/en\/wp-json\/wp\/v2\/product\/7627","targetHints":{"allow":["GET"]}}],"collection":[{"href":"https:\/\/kindart.is\/en\/wp-json\/wp\/v2\/product"}],"about":[{"href":"https:\/\/kindart.is\/en\/wp-json\/wp\/v2\/types\/product"}],"wp:featuredmedia":[{"embeddable":true,"href":"https:\/\/kindart.is\/en\/wp-json\/wp\/v2\/media\/7626"}],"wp:attachment":[{"href":"https:\/\/kindart.is\/en\/wp-json\/wp\/v2\/media?parent=7627"}],"wp:term":[{"taxonomy":"product_brand","embeddable":true,"href":"https:\/\/kindart.is\/en\/wp-json\/wp\/v2\/product_brand?post=7627"},{"taxonomy":"product_cat","embeddable":true,"href":"https:\/\/kindart.is\/en\/wp-json\/wp\/v2\/product_cat?post=7627"},{"taxonomy":"product_tag","embeddable":true,"href":"https:\/\/kindart.is\/en\/wp-json\/wp\/v2\/product_tag?post=7627"}],"curies":[{"name":"wp","href":"https:\/\/api.w.org\/{rel}","templated":true}]}}