{"id":7631,"date":"2023-06-29T07:02:22","date_gmt":"2023-06-29T07:02:22","guid":{"rendered":"https:\/\/kindart.is\/product\/ulfljotur-2\/"},"modified":"2023-06-29T07:02:22","modified_gmt":"2023-06-29T07:02:22","slug":"ulfljotur-2","status":"publish","type":"product","link":"https:\/\/kindart.is\/en\/vara\/ulfljotur-2\/","title":{"rendered":"\u00dalflj\u00f3tur 2\u2028"},"content":{"rendered":"<p><strong>\u00dalflj\u00f3tur 2<\/strong>\u2028 T\u00edmarit \u00ed \u00f6skjum. Til s\u00f6lu nokkur t\u00edmaritshefti \u00ed lausu sem eru var\u00f0veitt \u00ed vanda\u00f0ri \u00f6skju. Ritstj\u00f3rar: \u00de\u00f3rarinn \u00de\u00f3rarinsson, Magn\u00fas M. Nor\u00f0dahl og Magn\u00fas Gylfi \u00deorsteinsson. T\u00edu hefti, 1978-1981. St\u00e6r\u00f0: 24.9 X 16.8 cm. T\u00edmaritsheftin eru ekki complet.<\/p>\n<p><strong>\u00datg\u00e1fa og prentun<\/strong>:<br \/>\nOrator, F\u00e9lag laganema, H\u00e1sk\u00f3la \u00cdslands. Reykjav\u00edk 1978-1981. Prentsmi\u00f0jan Oddi.<\/p>\n","protected":false},"excerpt":{"rendered":"<p>\u00dalflj\u00f3tur 2\u2028 T\u00edmarit \u00ed \u00f6skjum. Til s\u00f6lu nokkur t\u00edmaritshefti \u00ed lausu sem eru var\u00f0veitt \u00ed vanda\u00f0ri \u00f6skju. Ritstj\u00f3rar: \u00de\u00f3rarinn \u00de\u00f3rarinsson, Magn\u00fas M. Nor\u00f0dahl og Magn\u00fas Gylfi \u00deorsteinsson. T\u00edu hefti, 1978-1981. St\u00e6r\u00f0: 24.9 X 16.8 cm. T\u00edmaritsheftin eru ekki complet. \u00datg\u00e1fa og prentun: Orator, F\u00e9lag laganema, H\u00e1sk\u00f3la \u00cdslands. Reykjav\u00edk 1978-1981. Prentsmi\u00f0jan Oddi.<\/p>\n","protected":false},"featured_media":7630,"template":"","meta":{"slim_seo":{"title":"\u00dalflj\u00f3tur 2\u2028 - KindArt","description":"\u00dalflj\u00f3tur 2 \u2028 T\u00edmarit \u00ed \u00f6skjum. Til s\u00f6lu nokkur t\u00edmaritshefti \u00ed lausu sem eru var\u00f0veitt \u00ed vanda\u00f0ri \u00f6skju. Ritstj\u00f3rar: \u00de\u00f3rarinn \u00de\u00f3rarinsson, Magn\u00fas M. Nor\u00f0dahl o"}},"product_brand":[],"product_cat":[83],"product_tag":[],"class_list":{"0":"post-7631","1":"product","2":"type-product","3":"status-publish","4":"has-post-thumbnail","6":"product_cat-books","7":"product_shipping_class-small-en","9":"first","10":"instock","11":"purchasable","12":"product-type-simple"},"_links":{"self":[{"href":"https:\/\/kindart.is\/en\/wp-json\/wp\/v2\/product\/7631","targetHints":{"allow":["GET"]}}],"collection":[{"href":"https:\/\/kindart.is\/en\/wp-json\/wp\/v2\/product"}],"about":[{"href":"https:\/\/kindart.is\/en\/wp-json\/wp\/v2\/types\/product"}],"wp:featuredmedia":[{"embeddable":true,"href":"https:\/\/kindart.is\/en\/wp-json\/wp\/v2\/media\/7630"}],"wp:attachment":[{"href":"https:\/\/kindart.is\/en\/wp-json\/wp\/v2\/media?parent=7631"}],"wp:term":[{"taxonomy":"product_brand","embeddable":true,"href":"https:\/\/kindart.is\/en\/wp-json\/wp\/v2\/product_brand?post=7631"},{"taxonomy":"product_cat","embeddable":true,"href":"https:\/\/kindart.is\/en\/wp-json\/wp\/v2\/product_cat?post=7631"},{"taxonomy":"product_tag","embeddable":true,"href":"https:\/\/kindart.is\/en\/wp-json\/wp\/v2\/product_tag?post=7631"}],"curies":[{"name":"wp","href":"https:\/\/api.w.org\/{rel}","templated":true}]}}