{"id":7641,"date":"2023-06-29T07:16:36","date_gmt":"2023-06-29T07:16:36","guid":{"rendered":"https:\/\/kindart.is\/product\/skinfaxi-2\/"},"modified":"2023-06-29T07:16:36","modified_gmt":"2023-06-29T07:16:36","slug":"skinfaxi-2","status":"publish","type":"product","link":"https:\/\/kindart.is\/en\/vara\/skinfaxi-2\/","title":{"rendered":"Skinfaxi 2"},"content":{"rendered":"<p>T\u00edmarit sem eru var\u00f0veitt \u00ed \u00f6skjum eru bo\u00f0in til s\u00f6lu \u00ed lausu. <strong>Skinfaxi. 2<\/strong> &#8211; Tuttugu hefti \u00ed \u00f6skju, 1971 \u2013 1974 (rex\u00edn) gyllt \u00e1 kj\u00f6l. \u2028Ritstj\u00f3ri: Eysteinn \u00deorvaldsson.<\/p>\n<p><strong>\u00datg\u00e1fa og prentun<\/strong>:<br \/>\nUngmennaf\u00e9lag \u00cdslands, Reykjav\u00edk. 1968-1970. Prentun: Prentsmi\u00f0jan Edda.<\/p>\n","protected":false},"excerpt":{"rendered":"<p>T\u00edmarit sem eru var\u00f0veitt \u00ed \u00f6skjum eru bo\u00f0in til s\u00f6lu \u00ed lausu. Skinfaxi. 2 &#8211; Tuttugu hefti \u00ed \u00f6skju, 1971 \u2013 1974 (rex\u00edn) gyllt \u00e1 kj\u00f6l. \u2028Ritstj\u00f3ri: Eysteinn \u00deorvaldsson. \u00datg\u00e1fa og prentun: Ungmennaf\u00e9lag \u00cdslands, Reykjav\u00edk. 1968-1970. Prentun: Prentsmi\u00f0jan Edda.<\/p>\n","protected":false},"featured_media":7640,"template":"","meta":{"slim_seo":{"title":"Skinfaxi 2 - KindArt","description":"T\u00edmarit sem eru var\u00f0veitt \u00ed \u00f6skjum eru bo\u00f0in til s\u00f6lu \u00ed lausu. Skinfaxi. 2 - Tuttugu hefti \u00ed \u00f6skju, 1971 \u2013 1974 (rex\u00edn) gyllt \u00e1 kj\u00f6l. \u2028Ritstj\u00f3ri: Eysteinn \u00deorva"}},"product_brand":[],"product_cat":[83],"product_tag":[],"class_list":{"0":"post-7641","1":"product","2":"type-product","3":"status-publish","4":"has-post-thumbnail","6":"product_cat-books","7":"product_shipping_class-small-en","9":"first","10":"instock","11":"purchasable","12":"product-type-simple"},"_links":{"self":[{"href":"https:\/\/kindart.is\/en\/wp-json\/wp\/v2\/product\/7641","targetHints":{"allow":["GET"]}}],"collection":[{"href":"https:\/\/kindart.is\/en\/wp-json\/wp\/v2\/product"}],"about":[{"href":"https:\/\/kindart.is\/en\/wp-json\/wp\/v2\/types\/product"}],"wp:featuredmedia":[{"embeddable":true,"href":"https:\/\/kindart.is\/en\/wp-json\/wp\/v2\/media\/7640"}],"wp:attachment":[{"href":"https:\/\/kindart.is\/en\/wp-json\/wp\/v2\/media?parent=7641"}],"wp:term":[{"taxonomy":"product_brand","embeddable":true,"href":"https:\/\/kindart.is\/en\/wp-json\/wp\/v2\/product_brand?post=7641"},{"taxonomy":"product_cat","embeddable":true,"href":"https:\/\/kindart.is\/en\/wp-json\/wp\/v2\/product_cat?post=7641"},{"taxonomy":"product_tag","embeddable":true,"href":"https:\/\/kindart.is\/en\/wp-json\/wp\/v2\/product_tag?post=7641"}],"curies":[{"name":"wp","href":"https:\/\/api.w.org\/{rel}","templated":true}]}}