{"id":7647,"date":"2023-06-29T07:23:15","date_gmt":"2023-06-29T07:23:15","guid":{"rendered":"https:\/\/kindart.is\/product\/skinfaxi-1\/"},"modified":"2023-06-29T13:40:42","modified_gmt":"2023-06-29T13:40:42","slug":"skinfaxi-1","status":"publish","type":"product","link":"https:\/\/kindart.is\/en\/vara\/skinfaxi-1\/","title":{"rendered":"Skinfaxi 1"},"content":{"rendered":"<p>T\u00edmarit \u00ed \u00f6skjum. Bo\u00f0in eru til s\u00f6lu nokkur t\u00edmaritshefti \u00ed lausu sem eru var\u00f0veitt \u00ed \u00f6skjum.\u2028 <strong>Skinfaxi 1<\/strong> &#8211; Fj\u00f3rt\u00e1n hefti &#8211; 1968 \u2013 1979 \u00ed vanda\u00f0ri \u00f6skju, kl\u00e6dd \u00ed rex\u00edn og spjaldapapp\u00edr, Ritstj\u00f3rar Eysteinn \u00deorvaldsson og Eir\u00edkur J. Eir\u00edksson. St\u00e6r\u00f0: 21.4 X 15.8 cm. 6 hefti \u00e1 \u00e1ri, 32 bls. hvert hefti.<\/p>\n<p><strong>\u00datg\u00e1fa og prentun<\/strong>:<br \/>\nUngmennaf\u00e9lag \u00cdslands, Reykjav\u00edk. 1968-1970. Prentun: Prentsmi\u00f0ja J\u00f3ns Helgasonar og Prentsmi\u00f0jan Edda.<\/p>\n","protected":false},"excerpt":{"rendered":"<p>T\u00edmarit \u00ed \u00f6skjum. Bo\u00f0in eru til s\u00f6lu nokkur t\u00edmaritshefti \u00ed lausu sem eru var\u00f0veitt \u00ed \u00f6skjum.\u2028 Skinfaxi 1 &#8211; Fj\u00f3rt\u00e1n hefti &#8211; 1968 \u2013 1979 \u00ed vanda\u00f0ri \u00f6skju, kl\u00e6dd \u00ed rex\u00edn og spjaldapapp\u00edr, Ritstj\u00f3rar Eysteinn \u00deorvaldsson og Eir\u00edkur J. Eir\u00edksson. St\u00e6r\u00f0: 21.4 X 15.8 cm. 6 hefti \u00e1 \u00e1ri, 32 bls. hvert hefti. \u00datg\u00e1fa og [&hellip;]<\/p>\n","protected":false},"featured_media":7646,"template":"","meta":{"slim_seo":{"title":"Skinfaxi 1 - KindArt","description":"T\u00edmarit \u00ed \u00f6skjum. Bo\u00f0in eru til s\u00f6lu nokkur t\u00edmaritshefti \u00ed lausu sem eru var\u00f0veitt \u00ed \u00f6skjum.\u2028 Skinfaxi 1 - Fj\u00f3rt\u00e1n hefti - 1968 \u2013 1979 \u00ed vanda\u00f0ri \u00f6skju, kl\u00e6dd"}},"product_brand":[],"product_cat":[83],"product_tag":[],"class_list":{"0":"post-7647","1":"product","2":"type-product","3":"status-publish","4":"has-post-thumbnail","6":"product_cat-books","7":"product_shipping_class-small-en","9":"first","10":"instock","11":"purchasable","12":"product-type-simple"},"_links":{"self":[{"href":"https:\/\/kindart.is\/en\/wp-json\/wp\/v2\/product\/7647","targetHints":{"allow":["GET"]}}],"collection":[{"href":"https:\/\/kindart.is\/en\/wp-json\/wp\/v2\/product"}],"about":[{"href":"https:\/\/kindart.is\/en\/wp-json\/wp\/v2\/types\/product"}],"wp:featuredmedia":[{"embeddable":true,"href":"https:\/\/kindart.is\/en\/wp-json\/wp\/v2\/media\/7646"}],"wp:attachment":[{"href":"https:\/\/kindart.is\/en\/wp-json\/wp\/v2\/media?parent=7647"}],"wp:term":[{"taxonomy":"product_brand","embeddable":true,"href":"https:\/\/kindart.is\/en\/wp-json\/wp\/v2\/product_brand?post=7647"},{"taxonomy":"product_cat","embeddable":true,"href":"https:\/\/kindart.is\/en\/wp-json\/wp\/v2\/product_cat?post=7647"},{"taxonomy":"product_tag","embeddable":true,"href":"https:\/\/kindart.is\/en\/wp-json\/wp\/v2\/product_tag?post=7647"}],"curies":[{"name":"wp","href":"https:\/\/api.w.org\/{rel}","templated":true}]}}