{"id":7657,"date":"2023-07-01T17:55:42","date_gmt":"2023-07-01T17:55:42","guid":{"rendered":"https:\/\/kindart.is\/product\/thegar-raudi-baerinn-fell\/"},"modified":"2023-10-03T12:45:27","modified_gmt":"2023-10-03T12:45:27","slug":"thegar-raudi-baerinn-fell","status":"publish","type":"product","link":"https:\/\/kindart.is\/en\/vara\/thegar-raudi-baerinn-fell\/","title":{"rendered":"\u00deegar rau\u00f0i b\u00e6rinn f\u00e9ll"},"content":{"rendered":"<p><strong>\u00deegar rau\u00f0i b\u00e6rinn f\u00e9ll<\/strong> eftir Engilbert S. Ingvarsson. Minningarbrot fr\u00e1 \u00cdsafjar\u00f0ar\u00e1rum hans 1944-1953. Engilbert er b\u00f3kbindari, f\u00e6ddur \u00ed Una\u00f0sdal \u00e1 Sn\u00e6fjallastr\u00f6nd, en l\u00e6r\u00f0i b\u00f3kband \u00ed Prentstofunni \u00cdsr\u00fan \u00e1 \u00cdsafir\u00f0i. Hann bygg\u00f0i upp ey\u00f0ij\u00f6r\u00f0ina Tyr\u00f0ilm\u00fdri \u00e1 Sn\u00e6fjallastr\u00f6nd og bj\u00f3 \u00fear til 1987 og stunda\u00f0i \u00fear jafnframt b\u00f3kband me\u00f0 b\u00faskapnum. St\u00e6r\u00f0 b\u00f3kar: 22.2 X 15.2 cm og 112 bls.<\/p>\n<p><strong>\u00datg\u00e1fa og prentun<\/strong>:<br \/>\n\u00datgefandi: S\u00f6gumi\u00f0lun ehf, \u00cdsafj\u00f6r\u00f0ur 2010. Prentun: H-prent ehf.<\/p>\n","protected":false},"excerpt":{"rendered":"<p>\u00deegar rau\u00f0i b\u00e6rinn f\u00e9ll eftir Engilbert S. Ingvarsson. Minningarbrot fr\u00e1 \u00cdsafjar\u00f0ar\u00e1rum hans 1944-1953. Engilbert er b\u00f3kbindari, f\u00e6ddur \u00ed Una\u00f0sdal \u00e1 Sn\u00e6fjallastr\u00f6nd, en l\u00e6r\u00f0i b\u00f3kband \u00ed Prentstofunni \u00cdsr\u00fan \u00e1 \u00cdsafir\u00f0i. Hann bygg\u00f0i upp ey\u00f0ij\u00f6r\u00f0ina Tyr\u00f0ilm\u00fdri \u00e1 Sn\u00e6fjallastr\u00f6nd og bj\u00f3 \u00fear til 1987 og stunda\u00f0i \u00fear jafnframt b\u00f3kband me\u00f0 b\u00faskapnum. St\u00e6r\u00f0 b\u00f3kar: 22.2 X 15.2 cm og [&hellip;]<\/p>\n","protected":false},"featured_media":7654,"template":"","meta":{"slim_seo":{"title":"\u00deegar rau\u00f0i b\u00e6rinn f\u00e9ll - KindArt","description":"\u00deegar rau\u00f0i b\u00e6rinn f\u00e9ll eftir Engilbert S. Ingvarsson. Minningarbrot fr\u00e1 \u00cdsafjar\u00f0ar\u00e1rum hans 1944-1953. Engilbert er b\u00f3kbindari, f\u00e6ddur \u00ed Una\u00f0sdal \u00e1 Sn\u00e6fjallast"}},"product_brand":[],"product_cat":[83],"product_tag":[],"class_list":{"0":"post-7657","1":"product","2":"type-product","3":"status-publish","4":"has-post-thumbnail","6":"product_cat-books","7":"product_shipping_class-small-en","9":"first","10":"instock","11":"purchasable","12":"product-type-simple"},"_links":{"self":[{"href":"https:\/\/kindart.is\/en\/wp-json\/wp\/v2\/product\/7657","targetHints":{"allow":["GET"]}}],"collection":[{"href":"https:\/\/kindart.is\/en\/wp-json\/wp\/v2\/product"}],"about":[{"href":"https:\/\/kindart.is\/en\/wp-json\/wp\/v2\/types\/product"}],"wp:featuredmedia":[{"embeddable":true,"href":"https:\/\/kindart.is\/en\/wp-json\/wp\/v2\/media\/7654"}],"wp:attachment":[{"href":"https:\/\/kindart.is\/en\/wp-json\/wp\/v2\/media?parent=7657"}],"wp:term":[{"taxonomy":"product_brand","embeddable":true,"href":"https:\/\/kindart.is\/en\/wp-json\/wp\/v2\/product_brand?post=7657"},{"taxonomy":"product_cat","embeddable":true,"href":"https:\/\/kindart.is\/en\/wp-json\/wp\/v2\/product_cat?post=7657"},{"taxonomy":"product_tag","embeddable":true,"href":"https:\/\/kindart.is\/en\/wp-json\/wp\/v2\/product_tag?post=7657"}],"curies":[{"name":"wp","href":"https:\/\/api.w.org\/{rel}","templated":true}]}}