{"id":7661,"date":"2023-07-01T18:00:34","date_gmt":"2023-07-01T18:00:34","guid":{"rendered":"https:\/\/kindart.is\/product\/kvedandi-visnafelag-thingeyinga-hefti-nr-2\/"},"modified":"2023-07-01T18:00:34","modified_gmt":"2023-07-01T18:00:34","slug":"kvedandi-visnafelag-thingeyinga-hefti-nr-2","status":"publish","type":"product","link":"https:\/\/kindart.is\/en\/vara\/kvedandi-visnafelag-thingeyinga-hefti-nr-2\/","title":{"rendered":"Kve\u00f0andi, V\u00edsnaf\u00e9lag \u00deingeyinga \u2013 Hefti Nr.2"},"content":{"rendered":"<p><strong>Kve\u00f0andi, V\u00edsnaf\u00e9lag \u00deingeyinga \u2013 Hefti Nr.2<\/strong>. J\u00f3hanna \u00c1. Steingr\u00edmsd\u00f3ttir ritar form\u00e1la. \u00deetta hefti er \u00e1rangur af starfsemi f\u00e9lagsins Kve\u00f0andi \u00ed \u00deingeyjars\u00fdslu en haldnir eru tveir v\u00edsnafundir \u00e1 hverjum vetri. Hefti\u00f0 er v\u00edrheft og sett \u00ed kartonk\u00e1pu og skori\u00f0. St\u00e6r\u00f0: 21 X 14.8 cm og 66 bls.<\/p>\n<p><strong>\u00datg\u00e1fa og prentun<\/strong>:<br \/>\n\u00datgefandi: F\u00e9lagi\u00f0 Kve\u00f0andi H\u00fasav\u00edk 1999. Prentun: \u00d6rk \u2013 Tr\u00f6\u00f0 prenth\u00fas.<\/p>\n","protected":false},"excerpt":{"rendered":"<p>Kve\u00f0andi, V\u00edsnaf\u00e9lag \u00deingeyinga \u2013 Hefti Nr.2. J\u00f3hanna \u00c1. Steingr\u00edmsd\u00f3ttir ritar form\u00e1la. \u00deetta hefti er \u00e1rangur af starfsemi f\u00e9lagsins Kve\u00f0andi \u00ed \u00deingeyjars\u00fdslu en haldnir eru tveir v\u00edsnafundir \u00e1 hverjum vetri. Hefti\u00f0 er v\u00edrheft og sett \u00ed kartonk\u00e1pu og skori\u00f0. St\u00e6r\u00f0: 21 X 14.8 cm og 66 bls. \u00datg\u00e1fa og prentun: \u00datgefandi: F\u00e9lagi\u00f0 Kve\u00f0andi H\u00fasav\u00edk 1999. Prentun: [&hellip;]<\/p>\n","protected":false},"featured_media":7660,"template":"","meta":{"slim_seo":{"title":"Kve\u00f0andi, V\u00edsnaf\u00e9lag \u00deingeyinga \u2013 Hefti Nr.2 - KindArt","description":"Kve\u00f0andi, V\u00edsnaf\u00e9lag \u00deingeyinga \u2013 Hefti Nr.2 . J\u00f3hanna \u00c1. Steingr\u00edmsd\u00f3ttir ritar form\u00e1la. \u00deetta hefti er \u00e1rangur af starfsemi f\u00e9lagsins Kve\u00f0andi \u00ed \u00deingeyjars\u00fdsl"}},"product_brand":[],"product_cat":[83],"product_tag":[],"class_list":{"0":"post-7661","1":"product","2":"type-product","3":"status-publish","4":"has-post-thumbnail","6":"product_cat-books","7":"product_shipping_class-small-en","9":"first","10":"instock","11":"purchasable","12":"product-type-simple"},"_links":{"self":[{"href":"https:\/\/kindart.is\/en\/wp-json\/wp\/v2\/product\/7661","targetHints":{"allow":["GET"]}}],"collection":[{"href":"https:\/\/kindart.is\/en\/wp-json\/wp\/v2\/product"}],"about":[{"href":"https:\/\/kindart.is\/en\/wp-json\/wp\/v2\/types\/product"}],"wp:featuredmedia":[{"embeddable":true,"href":"https:\/\/kindart.is\/en\/wp-json\/wp\/v2\/media\/7660"}],"wp:attachment":[{"href":"https:\/\/kindart.is\/en\/wp-json\/wp\/v2\/media?parent=7661"}],"wp:term":[{"taxonomy":"product_brand","embeddable":true,"href":"https:\/\/kindart.is\/en\/wp-json\/wp\/v2\/product_brand?post=7661"},{"taxonomy":"product_cat","embeddable":true,"href":"https:\/\/kindart.is\/en\/wp-json\/wp\/v2\/product_cat?post=7661"},{"taxonomy":"product_tag","embeddable":true,"href":"https:\/\/kindart.is\/en\/wp-json\/wp\/v2\/product_tag?post=7661"}],"curies":[{"name":"wp","href":"https:\/\/api.w.org\/{rel}","templated":true}]}}