{"id":7665,"date":"2023-07-02T12:08:55","date_gmt":"2023-07-02T12:08:55","guid":{"rendered":"https:\/\/kindart.is\/product\/hellan\/"},"modified":"2024-10-19T16:20:33","modified_gmt":"2024-10-19T16:20:33","slug":"hellan","status":"publish","type":"product","link":"https:\/\/kindart.is\/en\/vara\/hellan\/","title":{"rendered":"Hellan"},"content":{"rendered":"<p><strong>Hellan<\/strong>, 1. tbl. 22.\u00e1rg. 2012. H\u00e9ra\u00f0s- og b\u00e6jarfr\u00e9ttabla\u00f0 sem kemur \u00fat einu sinni \u00ed m\u00e1nu\u00f0i. Ritstj\u00f3ri: Albert Gunnlaugsson. St\u00e6r\u00f0: 29.7 X 21 cm og er 20 bls. me\u00f0 k\u00e1pu.<\/p>\n<p><strong>\u00datg\u00e1fa og prentun<\/strong>:<br \/>\n\u00datgefandi: Tunnan, prent\u00fej\u00f3nusta, L\u00e6kjarg\u00f6tu 9b Siglufir\u00f0i. Prentun: Sama sta\u00f0.<\/p>\n","protected":false},"excerpt":{"rendered":"<p>Hellan, 1. tbl. 22.\u00e1rg. 2012. H\u00e9ra\u00f0s- og b\u00e6jarfr\u00e9ttabla\u00f0 sem kemur \u00fat einu sinni \u00ed m\u00e1nu\u00f0i. Ritstj\u00f3ri: Albert Gunnlaugsson. St\u00e6r\u00f0: 29.7 X 21 cm og er 20 bls. me\u00f0 k\u00e1pu. \u00datg\u00e1fa og prentun: \u00datgefandi: Tunnan, prent\u00fej\u00f3nusta, L\u00e6kjarg\u00f6tu 9b Siglufir\u00f0i. Prentun: Sama sta\u00f0.<\/p>\n","protected":false},"featured_media":7664,"template":"","meta":{"slim_seo":{"title":"Hellan - KindArt","description":"Hellan , 1. tbl. 22.\u00e1rg. 2012. H\u00e9ra\u00f0s- og b\u00e6jarfr\u00e9ttabla\u00f0 sem kemur \u00fat einu sinni \u00ed m\u00e1nu\u00f0i. Ritstj\u00f3ri: Albert Gunnlaugsson. St\u00e6r\u00f0: 29.7 X 21 cm og er 20 bls. me"}},"product_brand":[],"product_cat":[83],"product_tag":[],"class_list":{"0":"post-7665","1":"product","2":"type-product","3":"status-publish","4":"has-post-thumbnail","6":"product_cat-books","7":"product_shipping_class-small-en","9":"first","10":"outofstock","11":"purchasable","12":"product-type-simple"},"_links":{"self":[{"href":"https:\/\/kindart.is\/en\/wp-json\/wp\/v2\/product\/7665","targetHints":{"allow":["GET"]}}],"collection":[{"href":"https:\/\/kindart.is\/en\/wp-json\/wp\/v2\/product"}],"about":[{"href":"https:\/\/kindart.is\/en\/wp-json\/wp\/v2\/types\/product"}],"wp:featuredmedia":[{"embeddable":true,"href":"https:\/\/kindart.is\/en\/wp-json\/wp\/v2\/media\/7664"}],"wp:attachment":[{"href":"https:\/\/kindart.is\/en\/wp-json\/wp\/v2\/media?parent=7665"}],"wp:term":[{"taxonomy":"product_brand","embeddable":true,"href":"https:\/\/kindart.is\/en\/wp-json\/wp\/v2\/product_brand?post=7665"},{"taxonomy":"product_cat","embeddable":true,"href":"https:\/\/kindart.is\/en\/wp-json\/wp\/v2\/product_cat?post=7665"},{"taxonomy":"product_tag","embeddable":true,"href":"https:\/\/kindart.is\/en\/wp-json\/wp\/v2\/product_tag?post=7665"}],"curies":[{"name":"wp","href":"https:\/\/api.w.org\/{rel}","templated":true}]}}