{"id":7669,"date":"2023-07-02T12:14:16","date_gmt":"2023-07-02T12:14:16","guid":{"rendered":"https:\/\/kindart.is\/product\/dd-11-draumar-dulraenar-frasagnir\/"},"modified":"2023-07-02T12:14:16","modified_gmt":"2023-07-02T12:14:16","slug":"dd-11-draumar-dulraenar-frasagnir","status":"publish","type":"product","link":"https:\/\/kindart.is\/en\/vara\/dd-11-draumar-dulraenar-frasagnir\/","title":{"rendered":"DD 11 \u2013 Draumar \u2013 Dulr\u00e6nar fr\u00e1sagnir"},"content":{"rendered":"<p><strong>DD 11 \u2013 Draumar \u2013 Dulr\u00e6nar fr\u00e1sagnir<\/strong> \u2013 1.hefti 1969. T\u00edmarit um drauma og dulr\u00e6n fyrirbrig\u00f0i. V\u00edrheft bla\u00f0. St\u00e6r\u00f0: 27.4 X 21.2 cm. 24 bls.<\/p>\n<p>\u00datg\u00e1fa og prentun:<br \/>\nBl\u00e1 Hv\u00edta \u00fatg\u00e1fan. \u00c1byrg\u00f0arma\u00f0ur: Einar Freyr. Reykjav\u00edk 1969. Prentun: Prentsmi\u00f0ja Baldurs J\u00f3nssonar Hverfisg\u00f6tu 41.<\/p>\n","protected":false},"excerpt":{"rendered":"<p>DD 11 \u2013 Draumar \u2013 Dulr\u00e6nar fr\u00e1sagnir \u2013 1.hefti 1969. T\u00edmarit um drauma og dulr\u00e6n fyrirbrig\u00f0i. V\u00edrheft bla\u00f0. St\u00e6r\u00f0: 27.4 X 21.2 cm. 24 bls. \u00datg\u00e1fa og prentun: Bl\u00e1 Hv\u00edta \u00fatg\u00e1fan. \u00c1byrg\u00f0arma\u00f0ur: Einar Freyr. Reykjav\u00edk 1969. Prentun: Prentsmi\u00f0ja Baldurs J\u00f3nssonar Hverfisg\u00f6tu 41.<\/p>\n","protected":false},"featured_media":7668,"template":"","meta":{"slim_seo":{"title":"DD 11 \u2013 Draumar \u2013 Dulr\u00e6nar fr\u00e1sagnir - KindArt","description":"DD 11 \u2013 Draumar \u2013 Dulr\u00e6nar fr\u00e1sagnir \u2013 1.hefti 1969. T\u00edmarit um drauma og dulr\u00e6n fyrirbrig\u00f0i. V\u00edrheft bla\u00f0. St\u00e6r\u00f0: 27.4 X 21.2 cm. 24 bls. \u00datg\u00e1fa og prentun: Bl"}},"product_brand":[],"product_cat":[83],"product_tag":[],"class_list":{"0":"post-7669","1":"product","2":"type-product","3":"status-publish","4":"has-post-thumbnail","6":"product_cat-books","7":"product_shipping_class-small-en","9":"first","10":"instock","11":"purchasable","12":"product-type-simple"},"_links":{"self":[{"href":"https:\/\/kindart.is\/en\/wp-json\/wp\/v2\/product\/7669","targetHints":{"allow":["GET"]}}],"collection":[{"href":"https:\/\/kindart.is\/en\/wp-json\/wp\/v2\/product"}],"about":[{"href":"https:\/\/kindart.is\/en\/wp-json\/wp\/v2\/types\/product"}],"wp:featuredmedia":[{"embeddable":true,"href":"https:\/\/kindart.is\/en\/wp-json\/wp\/v2\/media\/7668"}],"wp:attachment":[{"href":"https:\/\/kindart.is\/en\/wp-json\/wp\/v2\/media?parent=7669"}],"wp:term":[{"taxonomy":"product_brand","embeddable":true,"href":"https:\/\/kindart.is\/en\/wp-json\/wp\/v2\/product_brand?post=7669"},{"taxonomy":"product_cat","embeddable":true,"href":"https:\/\/kindart.is\/en\/wp-json\/wp\/v2\/product_cat?post=7669"},{"taxonomy":"product_tag","embeddable":true,"href":"https:\/\/kindart.is\/en\/wp-json\/wp\/v2\/product_tag?post=7669"}],"curies":[{"name":"wp","href":"https:\/\/api.w.org\/{rel}","templated":true}]}}