{"id":7673,"date":"2023-07-02T12:18:56","date_gmt":"2023-07-02T12:18:56","guid":{"rendered":"https:\/\/kindart.is\/product\/heimilisbladid-1-arg-1-tbl-1912\/"},"modified":"2023-07-02T12:18:56","modified_gmt":"2023-07-02T12:18:56","slug":"heimilisbladid-1-arg-1-tbl-1912","status":"publish","type":"product","link":"https:\/\/kindart.is\/en\/vara\/heimilisbladid-1-arg-1-tbl-1912\/","title":{"rendered":"Heimilisbla\u00f0i\u00f0, 1.\u00e1rg. 1. tbl. 1912"},"content":{"rendered":"<p><strong>Heimilisbla\u00f0i\u00f0, 1.\u00e1rg. 1. tbl. 1912<\/strong>. \u00deetta bla\u00f0 var stofna\u00f0 af J\u00f3ni Helgasyni prentara \u00feegar hann var \u00e1 Eyrarbakka \u00ed nokkur \u00e1r fr\u00e1 1910 og starfr\u00e6kti \u00fe\u00e1 og stj\u00f3rna\u00f0i Prentsmi\u00f0ju Su\u00f0urlands. Hann gaf \u00fea\u00f0 s\u00ed\u00f0an \u00fat \u00e1fram \u00ed \u00e1ratugi \u00fear til sonur hans Baldur t\u00f3k vi\u00f0 \u00fev\u00ed eftir hans dag. Bla\u00f0i\u00f0 var \u00ed fyrstu a\u00f0eins 1\/2 \u00f6rk a\u00f0 st\u00e6r\u00f0, 25.8 X 19.8 cm og 8 bls. J\u00f3n fluttist s\u00ed\u00f0an flj\u00f3tlega til Reykjav\u00edkur og rak \u00fear Prentsmi\u00f0ju J\u00f3ns Helgasonar \u00ed m\u00f6rg \u00e1r a\u00f0 Bergsta\u00f0astr\u00e6ti 27, sem k\u00f6llu\u00f0 var Jes\u00faprent.<\/p>\n<p><strong>\u00datg\u00e1fa og prentun<\/strong>:<br \/>\n\u00datgefandi og \u00e1byrg\u00f0arma\u00f0ur: J\u00f3n Helgason prentari, 1912 Eyrarbakka. Prentun. Prentsmi\u00f0ja Su\u00f0urlands.<\/p>\n<p><strong>FORNGRIPUR og F\u00c1G\u00c6TI\u2028<\/strong><\/p>\n","protected":false},"excerpt":{"rendered":"<p>Heimilisbla\u00f0i\u00f0, 1.\u00e1rg. 1. tbl. 1912. \u00deetta bla\u00f0 var stofna\u00f0 af J\u00f3ni Helgasyni prentara \u00feegar hann var \u00e1 Eyrarbakka \u00ed nokkur \u00e1r fr\u00e1 1910 og starfr\u00e6kti \u00fe\u00e1 og stj\u00f3rna\u00f0i Prentsmi\u00f0ju Su\u00f0urlands. Hann gaf \u00fea\u00f0 s\u00ed\u00f0an \u00fat \u00e1fram \u00ed \u00e1ratugi \u00fear til sonur hans Baldur t\u00f3k vi\u00f0 \u00fev\u00ed eftir hans dag. Bla\u00f0i\u00f0 var \u00ed fyrstu a\u00f0eins 1\/2 [&hellip;]<\/p>\n","protected":false},"featured_media":7672,"template":"","meta":{"slim_seo":{"title":"Heimilisbla\u00f0i\u00f0, 1.\u00e1rg. 1. tbl. 1912 - KindArt","description":"Heimilisbla\u00f0i\u00f0, 1.\u00e1rg. 1. tbl. 1912 . \u00deetta bla\u00f0 var stofna\u00f0 af J\u00f3ni Helgasyni prentara \u00feegar hann var \u00e1 Eyrarbakka \u00ed nokkur \u00e1r fr\u00e1 1910 og starfr\u00e6kti \u00fe\u00e1 og stj"}},"product_brand":[],"product_cat":[83],"product_tag":[],"class_list":{"0":"post-7673","1":"product","2":"type-product","3":"status-publish","4":"has-post-thumbnail","6":"product_cat-books","7":"product_shipping_class-small-en","9":"first","10":"instock","11":"purchasable","12":"product-type-simple"},"_links":{"self":[{"href":"https:\/\/kindart.is\/en\/wp-json\/wp\/v2\/product\/7673","targetHints":{"allow":["GET"]}}],"collection":[{"href":"https:\/\/kindart.is\/en\/wp-json\/wp\/v2\/product"}],"about":[{"href":"https:\/\/kindart.is\/en\/wp-json\/wp\/v2\/types\/product"}],"wp:featuredmedia":[{"embeddable":true,"href":"https:\/\/kindart.is\/en\/wp-json\/wp\/v2\/media\/7672"}],"wp:attachment":[{"href":"https:\/\/kindart.is\/en\/wp-json\/wp\/v2\/media?parent=7673"}],"wp:term":[{"taxonomy":"product_brand","embeddable":true,"href":"https:\/\/kindart.is\/en\/wp-json\/wp\/v2\/product_brand?post=7673"},{"taxonomy":"product_cat","embeddable":true,"href":"https:\/\/kindart.is\/en\/wp-json\/wp\/v2\/product_cat?post=7673"},{"taxonomy":"product_tag","embeddable":true,"href":"https:\/\/kindart.is\/en\/wp-json\/wp\/v2\/product_tag?post=7673"}],"curies":[{"name":"wp","href":"https:\/\/api.w.org\/{rel}","templated":true}]}}