{"id":7685,"date":"2023-07-02T17:59:16","date_gmt":"2023-07-02T17:59:16","guid":{"rendered":"https:\/\/kindart.is\/product\/glens-og-grin\/"},"modified":"2023-07-02T17:59:16","modified_gmt":"2023-07-02T17:59:16","slug":"glens-og-grin","status":"publish","type":"product","link":"https:\/\/kindart.is\/en\/vara\/glens-og-grin\/","title":{"rendered":"Glens og gr\u00edn"},"content":{"rendered":"<p><strong>Glens og gr\u00edn<\/strong>. Brandarar vi\u00f0 allra h\u00e6fi. Brandarab\u00f3k \u00fatskriftarnema \u00cdK\u00cd \u2013 vori\u00f0 1998. \u00deetta \u00fe\u00fd\u00f0ir: \u00cd\u00fer\u00f3ttakennarask\u00f3linn \u00e1 Laugarvatni , veturinn 1998. \u00deetta er l\u00edti\u00f0, l\u00edmheft og skori\u00f0 kver, 18 X 13 cm og 99 bls me\u00f0 lokaor\u00f0um \u00e1 aftari k\u00e1pus\u00ed\u00f0u.<\/p>\n<p><strong>\u00datg\u00e1fa og prentun<\/strong>:<br \/>\n\u00datskriftarnemar \u00cdK\u00cd \u2013 vori\u00f0 1998, Prentvinnsla: Prentsel Selfossi.<\/p>\n","protected":false},"excerpt":{"rendered":"<p>Glens og gr\u00edn. Brandarar vi\u00f0 allra h\u00e6fi. Brandarab\u00f3k \u00fatskriftarnema \u00cdK\u00cd \u2013 vori\u00f0 1998. \u00deetta \u00fe\u00fd\u00f0ir: \u00cd\u00fer\u00f3ttakennarask\u00f3linn \u00e1 Laugarvatni , veturinn 1998. \u00deetta er l\u00edti\u00f0, l\u00edmheft og skori\u00f0 kver, 18 X 13 cm og 99 bls me\u00f0 lokaor\u00f0um \u00e1 aftari k\u00e1pus\u00ed\u00f0u. \u00datg\u00e1fa og prentun: \u00datskriftarnemar \u00cdK\u00cd \u2013 vori\u00f0 1998, Prentvinnsla: Prentsel Selfossi.<\/p>\n","protected":false},"featured_media":7682,"template":"","meta":{"slim_seo":{"title":"Glens og gr\u00edn - KindArt","description":"Glens og gr\u00edn . Brandarar vi\u00f0 allra h\u00e6fi. Brandarab\u00f3k \u00fatskriftarnema \u00cdK\u00cd \u2013 vori\u00f0 1998. \u00deetta \u00fe\u00fd\u00f0ir: \u00cd\u00fer\u00f3ttakennarask\u00f3linn \u00e1 Laugarvatni , veturinn 1998. \u00deetta e"}},"product_brand":[],"product_cat":[83],"product_tag":[],"class_list":{"0":"post-7685","1":"product","2":"type-product","3":"status-publish","4":"has-post-thumbnail","6":"product_cat-books","7":"product_shipping_class-small-en","9":"first","10":"outofstock","11":"purchasable","12":"product-type-simple"},"_links":{"self":[{"href":"https:\/\/kindart.is\/en\/wp-json\/wp\/v2\/product\/7685","targetHints":{"allow":["GET"]}}],"collection":[{"href":"https:\/\/kindart.is\/en\/wp-json\/wp\/v2\/product"}],"about":[{"href":"https:\/\/kindart.is\/en\/wp-json\/wp\/v2\/types\/product"}],"wp:featuredmedia":[{"embeddable":true,"href":"https:\/\/kindart.is\/en\/wp-json\/wp\/v2\/media\/7682"}],"wp:attachment":[{"href":"https:\/\/kindart.is\/en\/wp-json\/wp\/v2\/media?parent=7685"}],"wp:term":[{"taxonomy":"product_brand","embeddable":true,"href":"https:\/\/kindart.is\/en\/wp-json\/wp\/v2\/product_brand?post=7685"},{"taxonomy":"product_cat","embeddable":true,"href":"https:\/\/kindart.is\/en\/wp-json\/wp\/v2\/product_cat?post=7685"},{"taxonomy":"product_tag","embeddable":true,"href":"https:\/\/kindart.is\/en\/wp-json\/wp\/v2\/product_tag?post=7685"}],"curies":[{"name":"wp","href":"https:\/\/api.w.org\/{rel}","templated":true}]}}