{"id":7691,"date":"2023-07-02T18:05:55","date_gmt":"2023-07-02T18:05:55","guid":{"rendered":"https:\/\/kindart.is\/product\/buskaparsaga-foreldra-johannesar-johannes-fridgeir-steindorsson-minningarord\/"},"modified":"2023-07-02T18:05:55","modified_gmt":"2023-07-02T18:05:55","slug":"buskaparsaga-foreldra-johannesar-johannes-fridgeir-steindorsson-minningarord","status":"publish","type":"product","link":"https:\/\/kindart.is\/en\/vara\/buskaparsaga-foreldra-johannesar-johannes-fridgeir-steindorsson-minningarord\/","title":{"rendered":"B\u00faskaparsaga foreldra J\u00f3hannesar \u2013 J\u00f3hannes Fri\u00f0geir Steind\u00f3rsson Minningaror\u00f0"},"content":{"rendered":"<p><strong>B\u00faskaparsaga foreldra J\u00f3hannesar \u2013 J\u00f3hannes Fri\u00f0geir Steind\u00f3rsson Minningaror\u00f0<\/strong>. \u00deetta b\u00f3karhefti er me\u00f0 mj\u00f6g \u00f3venjulegu innihaldi. \u00dea\u00f0 m\u00e1 eiginlega segja a\u00f0 \u00feetta s\u00e9 sagnfr\u00e6\u00f0i og minningaror\u00f0. Titils\u00ed\u00f0u vantar, en anna\u00f0 kemur fram eins og s\u00e9st. Hefti\u00f0 er v\u00edrheft og 22.3 X 15.6 cm a\u00f0 st\u00e6r\u00f0 og 49 bls \u00ed dumbrau\u00f0ri kartonk\u00e1pu og skori\u00f0.<\/p>\n<p><strong>\u00datg\u00e1fa og prentun<\/strong>:<br \/>\n\u00datgefandi: Gunnsteinn G\u00edslason Nor\u00f0urfir\u00f0i \u00ed desember 2003. Prentun: SM\u00c1RAprent Nor\u00f0fir\u00f0i.<\/p>\n","protected":false},"excerpt":{"rendered":"<p>B\u00faskaparsaga foreldra J\u00f3hannesar \u2013 J\u00f3hannes Fri\u00f0geir Steind\u00f3rsson Minningaror\u00f0. \u00deetta b\u00f3karhefti er me\u00f0 mj\u00f6g \u00f3venjulegu innihaldi. \u00dea\u00f0 m\u00e1 eiginlega segja a\u00f0 \u00feetta s\u00e9 sagnfr\u00e6\u00f0i og minningaror\u00f0. Titils\u00ed\u00f0u vantar, en anna\u00f0 kemur fram eins og s\u00e9st. Hefti\u00f0 er v\u00edrheft og 22.3 X 15.6 cm a\u00f0 st\u00e6r\u00f0 og 49 bls \u00ed dumbrau\u00f0ri kartonk\u00e1pu og skori\u00f0. \u00datg\u00e1fa og prentun: [&hellip;]<\/p>\n","protected":false},"featured_media":7688,"template":"","meta":{"slim_seo":{"title":"B\u00faskaparsaga foreldra J\u00f3hannesar \u2013 J\u00f3hannes Fri\u00f0geir Steind\u00f3rsson Minningaror\u00f0 - KindArt","description":"B\u00faskaparsaga foreldra J\u00f3hannesar \u2013 J\u00f3hannes Fri\u00f0geir Steind\u00f3rsson Minningaror\u00f0 . \u00deetta b\u00f3karhefti er me\u00f0 mj\u00f6g \u00f3venjulegu innihaldi. \u00dea\u00f0 m\u00e1 eiginlega segja a\u00f0 \u00fee"}},"product_brand":[],"product_cat":[83],"product_tag":[],"class_list":{"0":"post-7691","1":"product","2":"type-product","3":"status-publish","4":"has-post-thumbnail","6":"product_cat-books","7":"product_shipping_class-small-en","9":"first","10":"outofstock","11":"purchasable","12":"product-type-simple"},"_links":{"self":[{"href":"https:\/\/kindart.is\/en\/wp-json\/wp\/v2\/product\/7691","targetHints":{"allow":["GET"]}}],"collection":[{"href":"https:\/\/kindart.is\/en\/wp-json\/wp\/v2\/product"}],"about":[{"href":"https:\/\/kindart.is\/en\/wp-json\/wp\/v2\/types\/product"}],"wp:featuredmedia":[{"embeddable":true,"href":"https:\/\/kindart.is\/en\/wp-json\/wp\/v2\/media\/7688"}],"wp:attachment":[{"href":"https:\/\/kindart.is\/en\/wp-json\/wp\/v2\/media?parent=7691"}],"wp:term":[{"taxonomy":"product_brand","embeddable":true,"href":"https:\/\/kindart.is\/en\/wp-json\/wp\/v2\/product_brand?post=7691"},{"taxonomy":"product_cat","embeddable":true,"href":"https:\/\/kindart.is\/en\/wp-json\/wp\/v2\/product_cat?post=7691"},{"taxonomy":"product_tag","embeddable":true,"href":"https:\/\/kindart.is\/en\/wp-json\/wp\/v2\/product_tag?post=7691"}],"curies":[{"name":"wp","href":"https:\/\/api.w.org\/{rel}","templated":true}]}}