{"id":7698,"date":"2023-07-02T18:11:23","date_gmt":"2023-07-02T18:11:23","guid":{"rendered":"https:\/\/kindart.is\/product\/i-naestu-linu\/"},"modified":"2023-07-14T10:09:37","modified_gmt":"2023-07-14T10:09:37","slug":"i-naestu-linu","status":"publish","type":"product","link":"https:\/\/kindart.is\/en\/vara\/i-naestu-linu\/","title":{"rendered":"\u00cd n\u00e6stu l\u00ednu"},"content":{"rendered":"<p><strong>\u00cd n\u00e6stu l\u00ednu<\/strong>, lj\u00f3\u00f0ab\u00f3k eftir Huldu Sigurd\u00eds \u00der\u00e1insd\u00f3ttur. \u00deetta eru lj\u00f3\u00f0 ungrar konu sem er a\u00f0 st\u00edga \u00fat \u00ed l\u00edfi\u00f0. B\u00f3kin er l\u00edmheft og sett \u00ed kartonk\u00e1pu og skorin. St\u00e6r\u00f0: 21 X 14.9 cm og 32 bls.<\/p>\n<p><strong>\u00datg\u00e1fa og prentun<\/strong>:<br \/>\n\u00datgefandi: H\u00f6fundur, 2013 Egilssta\u00f0ir. H\u00f6nnun og prentun: H\u00e9ra\u00f0sprent. B\u00f3kband: Prentmet.<\/p>\n","protected":false},"excerpt":{"rendered":"<p>\u00cd n\u00e6stu l\u00ednu, lj\u00f3\u00f0ab\u00f3k eftir Huldu Sigurd\u00eds \u00der\u00e1insd\u00f3ttur. \u00deetta eru lj\u00f3\u00f0 ungrar konu sem er a\u00f0 st\u00edga \u00fat \u00ed l\u00edfi\u00f0. B\u00f3kin er l\u00edmheft og sett \u00ed kartonk\u00e1pu og skorin. St\u00e6r\u00f0: 21 X 14.9 cm og 32 bls. \u00datg\u00e1fa og prentun: \u00datgefandi: H\u00f6fundur, 2013 Egilssta\u00f0ir. H\u00f6nnun og prentun: H\u00e9ra\u00f0sprent. B\u00f3kband: Prentmet.<\/p>\n","protected":false},"featured_media":7694,"template":"","meta":{"slim_seo":{"title":"\u00cd n\u00e6stu l\u00ednu - KindArt","description":"\u00cd n\u00e6stu l\u00ednu , lj\u00f3\u00f0ab\u00f3k eftir Huldu Sigurd\u00eds \u00der\u00e1insd\u00f3ttur. \u00deetta eru lj\u00f3\u00f0 ungrar konu sem er a\u00f0 st\u00edga \u00fat \u00ed l\u00edfi\u00f0. B\u00f3kin er l\u00edmheft og sett \u00ed kartonk\u00e1pu og skori"}},"product_brand":[],"product_cat":[83],"product_tag":[],"class_list":{"0":"post-7698","1":"product","2":"type-product","3":"status-publish","4":"has-post-thumbnail","6":"product_cat-books","7":"product_shipping_class-small-en","9":"first","10":"outofstock","11":"purchasable","12":"product-type-simple"},"_links":{"self":[{"href":"https:\/\/kindart.is\/en\/wp-json\/wp\/v2\/product\/7698","targetHints":{"allow":["GET"]}}],"collection":[{"href":"https:\/\/kindart.is\/en\/wp-json\/wp\/v2\/product"}],"about":[{"href":"https:\/\/kindart.is\/en\/wp-json\/wp\/v2\/types\/product"}],"wp:featuredmedia":[{"embeddable":true,"href":"https:\/\/kindart.is\/en\/wp-json\/wp\/v2\/media\/7694"}],"wp:attachment":[{"href":"https:\/\/kindart.is\/en\/wp-json\/wp\/v2\/media?parent=7698"}],"wp:term":[{"taxonomy":"product_brand","embeddable":true,"href":"https:\/\/kindart.is\/en\/wp-json\/wp\/v2\/product_brand?post=7698"},{"taxonomy":"product_cat","embeddable":true,"href":"https:\/\/kindart.is\/en\/wp-json\/wp\/v2\/product_cat?post=7698"},{"taxonomy":"product_tag","embeddable":true,"href":"https:\/\/kindart.is\/en\/wp-json\/wp\/v2\/product_tag?post=7698"}],"curies":[{"name":"wp","href":"https:\/\/api.w.org\/{rel}","templated":true}]}}