{"id":7704,"date":"2023-07-02T18:19:09","date_gmt":"2023-07-02T18:19:09","guid":{"rendered":"https:\/\/kindart.is\/product\/svo-er-lifinu-lifad\/"},"modified":"2023-07-02T18:19:09","modified_gmt":"2023-07-02T18:19:09","slug":"svo-er-lifinu-lifad","status":"publish","type":"product","link":"https:\/\/kindart.is\/en\/vara\/svo-er-lifinu-lifad\/","title":{"rendered":"Svo er l\u00edfinu lifa\u00f0"},"content":{"rendered":"<p><strong>Svo er l\u00edfinu lifa\u00f0<\/strong>, lj\u00f3\u00f0ab\u00f3k eftir Viktor A. Gu\u00f0laugsson. B\u00f3kin er saumheft \u00ed F\u00e9lagsb\u00f3kbandinu, s\u00ed\u00f0an l\u00edmd \u00ed kartonk\u00e1pu og skorin.\u2028St\u00e6r\u00f0: 21 X 14.8 cm og 102 bls.<\/p>\n<p><strong>\u00datg\u00e1fa og prentun<\/strong>:<br \/>\n\u00datgefandi: H\u00f6fundur. 1979 Reykjav\u00edk. Prentun: Tr\u00f6\u00f0 prenth\u00fas, Laugum S-\u00deing.<\/p>\n","protected":false},"excerpt":{"rendered":"<p>Svo er l\u00edfinu lifa\u00f0, lj\u00f3\u00f0ab\u00f3k eftir Viktor A. Gu\u00f0laugsson. B\u00f3kin er saumheft \u00ed F\u00e9lagsb\u00f3kbandinu, s\u00ed\u00f0an l\u00edmd \u00ed kartonk\u00e1pu og skorin.\u2028St\u00e6r\u00f0: 21 X 14.8 cm og 102 bls. \u00datg\u00e1fa og prentun: \u00datgefandi: H\u00f6fundur. 1979 Reykjav\u00edk. Prentun: Tr\u00f6\u00f0 prenth\u00fas, Laugum S-\u00deing.<\/p>\n","protected":false},"featured_media":7701,"template":"","meta":{"slim_seo":{"title":"Svo er l\u00edfinu lifa\u00f0 - KindArt","description":"Svo er l\u00edfinu lifa\u00f0 , lj\u00f3\u00f0ab\u00f3k eftir Viktor A. Gu\u00f0laugsson. B\u00f3kin er saumheft \u00ed F\u00e9lagsb\u00f3kbandinu, s\u00ed\u00f0an l\u00edmd \u00ed kartonk\u00e1pu og skorin.\u2028St\u00e6r\u00f0: 21 X 14.8 cm og 102"}},"product_brand":[],"product_cat":[83],"product_tag":[],"class_list":{"0":"post-7704","1":"product","2":"type-product","3":"status-publish","4":"has-post-thumbnail","6":"product_cat-books","7":"product_shipping_class-small-en","9":"first","10":"instock","11":"purchasable","12":"product-type-simple"},"_links":{"self":[{"href":"https:\/\/kindart.is\/en\/wp-json\/wp\/v2\/product\/7704","targetHints":{"allow":["GET"]}}],"collection":[{"href":"https:\/\/kindart.is\/en\/wp-json\/wp\/v2\/product"}],"about":[{"href":"https:\/\/kindart.is\/en\/wp-json\/wp\/v2\/types\/product"}],"wp:featuredmedia":[{"embeddable":true,"href":"https:\/\/kindart.is\/en\/wp-json\/wp\/v2\/media\/7701"}],"wp:attachment":[{"href":"https:\/\/kindart.is\/en\/wp-json\/wp\/v2\/media?parent=7704"}],"wp:term":[{"taxonomy":"product_brand","embeddable":true,"href":"https:\/\/kindart.is\/en\/wp-json\/wp\/v2\/product_brand?post=7704"},{"taxonomy":"product_cat","embeddable":true,"href":"https:\/\/kindart.is\/en\/wp-json\/wp\/v2\/product_cat?post=7704"},{"taxonomy":"product_tag","embeddable":true,"href":"https:\/\/kindart.is\/en\/wp-json\/wp\/v2\/product_tag?post=7704"}],"curies":[{"name":"wp","href":"https:\/\/api.w.org\/{rel}","templated":true}]}}