{"id":7708,"date":"2023-07-02T18:23:45","date_gmt":"2023-07-02T18:23:45","guid":{"rendered":"https:\/\/kindart.is\/product\/fra-fikn-til-frelsis\/"},"modified":"2023-07-02T18:30:21","modified_gmt":"2023-07-02T18:30:21","slug":"fra-fikn-til-frelsis","status":"publish","type":"product","link":"https:\/\/kindart.is\/en\/vara\/fra-fikn-til-frelsis\/","title":{"rendered":"Fr\u00e1 f\u00edkn til frelsis"},"content":{"rendered":"<p><strong>Fr\u00e1 f\u00edkn til frelsis<\/strong> eftir Tholly R\u00f3smundsd\u00f3ttur og Stef\u00e1n \u00c1sgr\u00edmsson. \u00d3lafur \u00d3lafsson landl\u00e6knir ritar form\u00e1lsor\u00f0. Fimm einstaklingar segja h\u00e9r s\u00f6gu af gl\u00edmu sinni vi\u00f0 eiturlyf og grimm \u00f6rl\u00f6g. B\u00f3kin er 20.4 X 14.6 cm a\u00f0 st\u00e6r\u00f0 og 166 bls, sett \u00ed kartonk\u00e1pu og skorin.<\/p>\n<p><strong>\u00datg\u00e1fa og prentun<\/strong>:<br \/>\n\u00datg\u00e1fuf\u00e9lagi\u00f0 Krossg\u00f6tur, [1989] Reykjav\u00edk. Prentun: Prentsm\u00ed\u00f0i hf.<\/p>\n","protected":false},"excerpt":{"rendered":"<p>Fr\u00e1 f\u00edkn til frelsis eftir Tholly R\u00f3smundsd\u00f3ttur og Stef\u00e1n \u00c1sgr\u00edmsson. \u00d3lafur \u00d3lafsson landl\u00e6knir ritar form\u00e1lsor\u00f0. Fimm einstaklingar segja h\u00e9r s\u00f6gu af gl\u00edmu sinni vi\u00f0 eiturlyf og grimm \u00f6rl\u00f6g. B\u00f3kin er 20.4 X 14.6 cm a\u00f0 st\u00e6r\u00f0 og 166 bls, sett \u00ed kartonk\u00e1pu og skorin. \u00datg\u00e1fa og prentun: \u00datg\u00e1fuf\u00e9lagi\u00f0 Krossg\u00f6tur, [1989] Reykjav\u00edk. Prentun: Prentsm\u00ed\u00f0i hf.<\/p>\n","protected":false},"featured_media":7707,"template":"","meta":{"slim_seo":{"title":"Fr\u00e1 f\u00edkn til frelsis - KindArt","description":"Fr\u00e1 f\u00edkn til frelsis eftir Tholly R\u00f3smundsd\u00f3ttur og Stef\u00e1n \u00c1sgr\u00edmsson. \u00d3lafur \u00d3lafsson landl\u00e6knir ritar form\u00e1lsor\u00f0. Fimm einstaklingar segja h\u00e9r s\u00f6gu af gl\u00edmu s"}},"product_brand":[],"product_cat":[83],"product_tag":[],"class_list":{"0":"post-7708","1":"product","2":"type-product","3":"status-publish","4":"has-post-thumbnail","6":"product_cat-books","7":"product_shipping_class-small-en","9":"first","10":"instock","11":"purchasable","12":"product-type-simple"},"_links":{"self":[{"href":"https:\/\/kindart.is\/en\/wp-json\/wp\/v2\/product\/7708","targetHints":{"allow":["GET"]}}],"collection":[{"href":"https:\/\/kindart.is\/en\/wp-json\/wp\/v2\/product"}],"about":[{"href":"https:\/\/kindart.is\/en\/wp-json\/wp\/v2\/types\/product"}],"wp:featuredmedia":[{"embeddable":true,"href":"https:\/\/kindart.is\/en\/wp-json\/wp\/v2\/media\/7707"}],"wp:attachment":[{"href":"https:\/\/kindart.is\/en\/wp-json\/wp\/v2\/media?parent=7708"}],"wp:term":[{"taxonomy":"product_brand","embeddable":true,"href":"https:\/\/kindart.is\/en\/wp-json\/wp\/v2\/product_brand?post=7708"},{"taxonomy":"product_cat","embeddable":true,"href":"https:\/\/kindart.is\/en\/wp-json\/wp\/v2\/product_cat?post=7708"},{"taxonomy":"product_tag","embeddable":true,"href":"https:\/\/kindart.is\/en\/wp-json\/wp\/v2\/product_tag?post=7708"}],"curies":[{"name":"wp","href":"https:\/\/api.w.org\/{rel}","templated":true}]}}