{"id":7712,"date":"2023-07-04T06:23:30","date_gmt":"2023-07-04T06:23:30","guid":{"rendered":"https:\/\/kindart.is\/product\/graena-bokin\/"},"modified":"2023-07-04T06:23:30","modified_gmt":"2023-07-04T06:23:30","slug":"graena-bokin","status":"publish","type":"product","link":"https:\/\/kindart.is\/en\/vara\/graena-bokin\/","title":{"rendered":"Gr\u00e6na b\u00f3kin"},"content":{"rendered":"<p><strong>Gr\u00e6na b\u00f3kin<\/strong> um neytendur og umhverfi: Einkunnaror\u00f0 b\u00f3karinnar eru Endurvinna! Endurnota! Nota minna!. B\u00f3kinni er \u00e6tla\u00f0 \u00fea\u00f0 hlutverk a\u00f0 lei\u00f0beina neytendum um hvernig \u00feeir geta lagt sitt af m\u00f6rkum og hvetja \u00fe\u00e1 til a\u00f0ger\u00f0a. Framlag okkar skiptir m\u00e1li. B\u00f3kin er saumheft og sett \u00ed kartonk\u00e1pu og skorin. St\u00e6r\u00f0: 22.7 X 15.9 cm og 88 bls.<\/p>\n<p><strong>\u00datg\u00e1fa og prentun<\/strong>:<br \/>\n\u00datgefendur: Neytendasamt\u00f6kin, Norr\u00e6na f\u00e9lagi\u00f0 og Gr\u00e6nu fj\u00f6lskyldurnar \u00ed K\u00f3pavogi. 1995, K\u00f3pavogur. Prentun: K-prent, K\u00f3pavogi.<\/p>\n","protected":false},"excerpt":{"rendered":"<p>Gr\u00e6na b\u00f3kin um neytendur og umhverfi: Einkunnaror\u00f0 b\u00f3karinnar eru Endurvinna! Endurnota! Nota minna!. B\u00f3kinni er \u00e6tla\u00f0 \u00fea\u00f0 hlutverk a\u00f0 lei\u00f0beina neytendum um hvernig \u00feeir geta lagt sitt af m\u00f6rkum og hvetja \u00fe\u00e1 til a\u00f0ger\u00f0a. Framlag okkar skiptir m\u00e1li. B\u00f3kin er saumheft og sett \u00ed kartonk\u00e1pu og skorin. St\u00e6r\u00f0: 22.7 X 15.9 cm og 88 bls. [&hellip;]<\/p>\n","protected":false},"featured_media":7711,"template":"","meta":{"slim_seo":{"title":"Gr\u00e6na b\u00f3kin - KindArt","description":"Gr\u00e6na b\u00f3kin um neytendur og umhverfi: Einkunnaror\u00f0 b\u00f3karinnar eru Endurvinna! Endurnota! Nota minna!. B\u00f3kinni er \u00e6tla\u00f0 \u00fea\u00f0 hlutverk a\u00f0 lei\u00f0beina neytendum um hv"}},"product_brand":[],"product_cat":[83],"product_tag":[],"class_list":{"0":"post-7712","1":"product","2":"type-product","3":"status-publish","4":"has-post-thumbnail","6":"product_cat-books","7":"product_shipping_class-small-en","9":"first","10":"instock","11":"purchasable","12":"product-type-simple"},"_links":{"self":[{"href":"https:\/\/kindart.is\/en\/wp-json\/wp\/v2\/product\/7712","targetHints":{"allow":["GET"]}}],"collection":[{"href":"https:\/\/kindart.is\/en\/wp-json\/wp\/v2\/product"}],"about":[{"href":"https:\/\/kindart.is\/en\/wp-json\/wp\/v2\/types\/product"}],"wp:featuredmedia":[{"embeddable":true,"href":"https:\/\/kindart.is\/en\/wp-json\/wp\/v2\/media\/7711"}],"wp:attachment":[{"href":"https:\/\/kindart.is\/en\/wp-json\/wp\/v2\/media?parent=7712"}],"wp:term":[{"taxonomy":"product_brand","embeddable":true,"href":"https:\/\/kindart.is\/en\/wp-json\/wp\/v2\/product_brand?post=7712"},{"taxonomy":"product_cat","embeddable":true,"href":"https:\/\/kindart.is\/en\/wp-json\/wp\/v2\/product_cat?post=7712"},{"taxonomy":"product_tag","embeddable":true,"href":"https:\/\/kindart.is\/en\/wp-json\/wp\/v2\/product_tag?post=7712"}],"curies":[{"name":"wp","href":"https:\/\/api.w.org\/{rel}","templated":true}]}}