{"id":7716,"date":"2023-07-04T06:27:12","date_gmt":"2023-07-04T06:27:12","guid":{"rendered":"https:\/\/kindart.is\/product\/evelyn-stefansson-nef\/"},"modified":"2023-07-04T06:27:12","modified_gmt":"2023-07-04T06:27:12","slug":"evelyn-stefansson-nef","status":"publish","type":"product","link":"https:\/\/kindart.is\/en\/vara\/evelyn-stefansson-nef\/","title":{"rendered":"Evelyn Stef\u00e1nsson Nef"},"content":{"rendered":"<p><strong>Evelyn Stef\u00e1nsson Nef<\/strong>, Sj\u00e1lfs\u00e6visaga. \u00de\u00fd\u00f0ing: Bj\u00f6rn J\u00f3nsson. ,Evelyn var gift Vilhj\u00e1lmi Stef\u00e1nssyni landk\u00f6nnu\u00f0i, \u00feekktasta Vestur-\u00cdslendingi sem uppi hefur veri\u00f0. B\u00f3kin er bundin \u00ed gerviefni, alband, forlagsband, st\u00e6r\u00f0: 23.5 X 15.9 cm og 272 bls.<\/p>\n<p><strong>\u00datg\u00e1fa og prentun<\/strong>:<br \/>\n\u00datgefandi: Hans Kristj\u00e1n \u00c1rnason \u2013HK\u00c1 \u2013 2001 Akureyri. Prentun: Alprent Akureyri.<\/p>\n","protected":false},"excerpt":{"rendered":"<p>Evelyn Stef\u00e1nsson Nef, Sj\u00e1lfs\u00e6visaga. \u00de\u00fd\u00f0ing: Bj\u00f6rn J\u00f3nsson. ,Evelyn var gift Vilhj\u00e1lmi Stef\u00e1nssyni landk\u00f6nnu\u00f0i, \u00feekktasta Vestur-\u00cdslendingi sem uppi hefur veri\u00f0. B\u00f3kin er bundin \u00ed gerviefni, alband, forlagsband, st\u00e6r\u00f0: 23.5 X 15.9 cm og 272 bls. \u00datg\u00e1fa og prentun: \u00datgefandi: Hans Kristj\u00e1n \u00c1rnason \u2013HK\u00c1 \u2013 2001 Akureyri. Prentun: Alprent Akureyri.<\/p>\n","protected":false},"featured_media":7715,"template":"","meta":{"slim_seo":{"title":"Evelyn Stef\u00e1nsson Nef - KindArt","description":"Evelyn Stef\u00e1nsson Nef , Sj\u00e1lfs\u00e6visaga. \u00de\u00fd\u00f0ing: Bj\u00f6rn J\u00f3nsson. ,Evelyn var gift Vilhj\u00e1lmi Stef\u00e1nssyni landk\u00f6nnu\u00f0i, \u00feekktasta Vestur-\u00cdslendingi sem uppi hefur ver"}},"product_brand":[],"product_cat":[83],"product_tag":[],"class_list":{"0":"post-7716","1":"product","2":"type-product","3":"status-publish","4":"has-post-thumbnail","6":"product_cat-books","7":"product_shipping_class-small-en","9":"first","10":"instock","11":"purchasable","12":"product-type-simple"},"_links":{"self":[{"href":"https:\/\/kindart.is\/en\/wp-json\/wp\/v2\/product\/7716","targetHints":{"allow":["GET"]}}],"collection":[{"href":"https:\/\/kindart.is\/en\/wp-json\/wp\/v2\/product"}],"about":[{"href":"https:\/\/kindart.is\/en\/wp-json\/wp\/v2\/types\/product"}],"wp:featuredmedia":[{"embeddable":true,"href":"https:\/\/kindart.is\/en\/wp-json\/wp\/v2\/media\/7715"}],"wp:attachment":[{"href":"https:\/\/kindart.is\/en\/wp-json\/wp\/v2\/media?parent=7716"}],"wp:term":[{"taxonomy":"product_brand","embeddable":true,"href":"https:\/\/kindart.is\/en\/wp-json\/wp\/v2\/product_brand?post=7716"},{"taxonomy":"product_cat","embeddable":true,"href":"https:\/\/kindart.is\/en\/wp-json\/wp\/v2\/product_cat?post=7716"},{"taxonomy":"product_tag","embeddable":true,"href":"https:\/\/kindart.is\/en\/wp-json\/wp\/v2\/product_tag?post=7716"}],"curies":[{"name":"wp","href":"https:\/\/api.w.org\/{rel}","templated":true}]}}