{"id":7720,"date":"2023-07-04T06:33:44","date_gmt":"2023-07-04T06:33:44","guid":{"rendered":"https:\/\/kindart.is\/product\/astarljod-bilanna\/"},"modified":"2023-07-04T06:33:44","modified_gmt":"2023-07-04T06:33:44","slug":"astarljod-bilanna","status":"publish","type":"product","link":"https:\/\/kindart.is\/en\/vara\/astarljod-bilanna\/","title":{"rendered":"\u00c1starlj\u00f3\u00f0 b\u00edlanna"},"content":{"rendered":"<p><strong>\u00c1starlj\u00f3\u00f0 b\u00edlanna<\/strong>. Lj\u00f3\u00f0ab\u00f3k eftir Stef\u00e1n Steinsson. \u00deessi b\u00f3k geymir \u00e1starlj\u00f3\u00f0 R\u00fassajeppanna og Land-Roveranna, eins og konan sag\u00f0i og g\u00e6ti \u00fev\u00ed \u00e1tt erindi til \u00cdslendinga. H\u00f6fundurinn er l\u00e6knir \u00ed B\u00fa\u00f0ardal og f\u00e6ddur \u00e1 Sey\u00f0isfir\u00f0i 1958. Kveri\u00f0 er l\u00edmheft \u00ed kartonk\u00e1pu og skori\u00f0. St\u00e6r\u00f0: 21 X 14.9 cm og 118 bls.<br \/>\nSk\u00fdringar \u00e1 bls.115.<\/p>\n<p><strong>\u00datg\u00e1fa og prentun<\/strong>:<br \/>\nNor\u00f0an ni\u00f0ur 1991, Sau\u00f0\u00e1rkr\u00f3kur. Prentun: Prentsmi\u00f0jan S\u00e1st Sau\u00f0\u00e1rkr\u00f3ki.<\/p>\n","protected":false},"excerpt":{"rendered":"<p>\u00c1starlj\u00f3\u00f0 b\u00edlanna. Lj\u00f3\u00f0ab\u00f3k eftir Stef\u00e1n Steinsson. \u00deessi b\u00f3k geymir \u00e1starlj\u00f3\u00f0 R\u00fassajeppanna og Land-Roveranna, eins og konan sag\u00f0i og g\u00e6ti \u00fev\u00ed \u00e1tt erindi til \u00cdslendinga. H\u00f6fundurinn er l\u00e6knir \u00ed B\u00fa\u00f0ardal og f\u00e6ddur \u00e1 Sey\u00f0isfir\u00f0i 1958. Kveri\u00f0 er l\u00edmheft \u00ed kartonk\u00e1pu og skori\u00f0. St\u00e6r\u00f0: 21 X 14.9 cm og 118 bls. Sk\u00fdringar \u00e1 bls.115. \u00datg\u00e1fa og prentun: [&hellip;]<\/p>\n","protected":false},"featured_media":7719,"template":"","meta":{"slim_seo":{"title":"\u00c1starlj\u00f3\u00f0 b\u00edlanna - KindArt","description":"\u00c1starlj\u00f3\u00f0 b\u00edlanna . Lj\u00f3\u00f0ab\u00f3k eftir Stef\u00e1n Steinsson. \u00deessi b\u00f3k geymir \u00e1starlj\u00f3\u00f0 R\u00fassajeppanna og Land-Roveranna, eins og konan sag\u00f0i og g\u00e6ti \u00fev\u00ed \u00e1tt erindi til"}},"product_brand":[],"product_cat":[83],"product_tag":[],"class_list":{"0":"post-7720","1":"product","2":"type-product","3":"status-publish","4":"has-post-thumbnail","6":"product_cat-books","7":"product_shipping_class-small-en","9":"first","10":"outofstock","11":"purchasable","12":"product-type-simple"},"_links":{"self":[{"href":"https:\/\/kindart.is\/en\/wp-json\/wp\/v2\/product\/7720","targetHints":{"allow":["GET"]}}],"collection":[{"href":"https:\/\/kindart.is\/en\/wp-json\/wp\/v2\/product"}],"about":[{"href":"https:\/\/kindart.is\/en\/wp-json\/wp\/v2\/types\/product"}],"wp:featuredmedia":[{"embeddable":true,"href":"https:\/\/kindart.is\/en\/wp-json\/wp\/v2\/media\/7719"}],"wp:attachment":[{"href":"https:\/\/kindart.is\/en\/wp-json\/wp\/v2\/media?parent=7720"}],"wp:term":[{"taxonomy":"product_brand","embeddable":true,"href":"https:\/\/kindart.is\/en\/wp-json\/wp\/v2\/product_brand?post=7720"},{"taxonomy":"product_cat","embeddable":true,"href":"https:\/\/kindart.is\/en\/wp-json\/wp\/v2\/product_cat?post=7720"},{"taxonomy":"product_tag","embeddable":true,"href":"https:\/\/kindart.is\/en\/wp-json\/wp\/v2\/product_tag?post=7720"}],"curies":[{"name":"wp","href":"https:\/\/api.w.org\/{rel}","templated":true}]}}