{"id":7728,"date":"2023-07-04T18:57:05","date_gmt":"2023-07-04T18:57:05","guid":{"rendered":"https:\/\/kindart.is\/product\/arnfirdingur-1-arg-1-tbl\/"},"modified":"2023-07-04T18:57:05","modified_gmt":"2023-07-04T18:57:05","slug":"arnfirdingur-1-arg-1-tbl","status":"publish","type":"product","link":"https:\/\/kindart.is\/en\/vara\/arnfirdingur-1-arg-1-tbl\/","title":{"rendered":"ARNFIR\u00d0INGUR 1. \u00e1rg. 1. tbl."},"content":{"rendered":"<p><strong>ARNFIR\u00d0INGUR 1. \u00e1rg. 1. tbl.<\/strong>, P\u00e9tur J. Thorsteinsson (1854-1929) st\u00f3r\u00fatger\u00f0arma\u00f0ur \u00e1 B\u00edldudal stofna\u00f0i bla\u00f0i\u00f0 Arnfir\u00f0ing \u00e1 B\u00edldudal og kom \u00e1 f\u00f3t prentsmi\u00f0ju \u00fear, sem nefndist eftir bla\u00f0inu og h\u00e9t Prentsmi\u00f0ja Arnfir\u00f0ings. Hann haf\u00f0i \u00fatvega\u00f0 s\u00e9r prentpressu fr\u00e1 Birni J\u00f3nssyni, eiganda \u00cdsafoldar og n\u00fdtt letur fr\u00e1 \u00fatl\u00f6ndum. Hann r\u00e9\u00f0 s\u00ed\u00f0an \u00deorstein Erlingsson (1858-1914) sk\u00e1ld sem ritstj\u00f3ra, en hann haf\u00f0i veri\u00f0 ritstj\u00f3ri Bjarka \u00e1 Eskifir\u00f0i \u00e1rin \u00e1 undan. Tilgangur P\u00e9turs me\u00f0 \u00feessu var a\u00f0 efla menningu \u00e1 su\u00f0urhluta fjar\u00f0anna og b\u00e6ta \u00ed skar\u00f0 \u00dej\u00f3\u00f0viljans, sem n\u00fa var fluttur til Bessasta\u00f0a me\u00f0 Sk\u00fala Thoroddsen. &#8211; Arnfir\u00f0ingur kom fyrst \u00fat \u00ed n\u00f3vember 1901 og var \u00ed st\u00f3ru broti e\u00f0a 41 x 28,5 cm, sem s\u00fdnir a\u00f0 pressan hefur veri\u00f0 nokku\u00f0 st\u00f3r. Hann var a\u00f0eins prenta\u00f0ur \u00e1 B\u00edldudal til 10. j\u00fal\u00ed 1902, alls 22 t\u00f6lubl\u00f6\u00f0, en eftir \u00fea\u00f0 var hann prenta\u00f0ur \u00ed F\u00e9lagsprentsmi\u00f0junni \u00ed Reykjav\u00edk \u00fear til hann h\u00e6tti a\u00f0 koma \u00fat \u00ed jan\u00faar 1903.<br \/>\nHei\u00f0r\u00fan var s\u00f6gusafn bla\u00f0sins Arnfir\u00f0ingur og var \u00fea\u00f0 sem kalla\u00f0 var ne\u00f0anm\u00e1lssaga og umbrotin \u00feannig a\u00f0 h\u00e6gt var a\u00f0 klippa hana fr\u00e1 a\u00f0albla\u00f0inu og b\u00faa til sj\u00e1lfst\u00e6\u00f0a b\u00f3k. \u00deetta t\u00ed\u00f0ka\u00f0ist mj\u00f6g \u00e1 \u00feessum \u00e1rum. Hei\u00f0r\u00fan kom \u00fat \u00ed tveimur hlutum og var hinn fyrri (s.1-64) prenta\u00f0ur \u00e1 B\u00edldudal, en hinn s\u00ed\u00f0ari (1-56) sy\u00f0ra. Eftir \u00fev\u00ed sem best er vita\u00f0 var ekkert anna\u00f0 prenta\u00f0 \u00e1 B\u00edldudal en Arnfir\u00f0ingur og Hei\u00f0r\u00fan.<\/p>\n<p><strong>\u00datg\u00e1fa og prentun<\/strong>:<br \/>\nEigandi og \u00fatgefandi: Prentf\u00e9lag Arnfir\u00f0inga, 1901-1902, B\u00edldudal, Prentsmi\u00f0ja Arnfir\u00f0ings. &#8211; Reykjav\u00edk. F\u00e9lagsprentsmi\u00f0jan<\/p>\n<p><strong>F\u00c1G\u00c6TI &#8211; Forngripur<\/strong><\/p>\n","protected":false},"excerpt":{"rendered":"<p>ARNFIR\u00d0INGUR 1. \u00e1rg. 1. tbl., P\u00e9tur J. Thorsteinsson (1854-1929) st\u00f3r\u00fatger\u00f0arma\u00f0ur \u00e1 B\u00edldudal stofna\u00f0i bla\u00f0i\u00f0 Arnfir\u00f0ing \u00e1 B\u00edldudal og kom \u00e1 f\u00f3t prentsmi\u00f0ju \u00fear, sem nefndist eftir bla\u00f0inu og h\u00e9t Prentsmi\u00f0ja Arnfir\u00f0ings. Hann haf\u00f0i \u00fatvega\u00f0 s\u00e9r prentpressu fr\u00e1 Birni J\u00f3nssyni, eiganda \u00cdsafoldar og n\u00fdtt letur fr\u00e1 \u00fatl\u00f6ndum. Hann r\u00e9\u00f0 s\u00ed\u00f0an \u00deorstein Erlingsson (1858-1914) sk\u00e1ld sem ritstj\u00f3ra, [&hellip;]<\/p>\n","protected":false},"featured_media":7723,"template":"","meta":{"slim_seo":{"title":"ARNFIR\u00d0INGUR 1. \u00e1rg. 1. tbl. - KindArt","description":"ARNFIR\u00d0INGUR 1. \u00e1rg. 1. tbl. , P\u00e9tur J. Thorsteinsson (1854-1929) st\u00f3r\u00fatger\u00f0arma\u00f0ur \u00e1 B\u00edldudal stofna\u00f0i bla\u00f0i\u00f0 Arnfir\u00f0ing \u00e1 B\u00edldudal og kom \u00e1 f\u00f3t prentsmi\u00f0ju \u00fea"}},"product_brand":[],"product_cat":[83],"product_tag":[],"class_list":{"0":"post-7728","1":"product","2":"type-product","3":"status-publish","4":"has-post-thumbnail","6":"product_cat-books","7":"product_shipping_class-small-en","9":"first","10":"instock","11":"purchasable","12":"product-type-simple"},"_links":{"self":[{"href":"https:\/\/kindart.is\/en\/wp-json\/wp\/v2\/product\/7728","targetHints":{"allow":["GET"]}}],"collection":[{"href":"https:\/\/kindart.is\/en\/wp-json\/wp\/v2\/product"}],"about":[{"href":"https:\/\/kindart.is\/en\/wp-json\/wp\/v2\/types\/product"}],"wp:featuredmedia":[{"embeddable":true,"href":"https:\/\/kindart.is\/en\/wp-json\/wp\/v2\/media\/7723"}],"wp:attachment":[{"href":"https:\/\/kindart.is\/en\/wp-json\/wp\/v2\/media?parent=7728"}],"wp:term":[{"taxonomy":"product_brand","embeddable":true,"href":"https:\/\/kindart.is\/en\/wp-json\/wp\/v2\/product_brand?post=7728"},{"taxonomy":"product_cat","embeddable":true,"href":"https:\/\/kindart.is\/en\/wp-json\/wp\/v2\/product_cat?post=7728"},{"taxonomy":"product_tag","embeddable":true,"href":"https:\/\/kindart.is\/en\/wp-json\/wp\/v2\/product_tag?post=7728"}],"curies":[{"name":"wp","href":"https:\/\/api.w.org\/{rel}","templated":true}]}}