{"id":7739,"date":"2023-07-04T19:03:12","date_gmt":"2023-07-04T19:03:12","guid":{"rendered":"https:\/\/kindart.is\/product\/frikirkjan-2\/"},"modified":"2023-07-04T19:05:06","modified_gmt":"2023-07-04T19:05:06","slug":"frikirkjan-2","status":"publish","type":"product","link":"https:\/\/kindart.is\/en\/vara\/frikirkjan-2\/","title":{"rendered":"Fr\u00edkirkjan"},"content":{"rendered":"<p><strong>Fr\u00edkirkjan<\/strong> &#8211; L\u00e1rus Halld\u00f3rsson (1851-1908) fr\u00edkirkjuprestur stofna\u00f0i m\u00e1na\u00f0arriti\u00f0 Fr\u00edkirkjuna 1899 og gaf \u00fea\u00f0 \u00fat \u00ed \u00ferj\u00fa og h\u00e1lft \u00e1r. Fyrstu \u00ferj\u00fa bl\u00f6\u00f0in, jan\u00faar-mars, voru prentu\u00f0 \u00ed Prentverki J\u00f3ns \u00d3lafssonar, en \u00fe\u00e1 var prentsmi\u00f0jan seld Dav\u00ed\u00f0 \u00d6stlund, s\u00e6nskum a\u00f0ventista, sem prenta\u00f0i riti\u00f0 \u00fear til \u00e1ri\u00f0 1901, a\u00f0 s\u00e9ra L\u00e1rus Halld\u00f3rsson keypti prentsmi\u00f0juna af Dav\u00ed\u00f0. Hann r\u00e9\u00f0 \u00fe\u00e1 til s\u00edn fagl\u00e6r\u00f0an prentara fr\u00e1 \u00cdsafir\u00f0i, Stef\u00e1n Run\u00f3lfsson (1863-1936) sem var\u00f0 forstj\u00f3ri hennar n\u00e6stu tv\u00f6 \u00e1rin. Fr\u00edkirkjan var t\u00edmarit til stu\u00f0nings frj\u00e1lsri kirkju og frj\u00e1lslyndum kristind\u00f3mi. B\u00f3kin er bundin \u00ed gr\u00e6nt shirtingsband, alband me\u00f0 prenta\u00f0ri r\u00f3s a\u00f0 framan, St\u00e6r\u00f0: 21.5 X 14 cm, t\u00edu fyrstu bl\u00f6\u00f0in jan\u00faar \u2013 okt\u00f3ber 1899.<br \/>\n\u00c1 \u00feessum \u00e1rum var Aldar-prentsmi\u00f0jan eina n\u00f3tnaprentsmi\u00f0ja landsins, og \u00feegar Dav\u00ed\u00f0 seldi L\u00e1rusi prentsmi\u00f0juna og f\u00f3r austur \u00e1 Sey\u00f0isfj\u00f6r\u00f0 var\u00f0 allt n\u00f3tnaletri\u00f0 eftir hj\u00e1 L\u00e1rusi. Dav\u00ed\u00f0 kom svo aftur til Reykjav\u00edkur 1904 og stofna\u00f0i Prentsmi\u00f0ju \u201eFr\u00e6korna\u201c.<\/p>\n<p><strong>\u00datg\u00e1fa og prentun<\/strong>:<br \/>\n\u00datgefandi: L\u00e1rus Halld\u00f3rsson.Kollaleiru, Rey\u00f0arfir\u00f0i. Prentverk J\u00f3ns \u00d3lafssonar jan.-mars 1899. Aldar-prentsmi\u00f0ja Dav\u00ed\u00f0s \u00d6stlund 1899-1901 og Aldarprentsmi\u00f0ja L\u00e1rusar Halld\u00f3rssonar 1901-1902.<\/p>\n<p><strong>F\u00e1g\u00e6ti &#8211; Forngripur<\/strong><\/p>\n","protected":false},"excerpt":{"rendered":"<p>Fr\u00edkirkjan &#8211; L\u00e1rus Halld\u00f3rsson (1851-1908) fr\u00edkirkjuprestur stofna\u00f0i m\u00e1na\u00f0arriti\u00f0 Fr\u00edkirkjuna 1899 og gaf \u00fea\u00f0 \u00fat \u00ed \u00ferj\u00fa og h\u00e1lft \u00e1r. Fyrstu \u00ferj\u00fa bl\u00f6\u00f0in, jan\u00faar-mars, voru prentu\u00f0 \u00ed Prentverki J\u00f3ns \u00d3lafssonar, en \u00fe\u00e1 var prentsmi\u00f0jan seld Dav\u00ed\u00f0 \u00d6stlund, s\u00e6nskum a\u00f0ventista, sem prenta\u00f0i riti\u00f0 \u00fear til \u00e1ri\u00f0 1901, a\u00f0 s\u00e9ra L\u00e1rus Halld\u00f3rsson keypti prentsmi\u00f0juna af Dav\u00ed\u00f0. Hann r\u00e9\u00f0 [&hellip;]<\/p>\n","protected":false},"featured_media":7732,"template":"","meta":{"slim_seo":{"title":"Fr\u00edkirkjan - KindArt","description":"Fr\u00edkirkjan - L\u00e1rus Halld\u00f3rsson (1851-1908) fr\u00edkirkjuprestur stofna\u00f0i m\u00e1na\u00f0arriti\u00f0 Fr\u00edkirkjuna 1899 og gaf \u00fea\u00f0 \u00fat \u00ed \u00ferj\u00fa og h\u00e1lft \u00e1r. Fyrstu \u00ferj\u00fa bl\u00f6\u00f0in, jan\u00faar-"}},"product_brand":[],"product_cat":[83],"product_tag":[],"class_list":{"0":"post-7739","1":"product","2":"type-product","3":"status-publish","4":"has-post-thumbnail","6":"product_cat-books","7":"product_shipping_class-small-en","9":"first","10":"instock","11":"purchasable","12":"product-type-simple"},"_links":{"self":[{"href":"https:\/\/kindart.is\/en\/wp-json\/wp\/v2\/product\/7739","targetHints":{"allow":["GET"]}}],"collection":[{"href":"https:\/\/kindart.is\/en\/wp-json\/wp\/v2\/product"}],"about":[{"href":"https:\/\/kindart.is\/en\/wp-json\/wp\/v2\/types\/product"}],"wp:featuredmedia":[{"embeddable":true,"href":"https:\/\/kindart.is\/en\/wp-json\/wp\/v2\/media\/7732"}],"wp:attachment":[{"href":"https:\/\/kindart.is\/en\/wp-json\/wp\/v2\/media?parent=7739"}],"wp:term":[{"taxonomy":"product_brand","embeddable":true,"href":"https:\/\/kindart.is\/en\/wp-json\/wp\/v2\/product_brand?post=7739"},{"taxonomy":"product_cat","embeddable":true,"href":"https:\/\/kindart.is\/en\/wp-json\/wp\/v2\/product_cat?post=7739"},{"taxonomy":"product_tag","embeddable":true,"href":"https:\/\/kindart.is\/en\/wp-json\/wp\/v2\/product_tag?post=7739"}],"curies":[{"name":"wp","href":"https:\/\/api.w.org\/{rel}","templated":true}]}}