{"id":7746,"date":"2023-07-04T19:33:59","date_gmt":"2023-07-04T19:33:59","guid":{"rendered":"https:\/\/kindart.is\/product\/tt-tonlistartimaritid-1-hefti-1-arg\/"},"modified":"2023-07-04T19:33:59","modified_gmt":"2023-07-04T19:33:59","slug":"tt-tonlistartimaritid-1-hefti-1-arg","status":"publish","type":"product","link":"https:\/\/kindart.is\/en\/vara\/tt-tonlistartimaritid-1-hefti-1-arg\/","title":{"rendered":"TT t\u00f3nlistart\u00edmariti\u00f0 1. hefti 1. \u00e1rg."},"content":{"rendered":"<p><strong>TT t\u00f3nlistart\u00edmariti\u00f0 nr. 1<\/strong>, Ritstj\u00f3ri: Vernhar\u00f0ur Linnet. \u00dea\u00f0 voru f\u00e9l\u00f6gin: Jazzvakning, SATT og V\u00edsnavinir sem st\u00f3\u00f0u a\u00f0 \u00fatkomu \u00feessa rits og s\u00f6mdu vi\u00f0 Lystr\u00e6ningjann um a\u00f0 annast \u00fatg\u00e1funa. Bla\u00f0i\u00f0 var \u00ed t\u00edmaritast\u00e6r\u00f0: 29.4 X 21 cm og 40 bls. me\u00f0 k\u00e1pu. Bla\u00f0i\u00f0 var vettvangur fyrir t\u00f3nlistarmenn, \u00edslenska sem erlenda t\u00f3nlist og t\u00f3nlistarunnendur. \u00de\u00e1 eru einnig uppl\u00fdsingar um hlj\u00f3msveitir sem eru starfandi \u00ed landinu o.fl.<\/p>\n<p><strong>\u00datg\u00e1fa og prentun<\/strong>:<br \/>\nLystr\u00e6ninginn. Reykjav\u00edk 1981. Setning: Leturval. Prentun: Prentval.<\/p>\n","protected":false},"excerpt":{"rendered":"<p>TT t\u00f3nlistart\u00edmariti\u00f0 nr. 1, Ritstj\u00f3ri: Vernhar\u00f0ur Linnet. \u00dea\u00f0 voru f\u00e9l\u00f6gin: Jazzvakning, SATT og V\u00edsnavinir sem st\u00f3\u00f0u a\u00f0 \u00fatkomu \u00feessa rits og s\u00f6mdu vi\u00f0 Lystr\u00e6ningjann um a\u00f0 annast \u00fatg\u00e1funa. Bla\u00f0i\u00f0 var \u00ed t\u00edmaritast\u00e6r\u00f0: 29.4 X 21 cm og 40 bls. me\u00f0 k\u00e1pu. Bla\u00f0i\u00f0 var vettvangur fyrir t\u00f3nlistarmenn, \u00edslenska sem erlenda t\u00f3nlist og t\u00f3nlistarunnendur. \u00de\u00e1 eru einnig [&hellip;]<\/p>\n","protected":false},"featured_media":7743,"template":"","meta":{"slim_seo":{"title":"TT t\u00f3nlistart\u00edmariti\u00f0 1. hefti 1. \u00e1rg. - KindArt","description":"TT t\u00f3nlistart\u00edmariti\u00f0 nr. 1 , Ritstj\u00f3ri: Vernhar\u00f0ur Linnet. \u00dea\u00f0 voru f\u00e9l\u00f6gin: Jazzvakning, SATT og V\u00edsnavinir sem st\u00f3\u00f0u a\u00f0 \u00fatkomu \u00feessa rits og s\u00f6mdu vi\u00f0 Lystr\u00e6"}},"product_brand":[],"product_cat":[83],"product_tag":[],"class_list":{"0":"post-7746","1":"product","2":"type-product","3":"status-publish","4":"has-post-thumbnail","6":"product_cat-books","7":"product_shipping_class-small-en","9":"first","10":"instock","11":"purchasable","12":"product-type-simple"},"_links":{"self":[{"href":"https:\/\/kindart.is\/en\/wp-json\/wp\/v2\/product\/7746","targetHints":{"allow":["GET"]}}],"collection":[{"href":"https:\/\/kindart.is\/en\/wp-json\/wp\/v2\/product"}],"about":[{"href":"https:\/\/kindart.is\/en\/wp-json\/wp\/v2\/types\/product"}],"wp:featuredmedia":[{"embeddable":true,"href":"https:\/\/kindart.is\/en\/wp-json\/wp\/v2\/media\/7743"}],"wp:attachment":[{"href":"https:\/\/kindart.is\/en\/wp-json\/wp\/v2\/media?parent=7746"}],"wp:term":[{"taxonomy":"product_brand","embeddable":true,"href":"https:\/\/kindart.is\/en\/wp-json\/wp\/v2\/product_brand?post=7746"},{"taxonomy":"product_cat","embeddable":true,"href":"https:\/\/kindart.is\/en\/wp-json\/wp\/v2\/product_cat?post=7746"},{"taxonomy":"product_tag","embeddable":true,"href":"https:\/\/kindart.is\/en\/wp-json\/wp\/v2\/product_tag?post=7746"}],"curies":[{"name":"wp","href":"https:\/\/api.w.org\/{rel}","templated":true}]}}