{"id":7752,"date":"2023-07-06T18:43:51","date_gmt":"2023-07-06T18:43:51","guid":{"rendered":"https:\/\/kindart.is\/product\/jolagjof-hauks\/"},"modified":"2023-07-06T18:43:51","modified_gmt":"2023-07-06T18:43:51","slug":"jolagjof-hauks","status":"publish","type":"product","link":"https:\/\/kindart.is\/en\/vara\/jolagjof-hauks\/","title":{"rendered":"J\u00f3lagj\u00f6f Hauks"},"content":{"rendered":"<p><strong>J\u00f3lagj\u00f6f Hauks<\/strong>. L\u00edti\u00f0 kver sem var gefi\u00f0 \u00fat sem j\u00f3lagj\u00f6f me\u00f0 bla\u00f0inu Haukur \u00e1 \u00cdsafir\u00f0i. Bla\u00f0i\u00f0 Haukur flutti al\u00fe\u00fd\u00f0legan fr\u00f3\u00f0leik, s\u00f6gur og gamanm\u00e1l. \u00dea\u00f0 kom \u00fat \u00e1 \u00cdsafir\u00f0i 1897-1915. Ritstj\u00f3ri var Stef\u00e1n Run\u00f3lfsson prentari. Bla\u00f0i\u00f0 var \u00ed st\u00f3ru broti, en \u00feetta er l\u00edti\u00f0 kver, e\u00f0a p\u00e9si: 17.7 X 10.7 cm og 48 bls og k\u00e1pa. \u00cd p\u00e9sanum eru \u00ferj\u00e1r sm\u00e1s\u00f6gur. J\u00f3lan\u00f3ttin \u00ed hafns\u00f6gumannskofanum, G\u00f6fugmenni og \u00c1lfarnir \u00ed Eyrarhjalla.<\/p>\n<p><strong>\u00datg\u00e1fa og prentun<\/strong>:<br \/>\nStef\u00e1n Run\u00f3lfsson, \u00cdsafj\u00f6r\u00f0ur 1897. Prentsmi\u00f0ja Stef\u00e1ns Run\u00f3lfssonar.<\/p>\n","protected":false},"excerpt":{"rendered":"<p>J\u00f3lagj\u00f6f Hauks. L\u00edti\u00f0 kver sem var gefi\u00f0 \u00fat sem j\u00f3lagj\u00f6f me\u00f0 bla\u00f0inu Haukur \u00e1 \u00cdsafir\u00f0i. Bla\u00f0i\u00f0 Haukur flutti al\u00fe\u00fd\u00f0legan fr\u00f3\u00f0leik, s\u00f6gur og gamanm\u00e1l. \u00dea\u00f0 kom \u00fat \u00e1 \u00cdsafir\u00f0i 1897-1915. Ritstj\u00f3ri var Stef\u00e1n Run\u00f3lfsson prentari. Bla\u00f0i\u00f0 var \u00ed st\u00f3ru broti, en \u00feetta er l\u00edti\u00f0 kver, e\u00f0a p\u00e9si: 17.7 X 10.7 cm og 48 bls og k\u00e1pa. [&hellip;]<\/p>\n","protected":false},"featured_media":7749,"template":"","meta":{"slim_seo":{"title":"J\u00f3lagj\u00f6f Hauks - KindArt","description":"J\u00f3lagj\u00f6f Hauks . L\u00edti\u00f0 kver sem var gefi\u00f0 \u00fat sem j\u00f3lagj\u00f6f me\u00f0 bla\u00f0inu Haukur \u00e1 \u00cdsafir\u00f0i. Bla\u00f0i\u00f0 Haukur flutti al\u00fe\u00fd\u00f0legan fr\u00f3\u00f0leik, s\u00f6gur og gamanm\u00e1l. \u00dea\u00f0 kom \u00fat"}},"product_brand":[],"product_cat":[83],"product_tag":[],"class_list":{"0":"post-7752","1":"product","2":"type-product","3":"status-publish","4":"has-post-thumbnail","6":"product_cat-books","7":"product_shipping_class-small-en","9":"first","10":"outofstock","11":"purchasable","12":"product-type-simple"},"_links":{"self":[{"href":"https:\/\/kindart.is\/en\/wp-json\/wp\/v2\/product\/7752","targetHints":{"allow":["GET"]}}],"collection":[{"href":"https:\/\/kindart.is\/en\/wp-json\/wp\/v2\/product"}],"about":[{"href":"https:\/\/kindart.is\/en\/wp-json\/wp\/v2\/types\/product"}],"wp:featuredmedia":[{"embeddable":true,"href":"https:\/\/kindart.is\/en\/wp-json\/wp\/v2\/media\/7749"}],"wp:attachment":[{"href":"https:\/\/kindart.is\/en\/wp-json\/wp\/v2\/media?parent=7752"}],"wp:term":[{"taxonomy":"product_brand","embeddable":true,"href":"https:\/\/kindart.is\/en\/wp-json\/wp\/v2\/product_brand?post=7752"},{"taxonomy":"product_cat","embeddable":true,"href":"https:\/\/kindart.is\/en\/wp-json\/wp\/v2\/product_cat?post=7752"},{"taxonomy":"product_tag","embeddable":true,"href":"https:\/\/kindart.is\/en\/wp-json\/wp\/v2\/product_tag?post=7752"}],"curies":[{"name":"wp","href":"https:\/\/api.w.org\/{rel}","templated":true}]}}