{"id":7760,"date":"2023-07-06T18:50:19","date_gmt":"2023-07-06T18:50:19","guid":{"rendered":"https:\/\/kindart.is\/product\/lif-og-daudi\/"},"modified":"2023-07-06T18:50:19","modified_gmt":"2023-07-06T18:50:19","slug":"lif-og-daudi","status":"publish","type":"product","link":"https:\/\/kindart.is\/en\/vara\/lif-og-daudi\/","title":{"rendered":"L\u00edf og dau\u00f0i"},"content":{"rendered":"<p><strong>L\u00edf og dau\u00f0i<\/strong>. \u00derj\u00fa erindi eftir Einar Hj\u00f6rleifsson Kvaran. Sagt er \u00e1 titils\u00ed\u00f0u a\u00f0 Dulheimar s\u00e9 akadem\u00edsk f\u00e9lags- og fr\u00e6\u00f0slumi\u00f0st\u00f6\u00f0 andlegrar vitundar. Erindin voru flutt \u00e1 Akureyri 1916 og \u00ed Reykjav\u00edk 1917. Heimild um fyrstu skref s\u00e1larranns\u00f3kna og mi\u00f0ilsstarfsemi h\u00e9rlendis. B\u00f3kin er l\u00edmheft og sett \u00ed k\u00e1pu, st\u00e6r\u00f0: 20.6 X 14.4 cm og 120 bls.<\/p>\n<p><strong>\u00datg\u00e1fa og prentun<\/strong>:<br \/>\n\u00datgefandi: Dulheimar, 1998 Mosfellsb\u00e6r. Mosprent Mosfellsb\u00e6r.<\/p>\n","protected":false},"excerpt":{"rendered":"<p>L\u00edf og dau\u00f0i. \u00derj\u00fa erindi eftir Einar Hj\u00f6rleifsson Kvaran. Sagt er \u00e1 titils\u00ed\u00f0u a\u00f0 Dulheimar s\u00e9 akadem\u00edsk f\u00e9lags- og fr\u00e6\u00f0slumi\u00f0st\u00f6\u00f0 andlegrar vitundar. Erindin voru flutt \u00e1 Akureyri 1916 og \u00ed Reykjav\u00edk 1917. Heimild um fyrstu skref s\u00e1larranns\u00f3kna og mi\u00f0ilsstarfsemi h\u00e9rlendis. B\u00f3kin er l\u00edmheft og sett \u00ed k\u00e1pu, st\u00e6r\u00f0: 20.6 X 14.4 cm og 120 bls. [&hellip;]<\/p>\n","protected":false},"featured_media":7755,"template":"","meta":{"slim_seo":{"title":"L\u00edf og dau\u00f0i - KindArt","description":"L\u00edf og dau\u00f0i . \u00derj\u00fa erindi eftir Einar Hj\u00f6rleifsson Kvaran. Sagt er \u00e1 titils\u00ed\u00f0u a\u00f0 Dulheimar s\u00e9 akadem\u00edsk f\u00e9lags- og fr\u00e6\u00f0slumi\u00f0st\u00f6\u00f0 andlegrar vitundar. Erindin"}},"product_brand":[],"product_cat":[83],"product_tag":[],"class_list":{"0":"post-7760","1":"product","2":"type-product","3":"status-publish","4":"has-post-thumbnail","6":"product_cat-books","7":"product_shipping_class-small-en","9":"first","10":"instock","11":"purchasable","12":"product-type-simple"},"_links":{"self":[{"href":"https:\/\/kindart.is\/en\/wp-json\/wp\/v2\/product\/7760","targetHints":{"allow":["GET"]}}],"collection":[{"href":"https:\/\/kindart.is\/en\/wp-json\/wp\/v2\/product"}],"about":[{"href":"https:\/\/kindart.is\/en\/wp-json\/wp\/v2\/types\/product"}],"wp:featuredmedia":[{"embeddable":true,"href":"https:\/\/kindart.is\/en\/wp-json\/wp\/v2\/media\/7755"}],"wp:attachment":[{"href":"https:\/\/kindart.is\/en\/wp-json\/wp\/v2\/media?parent=7760"}],"wp:term":[{"taxonomy":"product_brand","embeddable":true,"href":"https:\/\/kindart.is\/en\/wp-json\/wp\/v2\/product_brand?post=7760"},{"taxonomy":"product_cat","embeddable":true,"href":"https:\/\/kindart.is\/en\/wp-json\/wp\/v2\/product_cat?post=7760"},{"taxonomy":"product_tag","embeddable":true,"href":"https:\/\/kindart.is\/en\/wp-json\/wp\/v2\/product_tag?post=7760"}],"curies":[{"name":"wp","href":"https:\/\/api.w.org\/{rel}","templated":true}]}}