{"id":7764,"date":"2023-07-06T18:54:00","date_gmt":"2023-07-06T18:54:00","guid":{"rendered":"https:\/\/kindart.is\/product\/prentsmidjusaga-vestfirdinga\/"},"modified":"2023-07-06T18:54:00","modified_gmt":"2023-07-06T18:54:00","slug":"prentsmidjusaga-vestfirdinga","status":"publish","type":"product","link":"https:\/\/kindart.is\/en\/vara\/prentsmidjusaga-vestfirdinga\/","title":{"rendered":"Prentsmi\u00f0jusaga Vestfir\u00f0inga"},"content":{"rendered":"<p><strong>Prentsmi\u00f0jusaga Vestfir\u00f0inga<\/strong> eftir Arngr. Fr. Bjarnason. Tildr\u00f6g b\u00f3karinnar voru \u00feau a\u00f0 li\u00f0in voru 50 \u00e1r fr\u00e1 \u00fev\u00ed a\u00f0 prentsmi\u00f0jurekstur og bla\u00f0amennska h\u00f3fst \u00e1 Vestfj\u00f6r\u00f0um. \u00de\u00e1 \u00fe\u00f3tti sj\u00e1lfsagt a\u00f0 rekja um lei\u00f0 s\u00f6gu Hrappseyjarprentsmi\u00f0ju, sem var fyrsta prentsmi\u00f0ja \u00e1 Vesturlandi og var \u00fe\u00e1 stu\u00f0st vi\u00f0 s\u00f6gu J\u00f3ns Helgasonar, Kmh. 1928 og s\u00f6gu Klemensar J\u00f3nssonar Rvk. 1930. B\u00f3kin kom \u00fat 1937 \u00e1 40 \u00e1ra afm\u00e6li Hins \u00edsl. prentaraf\u00e9lags. B\u00f3kin er saumheft, l\u00edmborin og sett \u00ed gr\u00e6na kartonk\u00e1pu. H\u00fan er 19.7 X 13.7 cm a\u00f0 st\u00e6r\u00f0 og 56 bls.<\/p>\n<p><strong>\u00datg\u00e1fa og prentun<\/strong>:<br \/>\n\u00datgefandi: H\u00f6fundur me\u00f0 styrk fr\u00e1 H\u00cdP. \u00cdsafj\u00f6r\u00f0ur 1937. Prentstofan \u00cdsr\u00fan.<\/p>\n","protected":false},"excerpt":{"rendered":"<p>Prentsmi\u00f0jusaga Vestfir\u00f0inga eftir Arngr. Fr. Bjarnason. Tildr\u00f6g b\u00f3karinnar voru \u00feau a\u00f0 li\u00f0in voru 50 \u00e1r fr\u00e1 \u00fev\u00ed a\u00f0 prentsmi\u00f0jurekstur og bla\u00f0amennska h\u00f3fst \u00e1 Vestfj\u00f6r\u00f0um. \u00de\u00e1 \u00fe\u00f3tti sj\u00e1lfsagt a\u00f0 rekja um lei\u00f0 s\u00f6gu Hrappseyjarprentsmi\u00f0ju, sem var fyrsta prentsmi\u00f0ja \u00e1 Vesturlandi og var \u00fe\u00e1 stu\u00f0st vi\u00f0 s\u00f6gu J\u00f3ns Helgasonar, Kmh. 1928 og s\u00f6gu Klemensar J\u00f3nssonar Rvk. 1930. [&hellip;]<\/p>\n","protected":false},"featured_media":7763,"template":"","meta":{"slim_seo":{"title":"Prentsmi\u00f0jusaga Vestfir\u00f0inga - KindArt","description":"Prentsmi\u00f0jusaga Vestfir\u00f0inga eftir Arngr. Fr. Bjarnason. Tildr\u00f6g b\u00f3karinnar voru \u00feau a\u00f0 li\u00f0in voru 50 \u00e1r fr\u00e1 \u00fev\u00ed a\u00f0 prentsmi\u00f0jurekstur og bla\u00f0amennska h\u00f3fst \u00e1 V"}},"product_brand":[],"product_cat":[83],"product_tag":[],"class_list":{"0":"post-7764","1":"product","2":"type-product","3":"status-publish","4":"has-post-thumbnail","6":"product_cat-books","7":"product_shipping_class-small-en","9":"first","10":"instock","11":"purchasable","12":"product-type-simple"},"_links":{"self":[{"href":"https:\/\/kindart.is\/en\/wp-json\/wp\/v2\/product\/7764","targetHints":{"allow":["GET"]}}],"collection":[{"href":"https:\/\/kindart.is\/en\/wp-json\/wp\/v2\/product"}],"about":[{"href":"https:\/\/kindart.is\/en\/wp-json\/wp\/v2\/types\/product"}],"wp:featuredmedia":[{"embeddable":true,"href":"https:\/\/kindart.is\/en\/wp-json\/wp\/v2\/media\/7763"}],"wp:attachment":[{"href":"https:\/\/kindart.is\/en\/wp-json\/wp\/v2\/media?parent=7764"}],"wp:term":[{"taxonomy":"product_brand","embeddable":true,"href":"https:\/\/kindart.is\/en\/wp-json\/wp\/v2\/product_brand?post=7764"},{"taxonomy":"product_cat","embeddable":true,"href":"https:\/\/kindart.is\/en\/wp-json\/wp\/v2\/product_cat?post=7764"},{"taxonomy":"product_tag","embeddable":true,"href":"https:\/\/kindart.is\/en\/wp-json\/wp\/v2\/product_tag?post=7764"}],"curies":[{"name":"wp","href":"https:\/\/api.w.org\/{rel}","templated":true}]}}